{"id":20154,"date":"2022-05-30T12:22:09","date_gmt":"2022-05-30T12:22:09","guid":{"rendered":"https:\/\/cultivers.es\/abonos\/attivatore-di-biochar\/"},"modified":"2025-09-22T04:37:33","modified_gmt":"2025-09-22T04:37:33","slug":"attivatore-biocarburante","status":"publish","type":"product","link":"https:\/\/cultivers.es\/it\/fertilizzanti\/attivatore-biocarburante\/","title":{"rendered":"Attivatore di biochar"},"content":{"rendered":"<p>CULTIVERS L&#8217;attivatore di biochar \u00e8 stato appositamente progettato per completare il processo di creazione del biochar. Aggiungendo l&#8217;attivatore al biochar ne potenzieremo l&#8217;effetto e il terreno inizier\u00e0 a guarire correttamente. Un biochar ben attivato riuscir\u00e0 a rigenerare il terreno e a creare la ben nota TERRA PRATICA. Riuscirete a creare un terreno fertile e sano per la crescita ottimale delle vostre piante, che si tratti di orto, giardino urbano, alberi o vasi&#8230; Le vostre piante ve ne saranno grate. Rigenera, aumenta la fertilit\u00e0 del suolo. Aumenta l&#8217;aerazione e la produzione vegetale. Migliora la struttura e la consistenza. Regolatore del pH di terreni molto acidi, ne migliora le propriet\u00e0 fisiche e chimiche e ha la capacit\u00e0 di tamponare gli sbalzi di temperatura. Usi e benefici: vasi (piante pi\u00f9 vigorose e aumento della fioritura) | prati (pi\u00f9 verdi con meno acqua). | Orticoltura (pi\u00f9 produzione, meno malattie). | Alberi (migliora la resistenza alle malattie e favorisce la crescita degli alberi). | Compost (accelera il processo di compostaggio, aumenta le sostanze nutritive e i microrganismi) Conserva le sostanze nutritive pi\u00f9 a lungo, favorendo la crescita delle piante. Migliora la ritenzione idrica dei terreni. Elevata capacit\u00e0 di ritenzione idrica, che migliora l&#8217;irrigazione delle radici e permette di catturare e trattenere i nutrienti, riducendo le perdite per lisciviazione. Attiva le difese naturali delle piante migliorando il sistema immunitario. Piante e alberi pi\u00f9 sani. Contribuisce al sequestro del carbonio dall&#8217;atmosfera, poich\u00e9 immagazzina pi\u00f9 di tre volte il suo peso in CO2. Riduzione delle emissioni di gas serra.<\/p>\n","protected":false},"excerpt":{"rendered":"<p>Miscelare con carbone di biochar. Da Cultivers. Potenziatore dell&#8217;effetto del biochar.<\/p>\n<p>Rigenera, aumenta la fertilit\u00e0 del suolo. Aumenta l&#8217;aerazione e la produzione vegetale. Migliora la struttura e la consistenza del suolo.<\/p>\n<p>Regolatore del pH di terreni molto acidi, ne migliora le propriet\u00e0 fisiche e chimiche e ha la capacit\u00e0 di tamponare gli sbalzi di temperatura.<\/p>\n<p>Migliora la ritenzione idrica dei terreni. Elevata capacit\u00e0 di ritenzione idrica, che migliora l&#8217;irrigazione delle radici e consente l&#8217;assorbimento e la ritenzione dei nutrienti, riducendo le perdite per lisciviazione.<\/p>\n<p>Usi e benefici: vasi (piante pi\u00f9 vigorose e aumento della fioritura) | prati (pi\u00f9 verdi con meno acqua). | Orticoltura (pi\u00f9 produzione, meno malattie). | Alberi (migliora la resistenza alle malattie e favorisce la crescita degli alberi). | Compost (accelera il processo di compostaggio, aumenta le sostanze nutritive e i microrganismi) Conserva le sostanze nutritive pi\u00f9 a lungo, favorendo la crescita delle piante.<\/p>\n","protected":false},"featured_media":14826,"comment_status":"open","ping_status":"closed","template":"","meta":{"_acf_changed":false},"product_brand":[],"product_cat":[404],"product_tag":[],"woo-feed-brand":[],"class_list":{"0":"post-20154","1":"product","2":"type-product","3":"status-publish","4":"has-post-thumbnail","6":"product_cat-rigeneratori-del-suolo","8":"first","9":"instock","10":"taxable","11":"shipping-taxable","12":"purchasable","13":"product-type-variable"},"acf":[],"_links":{"self":[{"href":"https:\/\/cultivers.es\/it\/wp-json\/wp\/v2\/product\/20154","targetHints":{"allow":["GET"]}}],"collection":[{"href":"https:\/\/cultivers.es\/it\/wp-json\/wp\/v2\/product"}],"about":[{"href":"https:\/\/cultivers.es\/it\/wp-json\/wp\/v2\/types\/product"}],"replies":[{"embeddable":true,"href":"https:\/\/cultivers.es\/it\/wp-json\/wp\/v2\/comments?post=20154"}],"wp:featuredmedia":[{"embeddable":true,"href":"https:\/\/cultivers.es\/it\/wp-json\/wp\/v2\/media\/14826"}],"wp:attachment":[{"href":"https:\/\/cultivers.es\/it\/wp-json\/wp\/v2\/media?parent=20154"}],"wp:term":[{"taxonomy":"product_brand","embeddable":true,"href":"https:\/\/cultivers.es\/it\/wp-json\/wp\/v2\/product_brand?post=20154"},{"taxonomy":"product_cat","embeddable":true,"href":"https:\/\/cultivers.es\/it\/wp-json\/wp\/v2\/product_cat?post=20154"},{"taxonomy":"product_tag","embeddable":true,"href":"https:\/\/cultivers.es\/it\/wp-json\/wp\/v2\/product_tag?post=20154"},{"taxonomy":"woo-feed-brand","embeddable":true,"href":"https:\/\/cultivers.es\/it\/wp-json\/wp\/v2\/woo-feed-brand?post=20154"}],"curies":[{"name":"wp","href":"https:\/\/api.w.org\/{rel}","templated":true}]}}