{"id":20155,"date":"2022-05-18T18:09:08","date_gmt":"2022-05-18T18:09:08","guid":{"rendered":"https:\/\/cultivers.es\/abonos\/carbone-di-biochar\/"},"modified":"2025-09-22T05:05:27","modified_gmt":"2025-09-22T05:05:27","slug":"biochar","status":"publish","type":"product","link":"https:\/\/cultivers.es\/it\/fertilizzanti\/biochar\/","title":{"rendered":"Carbone di biochar"},"content":{"rendered":"<div id=\"productDescription_feature_div\" class=\"celwidget\" data-feature-name=\"productDescription\" data-csa-c-id=\"ezhmd6-cdq9ug-lytc4t-o24nf9\" data-cel-widget=\"productDescription_feature_div\">\n<div id=\"productDescription_feature_div\" class=\"a-row feature\" data-feature-name=\"productDescription\" data-template-name=\"productDescription\" data-cel-widget=\"productDescription_feature_div\">\n<div id=\"productDescription\" class=\"a-section a-spacing-small\">\n<p>5L = 1kg<br \/>\n20L = 4kg<\/p>\n<p>Vasi: -Trapianto: 15% con un substrato di coltura o collocarlo sul fondo del vaso. -Applicare due cucchiai nella pentola. Colture orticole: mescolare 0,5 l\/m2 Alberi e alberi da frutto: da 3 a 5 l nel fondo della buca di impianto, coprire e innaffiare generosamente. Prato: 0,5 l\/m2 e annaffiare abbondantemente. Compost: Applicare strati sottili sui resti di materia organica. Si consiglia di applicare un attivatore o un humus di vermi.<\/p>\n<\/div>\n<\/div>\n<\/div>\n<div id=\"importantInformation_feature_div\" class=\"celwidget\" data-feature-name=\"importantInformation\" data-csa-c-id=\"axi35v-jtisgk-4nbqoz-1n98yu\" data-cel-widget=\"importantInformation_feature_div\"><\/div>\n<div id=\"postPurchaseWhatsInTheBox_feature_div\" class=\"celwidget\" data-feature-name=\"postPurchaseWhatsInTheBox\" data-csa-c-id=\"xto9uh-h4nybg-km2bdp-vij110\" data-cel-widget=\"postPurchaseWhatsInTheBox_feature_div\"><\/div>\n<div id=\"ask-dp-search_feature_div\" class=\"celwidget\" data-feature-name=\"ask-dp-search\" data-csa-c-id=\"pah4u9-uo94l3-tjd60x-4jcn9y\" data-cel-widget=\"ask-dp-search_feature_div\">\n<div id=\"ask-dp-search_feature_div\">\n<div id=\"ask-dp-search_feature_div\"><\/div>\n<\/div>\n<\/div>\n<div id=\"aplusBrandStory_feature_div\" class=\"celwidget\" data-feature-name=\"aplusBrandStory\" data-csa-c-id=\"1kyvpe-okkfhg-1cdqvg-g07ruz\" data-cel-widget=\"aplusBrandStory_feature_div\"><\/div>\n<div id=\"aplus_feature_div\" class=\"celwidget\" data-feature-name=\"aplus\" data-csa-c-id=\"c2arzf-c38nle-mnz4is-uhrnbm\" data-cel-widget=\"aplus_feature_div\"><\/div>\n<div id=\"aplus3p_feature_div\" class=\"celwidget\" data-feature-name=\"aplus3p\" data-csa-c-id=\"2vabn1-7u2m7q-o3uqny-9ocv68\" data-cel-widget=\"aplus3p_feature_div\"><\/div>\n<div id=\"aplusSustainabilityStory_feature_div\" class=\"celwidget\" data-feature-name=\"aplusSustainabilityStory\" data-csa-c-id=\"w96eio-r83m23-bz781z-cbwlos\" data-cel-widget=\"aplusSustainabilityStory_feature_div\"><\/div>\n<div id=\"similarities_feature_div\" class=\"celwidget\" data-feature-name=\"similarities\" data-csa-c-id=\"26y137-q2wmb2-ee5plh-v0uqyt\" data-cel-widget=\"similarities_feature_div\">\n<div id=\"sims-consolidated-4_feature_div\">\n<div id=\"sims-consolidated-4_feature_div\">\n<div class=\"celwidget\" data-csa-c-id=\"o9bzme-fq8bgh-gjy2c6-unszs4\" data-cel-widget=\"sims-consolidated-4_csm_instrumentation_wrapper\">\n<div id=\"DPSims_3_container\">\n<div class=\"widget-html-container\">\n<div class=\"celwidget pd_rd_w-c8wsg pf_rd_p-267a9283-8a0a-4df3-ae99-40c15c0bdc9b pf_rd_r-KQ2GNF4EZZSPFNJWDNP3 pd_rd_r-329a87f6-0630-4f6a-955e-cb2c3c052e72 pd_rd_wg-xdm5R c-f\" data-csa-c-content-id=\"amzn1.sym.267a9283-8a0a-4df3-ae99-40c15c0bdc9b\" data-csa-c-slot-id=\"sims-container-4\" data-csa-c-type=\"widget\" data-csa-c-painter=\"p13n-desktop-carousel-cards\" data-csa-c-id=\"gk19c2-fhw6t2-lz29vf-dpxaxh\" data-cel-widget=\"p13n-desktop-carousel_DPSims_3\"><\/div>\n<\/div>\n<\/div>\n<\/div>\n<\/div>\n<\/div>\n<\/div>\n","protected":false},"excerpt":{"rendered":"<div id=\"featurebullets_feature_div\" class=\"celwidget\" data-feature-name=\"featurebullets\" data-csa-c-id=\"tzkycp-t13hee-jwh7qz-h60kwq\" data-cel-widget=\"featurebullets_feature_div\">\n<div id=\"feature-bullets\" class=\"a-section a-spacing-medium a-spacing-top-small\">\n<ul class=\"a-unordered-list a-vertical a-spacing-mini\">\n<li><span class=\"a-list-item\">Rigenera, aumenta la fertilit\u00e0 del suolo. Aumenta l&#8217;aerazione e la produzione vegetale. Migliora la struttura e la consistenza. Regolatore del pH di terreni molto acidi, ne migliora le propriet\u00e0 fisiche e chimiche e ha la capacit\u00e0 di tamponare gli sbalzi di temperatura.<\/span><\/li>\n<li><span class=\"a-list-item\">Usi e benefici: vasi (piante pi\u00f9 vigorose e aumento della fioritura) | prati (pi\u00f9 verdi con meno acqua). | Orticoltura (pi\u00f9 produzione, meno malattie). | Alberi (migliora la resistenza alle malattie e favorisce la crescita degli alberi). | Compost (accelera il processo di compostaggio, aumenta i nutrienti e i microrganismi)<\/span><\/li>\n<li><span class=\"a-list-item\">Trattiene le sostanze nutritive pi\u00f9 a lungo, favorendo la crescita delle piante. Migliora la ritenzione idrica dei terreni. Il biochar ha un&#8217;elevata capacit\u00e0 di ritenzione idrica, che migliora l&#8217;irrigazione delle radici e permette di catturare e trattenere i nutrienti, riducendo le perdite per lisciviazione.<\/span><\/li>\n<li><span class=\"a-list-item\">Attiva le difese naturali delle piante migliorando il sistema immunitario. Piante e alberi pi\u00f9 sani.<\/span><\/li>\n<li><span class=\"a-list-item\">Il biochar contribuisce al sequestro di carbonio nell&#8217;atmosfera, poich\u00e9 immagazzina pi\u00f9 di tre volte il suo peso in CO\u2082, quindi per ogni chilo di biochar vengono sequestrati pi\u00f9 di 3 chili di CO\u2082. Riduzione delle emissioni di gas serra.<\/span><\/li>\n<\/ul>\n<\/div>\n<\/div>\n<div id=\"provenanceCertifications_feature_div\" class=\"celwidget\" data-feature-name=\"provenanceCertifications\" data-csa-c-id=\"q6a46x-azrfqv-lcib9z-d00a5w\" data-cel-widget=\"provenanceCertifications_feature_div\"><\/div>\n<div id=\"bissProductSpecification_feature_div\" class=\"celwidget\" data-feature-name=\"bissProductSpecification\" data-csa-c-id=\"nudoqz-yervrd-btspom-jqqjaa\" data-cel-widget=\"bissProductSpecification_feature_div\"><\/div>\n","protected":false},"featured_media":14811,"comment_status":"open","ping_status":"closed","template":"","meta":{"_acf_changed":false},"product_brand":[],"product_cat":[605,627,362,346,404],"product_tag":[],"class_list":{"0":"post-20155","1":"product","2":"type-product","3":"status-publish","4":"has-post-thumbnail","6":"product_cat-frutteto","7":"product_cat-piante-da-interno","8":"product_cat-pomodori","9":"product_cat-prato","10":"product_cat-rigeneratori-del-suolo","12":"first","13":"instock","14":"taxable","15":"shipping-taxable","16":"purchasable","17":"product-type-variable"},"acf":[],"_links":{"self":[{"href":"https:\/\/cultivers.es\/it\/wp-json\/wp\/v2\/product\/20155","targetHints":{"allow":["GET"]}}],"collection":[{"href":"https:\/\/cultivers.es\/it\/wp-json\/wp\/v2\/product"}],"about":[{"href":"https:\/\/cultivers.es\/it\/wp-json\/wp\/v2\/types\/product"}],"replies":[{"embeddable":true,"href":"https:\/\/cultivers.es\/it\/wp-json\/wp\/v2\/comments?post=20155"}],"wp:featuredmedia":[{"embeddable":true,"href":"https:\/\/cultivers.es\/it\/wp-json\/wp\/v2\/media\/14811"}],"wp:attachment":[{"href":"https:\/\/cultivers.es\/it\/wp-json\/wp\/v2\/media?parent=20155"}],"wp:term":[{"taxonomy":"product_brand","embeddable":true,"href":"https:\/\/cultivers.es\/it\/wp-json\/wp\/v2\/product_brand?post=20155"},{"taxonomy":"product_cat","embeddable":true,"href":"https:\/\/cultivers.es\/it\/wp-json\/wp\/v2\/product_cat?post=20155"},{"taxonomy":"product_tag","embeddable":true,"href":"https:\/\/cultivers.es\/it\/wp-json\/wp\/v2\/product_tag?post=20155"}],"curies":[{"name":"wp","href":"https:\/\/api.w.org\/{rel}","templated":true}]}}