{"id":20233,"date":"2022-04-08T08:13:46","date_gmt":"2022-04-08T08:13:46","guid":{"rendered":"https:\/\/cultivers.es\/abonos\/prima\/"},"modified":"2025-09-22T05:31:38","modified_gmt":"2025-09-22T05:31:38","slug":"prima","status":"publish","type":"product","link":"https:\/\/cultivers.es\/it\/fertilizzanti\/prima\/","title":{"rendered":"Prima"},"content":{"rendered":"<p class=\"fusion-responsive-typography-calculated\" data-fontsize=\"28\" data-lineheight=\"35.28px\">Formulazione biotecnologica della fermentazione, che riduce l&#8217;impatto di diversi fattori biotici.<\/p>\n<p>Prodotto di fermentazione biotecnologica formulato con rame, manganese e zinco.<\/p>\n<p>Aumenta le difese delle colture. Adatto per alberi da frutto, ortaggi, viti, agrumi, riso, ulivi, fragole, ecc&#8230; Riduce l&#8217;impatto causato da oidio, botrite, piricularia, antracnosi, Alternaria, Repilo, Phytophthora.<\/p>\n<p>\u00c8 adatto per applicazioni in ambienti ad alta umidit\u00e0, variet\u00e0 sensibili e malattie persistenti.<\/p>\n<p>Nessuna scadenza di sicurezza, rispetta la fauna ausiliaria e gli impollinatori. Fa parte dei programmi di lotta integrata e di produzione biologica, riducendo il numero totale di sostanze attive utilizzate e il rischio di resistenza.<\/p>\n","protected":false},"excerpt":{"rendered":"<p class=\"fusion-responsive-typography-calculated\" data-fontsize=\"28\" data-lineheight=\"35.28px\">Formulazione biotecnologica della fermentazione, che riduce l&#8217;impatto di diversi fattori biotici.<\/p>\n<p>Prodotto di fermentazione biotecnologica formulato con rame, manganese e zinco.<\/p>\n<p>Aumenta le difese delle colture. Adatto per alberi da frutto, ortaggi, viti, agrumi, riso, ulivi, fragole, ecc&#8230; Riduce l&#8217;impatto causato da oidio, botrite, piricularia, antracnosi, Alternaria, Repilo, Phytophthora.<\/p>\n<p>\u00c8 adatto per applicazioni in ambienti ad alta umidit\u00e0, variet\u00e0 sensibili e malattie persistenti.<\/p>\n<p>Nessuna scadenza di sicurezza, rispetta la fauna ausiliaria e gli impollinatori. Fa parte dei programmi di lotta integrata e di produzione biologica, riducendo il numero totale di sostanze attive utilizzate e il rischio di resistenza.<\/p>\n","protected":false},"featured_media":29245,"comment_status":"open","ping_status":"closed","template":"","meta":{"_acf_changed":false},"product_brand":[],"product_cat":[348],"product_tag":[],"class_list":{"0":"post-20233","1":"product","2":"type-product","3":"status-publish","4":"has-post-thumbnail","6":"product_cat-giardinaggio-biologico-professionale","8":"first","9":"instock","10":"taxable","11":"shipping-taxable","12":"purchasable","13":"product-type-variable"},"acf":[],"_links":{"self":[{"href":"https:\/\/cultivers.es\/it\/wp-json\/wp\/v2\/product\/20233","targetHints":{"allow":["GET"]}}],"collection":[{"href":"https:\/\/cultivers.es\/it\/wp-json\/wp\/v2\/product"}],"about":[{"href":"https:\/\/cultivers.es\/it\/wp-json\/wp\/v2\/types\/product"}],"replies":[{"embeddable":true,"href":"https:\/\/cultivers.es\/it\/wp-json\/wp\/v2\/comments?post=20233"}],"wp:featuredmedia":[{"embeddable":true,"href":"https:\/\/cultivers.es\/it\/wp-json\/wp\/v2\/media\/29245"}],"wp:attachment":[{"href":"https:\/\/cultivers.es\/it\/wp-json\/wp\/v2\/media?parent=20233"}],"wp:term":[{"taxonomy":"product_brand","embeddable":true,"href":"https:\/\/cultivers.es\/it\/wp-json\/wp\/v2\/product_brand?post=20233"},{"taxonomy":"product_cat","embeddable":true,"href":"https:\/\/cultivers.es\/it\/wp-json\/wp\/v2\/product_cat?post=20233"},{"taxonomy":"product_tag","embeddable":true,"href":"https:\/\/cultivers.es\/it\/wp-json\/wp\/v2\/product_tag?post=20233"}],"curies":[{"name":"wp","href":"https:\/\/api.w.org\/{rel}","templated":true}]}}