{"id":20245,"date":"2022-03-31T12:04:30","date_gmt":"2022-03-31T12:04:30","guid":{"rendered":"https:\/\/cultivers.es\/abonos\/fosfato-in-bigbag-e-sacchi-da-20-kg-su-pallet\/"},"modified":"2025-09-22T05:20:02","modified_gmt":"2025-09-22T05:20:02","slug":"roccia-fosforica-in-sacchi-grandi-e-sacchi-da-20-kg-in-pallet","status":"publish","type":"product","link":"https:\/\/cultivers.es\/it\/fertilizzanti\/roccia-fosforica-in-sacchi-grandi-e-sacchi-da-20-kg-in-pallet\/","title":{"rendered":"Fosfato in bigbag e sacchi da 20 kg su pallet"},"content":{"rendered":"<p>Il <strong>fosfato di roccia<\/strong> \u00e8 una fonte naturale di fosforo, un nutriente essenziale che svolge un ruolo chiave nello sviluppo strutturale delle piante. Questo concime fornisce il fosforo necessario per stimolare una fioritura vigorosa, migliorare la qualit\u00e0 dei semi e dei frutti e promuovere la formazione di radici abbondanti. Un apparato radicale ben sviluppato permette alla pianta di esplorare il terreno in modo efficiente, massimizzando l&#8217;assorbimento di acqua e nutrienti e migliorando la produttivit\u00e0 delle colture.  <\/p>\n<p>Il fosforo \u00e8 inoltre fondamentale per la formazione dei tessuti vascolari, essenziali per il trasporto di nutrienti e acqua all&#8217;interno della pianta, costituendo una solida base per una crescita sana. La carenza di fosforo pu\u00f2 limitare fortemente la resa delle colture, quindi l&#8217;applicazione di fosfato naturale \u00e8 fondamentale per garantire che le piante ricevano le quantit\u00e0 necessarie per uno sviluppo ottimale e un&#8217;elevata produttivit\u00e0. <\/p>\n","protected":false},"excerpt":{"rendered":"<div id=\"featurebullets_feature_div\" class=\"celwidget\" data-feature-name=\"featurebullets\" data-csa-c-id=\"4ahyyv-sy679s-xptg3o-ds6j40\">\n<div id=\"feature-bullets\" class=\"a-section a-spacing-medium a-spacing-top-small\">\n<ul class=\"a-unordered-list a-vertical a-spacing-mini\">\n<li><strong>Fonte ecologica di fosforo<\/strong>: La roccia fosfatica \u00e8 un&#8217;opzione naturale al 100% che fornisce fosforo in modo sostenibile, ideale per le pratiche agricole ecologiche.<\/li>\n<li><strong>Rafforza l&#8217;apparato radicale<\/strong>: questo fertilizzante naturale aiuta a sviluppare radici pi\u00f9 forti e profonde, ottimizzando l&#8217;assorbimento di nutrienti e acqua dal terreno.<\/li>\n<li><strong>Promuove la crescita e la produzione di frutti<\/strong>: il suo utilizzo stimola una fioritura robusta e favorisce lo sviluppo dei frutti in colture ad alto rendimento come gli alberi da frutto e gli agrumi.<\/li>\n<li><strong>Aumenta la struttura e la resistenza delle piante<\/strong>: il fosforo migliora la formazione dei tessuti vascolari, essenziali per il trasporto efficiente dei nutrienti all&#8217;interno della pianta, migliorando la crescita e la resistenza.<\/li>\n<li><strong>Alternativa sostenibile al fosforo convenzionale<\/strong>: il fosfato naturale offre un apporto di fosforo a rilascio graduale, che lo rende un&#8217;opzione agronomica efficace ed ecologica per massimizzare la resa delle colture.<\/li>\n<li>\n<\/li>\n<\/ul>\n<\/div>\n<\/div>\n","protected":false},"featured_media":14721,"comment_status":"open","ping_status":"closed","template":"","meta":{"_acf_changed":false},"product_brand":[],"product_cat":[348,779],"product_tag":[],"woo-feed-brand":[],"class_list":{"0":"post-20245","1":"product","2":"type-product","3":"status-publish","4":"has-post-thumbnail","6":"product_cat-giardinaggio-biologico-professionale","7":"product_cat-sacas-it","9":"first","10":"instock","11":"taxable","12":"shipping-taxable","13":"purchasable","14":"product-type-variable"},"acf":[],"_links":{"self":[{"href":"https:\/\/cultivers.es\/it\/wp-json\/wp\/v2\/product\/20245","targetHints":{"allow":["GET"]}}],"collection":[{"href":"https:\/\/cultivers.es\/it\/wp-json\/wp\/v2\/product"}],"about":[{"href":"https:\/\/cultivers.es\/it\/wp-json\/wp\/v2\/types\/product"}],"replies":[{"embeddable":true,"href":"https:\/\/cultivers.es\/it\/wp-json\/wp\/v2\/comments?post=20245"}],"wp:featuredmedia":[{"embeddable":true,"href":"https:\/\/cultivers.es\/it\/wp-json\/wp\/v2\/media\/14721"}],"wp:attachment":[{"href":"https:\/\/cultivers.es\/it\/wp-json\/wp\/v2\/media?parent=20245"}],"wp:term":[{"taxonomy":"product_brand","embeddable":true,"href":"https:\/\/cultivers.es\/it\/wp-json\/wp\/v2\/product_brand?post=20245"},{"taxonomy":"product_cat","embeddable":true,"href":"https:\/\/cultivers.es\/it\/wp-json\/wp\/v2\/product_cat?post=20245"},{"taxonomy":"product_tag","embeddable":true,"href":"https:\/\/cultivers.es\/it\/wp-json\/wp\/v2\/product_tag?post=20245"},{"taxonomy":"woo-feed-brand","embeddable":true,"href":"https:\/\/cultivers.es\/it\/wp-json\/wp\/v2\/woo-feed-brand?post=20245"}],"curies":[{"name":"wp","href":"https:\/\/api.w.org\/{rel}","templated":true}]}}