{"id":20255,"date":"2022-04-05T09:52:18","date_gmt":"2022-04-05T09:52:18","guid":{"rendered":"https:\/\/cultivers.es\/abonos\/humus-liquido-per-la-colata-dei-vermi-serbatoio-da-1000-litri-e-barattoli-da-20-litri-su-pallet\/"},"modified":"2026-04-01T20:14:18","modified_gmt":"2026-04-01T20:14:18","slug":"verme-humus-liquido-deposito-1000l-e-20l-garrafa-su-pallet","status":"publish","type":"product","link":"https:\/\/cultivers.es\/it\/fertilizzanti\/verme-humus-liquido-deposito-1000l-e-20l-garrafa-su-pallet\/","title":{"rendered":"Humus liquido per la colata dei vermi Serbatoio da 1000 litri e barattoli da 20 litri su pallet"},"content":{"rendered":"<p>L&#8217;<strong>humus liquido di lombrico<\/strong> \u00e8 un fertilizzante organico di alta qualit\u00e0 ottenuto grazie alla stabilizzazione della materia organica da parte dei lombrichi della specie <em>Eisenia foetida<\/em>. Questo humus liquido \u00e8 arricchito con fitormoni naturali, che agiscono come regolatori della crescita delle piante, promuovendone uno sviluppo sano ed equilibrato. <\/p>\n<p>Grazie alla sua alta densit\u00e0 di microrganismi (1 grammo ne contiene circa 2 miliardi), l&#8217;humus di vermi ristabilisce rapidamente la vita microbica nel terreno, migliorandone la struttura, l&#8217;aerazione e la capacit\u00e0 di trattenere l&#8217;umidit\u00e0. Questo fertilizzante organico \u00e8 ideale per qualsiasi tipo di terreno grazie al suo pH neutro e alla sua formulazione priva di Salmonella, <em>Escherichia coli<\/em> e metalli pesanti. <\/p>\n<p>L&#8217;applicazione continua di humus liquido di vermi migliora le propriet\u00e0 del suolo, aumentando la qualit\u00e0 e la resa delle colture. La sua elevata attivit\u00e0 microbica contribuisce a una crescita vigorosa delle piante ed esercita un effetto soppressivo contro i nematodi e altri patogeni delle piante. Inoltre, questo humus ha la capacit\u00e0 di modificare la disponibilit\u00e0 di metalli pesanti e di degradare i pesticidi, facilitando la rigenerazione dei terreni degradati e promuovendo un ambiente di coltivazione sano.  <\/p>\n","protected":false},"excerpt":{"rendered":"<div id=\"featurebullets_feature_div\" class=\"celwidget\" data-feature-name=\"featurebullets\" data-csa-c-id=\"245fnw-2te75m-sv0udn-eq9t1v\" data-cel-widget=\"featurebullets_feature_div\">\n<div id=\"feature-bullets\" class=\"a-section a-spacing-medium a-spacing-top-small\">\n<ul class=\"a-unordered-list a-vertical a-spacing-mini\">\n<li><strong>Humus di vermi 100% biologico e certificato<\/strong>: prodotto di alta qualit\u00e0, registrato Sohiscert CV237PAE-07, ideale per l&#8217;agricoltura biologica.<\/li>\n<li><strong>Stimolatore delle radici e dell&#8217;assorbimento dei nutrienti<\/strong>: Promuove lo sviluppo di radici forti, migliorando la capacit\u00e0 della pianta di assorbire i nutrienti essenziali.<\/li>\n<li><strong>Versatile per tutti i tipi di terreno<\/strong>: il suo pH neutro lo rende adatto a qualsiasi terreno, fornendo materia organica che arricchisce la qualit\u00e0 del substrato.<\/li>\n<li><strong>Aumenta la qualit\u00e0 e la produttivit\u00e0<\/strong>: aumenta la qualit\u00e0 e la resa delle colture, offrendo un apporto costante di sostanze nutritive grazie alla sua rapida mineralizzazione.<\/li>\n<li><strong>Basso rapporto C\/N per un rilascio efficiente<\/strong>: grazie al basso rapporto carbonio\/azoto, garantisce una rapida disponibilit\u00e0 dei nutrienti, favorendo una crescita sana delle piante.<\/li>\n<\/ul>\n<\/div>\n<\/div>\n<div id=\"customerReviewsAttribute_feature_div\" class=\"celwidget\" data-feature-name=\"customerReviewsAttribute\" data-csa-c-id=\"gms01g-hds0gw-ttj0o5-amotg8\" data-cel-widget=\"customerReviewsAttribute_feature_div\"><\/div>\n<div id=\"addOnItem_feature_div\" class=\"celwidget\" data-feature-name=\"addOnItem\" data-csa-c-id=\"sjbsfd-ae4hfa-ywtuny-kelnhg\" data-cel-widget=\"addOnItem_feature_div\"><\/div>\n<div id=\"andonCord_feature_div\" class=\"celwidget\" data-feature-name=\"andonCord\" data-csa-c-id=\"vkqi6k-olw88z-eqvebc-9slw0y\" data-cel-widget=\"andonCord_feature_div\"><\/div>\n<div id=\"HLCXComparisonJumplink_feature_div\"><\/div>\n","protected":false},"featured_media":14701,"comment_status":"open","ping_status":"closed","template":"","meta":{"_acf_changed":false},"product_brand":[],"product_cat":[348,779],"product_tag":[],"woo-feed-brand":[],"class_list":{"0":"post-20255","1":"product","2":"type-product","3":"status-publish","4":"has-post-thumbnail","6":"product_cat-giardinaggio-biologico-professionale","7":"product_cat-sacas-it","9":"first","10":"instock","11":"taxable","12":"shipping-taxable","13":"purchasable","14":"product-type-variable"},"acf":[],"_links":{"self":[{"href":"https:\/\/cultivers.es\/it\/wp-json\/wp\/v2\/product\/20255","targetHints":{"allow":["GET"]}}],"collection":[{"href":"https:\/\/cultivers.es\/it\/wp-json\/wp\/v2\/product"}],"about":[{"href":"https:\/\/cultivers.es\/it\/wp-json\/wp\/v2\/types\/product"}],"replies":[{"embeddable":true,"href":"https:\/\/cultivers.es\/it\/wp-json\/wp\/v2\/comments?post=20255"}],"wp:featuredmedia":[{"embeddable":true,"href":"https:\/\/cultivers.es\/it\/wp-json\/wp\/v2\/media\/14701"}],"wp:attachment":[{"href":"https:\/\/cultivers.es\/it\/wp-json\/wp\/v2\/media?parent=20255"}],"wp:term":[{"taxonomy":"product_brand","embeddable":true,"href":"https:\/\/cultivers.es\/it\/wp-json\/wp\/v2\/product_brand?post=20255"},{"taxonomy":"product_cat","embeddable":true,"href":"https:\/\/cultivers.es\/it\/wp-json\/wp\/v2\/product_cat?post=20255"},{"taxonomy":"product_tag","embeddable":true,"href":"https:\/\/cultivers.es\/it\/wp-json\/wp\/v2\/product_tag?post=20255"},{"taxonomy":"woo-feed-brand","embeddable":true,"href":"https:\/\/cultivers.es\/it\/wp-json\/wp\/v2\/woo-feed-brand?post=20255"}],"curies":[{"name":"wp","href":"https:\/\/api.w.org\/{rel}","templated":true}]}}