{"id":20424,"date":"2022-03-31T12:00:58","date_gmt":"2022-03-31T12:00:58","guid":{"rendered":"https:\/\/cultivers.es\/abonos\/farina-di-roccia-polvere-di-basalto-bigbag-e-sacchi-da-20-kg-su-pallet\/"},"modified":"2025-09-22T05:04:32","modified_gmt":"2025-09-22T05:04:32","slug":"polvere-rock-polvere-farina-bigbag-e-20kg-sacchetti-in-pallet","status":"publish","type":"product","link":"https:\/\/cultivers.es\/it\/fertilizzanti\/polvere-rock-polvere-farina-bigbag-e-20kg-sacchetti-in-pallet\/","title":{"rendered":"Farina di roccia. Polvere di basalto Bigbag e sacchi da 20 kg su pallet"},"content":{"rendered":"<p><strong>Farina di roccia per piante e colture: nutrimento minerale di lunga durata<br \/>\n<\/strong>La farina di roccia, in particolare il basalto, \u00e8 una risorsa naturale di origine vulcanica molto apprezzata in agricoltura convenzionale e biologica per la sua ricchezza di minerali essenziali come silice, calcio, magnesio e ferro. La sua applicazione regolare a terreni poveri aumenta in modo significativo la capacit\u00e0 di scambio cationico, ottimizzando la ritenzione e la disponibilit\u00e0 dei nutrienti per le piante. <\/p>\n<p>In condizioni di forti piogge e lisciviazione, i minerali della farina di roccia vengono rilasciati gradualmente, consentendo loro di rimanere nel terreno pi\u00f9 a lungo e di essere assorbiti dalle piante quando sono pi\u00f9 necessari. Questo fertilizzante minerale favorisce un terreno pi\u00f9 equilibrato e fertile, aiutando a rafforzare le piante contro le condizioni climatiche avverse e migliorando la qualit\u00e0 e la produttivit\u00e0 dei raccolti. <\/p>\n","protected":false},"excerpt":{"rendered":"<ul>\n<li><strong>Polvere di basalto ricca di silicio<\/strong>: fertilizzante naturale che fornisce silicio e microelementi essenziali per tutti i tipi di piante.<\/li>\n<li><strong>Roccia ignea vulcanica<\/strong>: la polvere di basalto contiene silice, calcio, magnesio e ferro ed \u00e8 adatta sia all&#8217;agricoltura convenzionale che a quella biologica.<\/li>\n<li><strong>Ideale per i terreni poveri<\/strong>: l&#8217;applicazione regolare di farina di roccia migliora la capacit\u00e0 di scambio cationico e ottimizza la ritenzione dei nutrienti nel terreno.<\/li>\n<li><strong>Corregge le tossicit\u00e0 del suolo<\/strong>: aiuta a ridurre le tossicit\u00e0 causate da un eccesso di alluminio, ferro o manganese, favorendo un equilibrio sano per le piante.<\/li>\n<\/ul>\n","protected":false},"featured_media":14746,"comment_status":"open","ping_status":"closed","template":"","meta":{"_acf_changed":false},"product_brand":[],"product_cat":[348,779],"product_tag":[],"woo-feed-brand":[],"class_list":{"0":"post-20424","1":"product","2":"type-product","3":"status-publish","4":"has-post-thumbnail","6":"product_cat-giardinaggio-biologico-professionale","7":"product_cat-sacas-it","9":"first","10":"instock","11":"taxable","12":"shipping-taxable","13":"purchasable","14":"product-type-variable"},"acf":[],"_links":{"self":[{"href":"https:\/\/cultivers.es\/it\/wp-json\/wp\/v2\/product\/20424","targetHints":{"allow":["GET"]}}],"collection":[{"href":"https:\/\/cultivers.es\/it\/wp-json\/wp\/v2\/product"}],"about":[{"href":"https:\/\/cultivers.es\/it\/wp-json\/wp\/v2\/types\/product"}],"replies":[{"embeddable":true,"href":"https:\/\/cultivers.es\/it\/wp-json\/wp\/v2\/comments?post=20424"}],"wp:featuredmedia":[{"embeddable":true,"href":"https:\/\/cultivers.es\/it\/wp-json\/wp\/v2\/media\/14746"}],"wp:attachment":[{"href":"https:\/\/cultivers.es\/it\/wp-json\/wp\/v2\/media?parent=20424"}],"wp:term":[{"taxonomy":"product_brand","embeddable":true,"href":"https:\/\/cultivers.es\/it\/wp-json\/wp\/v2\/product_brand?post=20424"},{"taxonomy":"product_cat","embeddable":true,"href":"https:\/\/cultivers.es\/it\/wp-json\/wp\/v2\/product_cat?post=20424"},{"taxonomy":"product_tag","embeddable":true,"href":"https:\/\/cultivers.es\/it\/wp-json\/wp\/v2\/product_tag?post=20424"},{"taxonomy":"woo-feed-brand","embeddable":true,"href":"https:\/\/cultivers.es\/it\/wp-json\/wp\/v2\/woo-feed-brand?post=20424"}],"curies":[{"name":"wp","href":"https:\/\/api.w.org\/{rel}","templated":true}]}}