{"id":20427,"date":"2022-03-31T12:04:29","date_gmt":"2022-03-31T12:04:29","guid":{"rendered":"https:\/\/cultivers.es\/abonos\/sacchi-di-sangue-bigbag-e-da-25-kg-su-pallet\/"},"modified":"2025-09-22T05:19:06","modified_gmt":"2025-09-22T05:19:06","slug":"farina-di-sangue-bigbag-e-25kg-bags-on-pallet","status":"publish","type":"product","link":"https:\/\/cultivers.es\/it\/fertilizzanti\/farina-di-sangue-bigbag-e-25kg-bags-on-pallet\/","title":{"rendered":"Sacchi di sangue Bigbag e da 25 kg su pallet"},"content":{"rendered":"<div id=\"dpx-product-description_feature_div\">\n<div class=\"celwidget\" data-csa-c-id=\"mdcyhe-ls0iz6-ohfoul-lrk501\">\n<div id=\"descriptionAndDetails\" class=\"a-section a-spacing-extra-large\">\n<div id=\"productDescription_feature_div\" class=\"celwidget\" data-feature-name=\"productDescription\" data-csa-c-id=\"e9phv9-53ceub-yamamk-mh29o4\">\n<div>\n<div id=\"productDescription_feature_div\" class=\"a-row feature\" data-feature-name=\"productDescription\" data-template-name=\"productDescription\">\n<div id=\"productDescription\" class=\"a-section a-spacing-small\"><\/div>\n<\/div>\n<\/div>\n<\/div>\n<\/div>\n<\/div>\n<\/div>\n<div id=\"dpx-aplus-sustainability-story_feature_div\">\n<div class=\"celwidget\" data-csa-c-id=\"o1xnc8-4310n8-y4abaz-z38w6j\">\n<div id=\"aplusSustainabilityStory_feature_div\" class=\"celwidget\" data-feature-name=\"aplusSustainabilityStory\" data-csa-c-id=\"i4vhbq-shwdvw-8ckiob-xkws1w\">\n<p>La <strong>farina di sangue<\/strong> \u00e8 un fertilizzante organico ad alto contenuto di azoto, ottenuto da sottoprodotti di origine animale, ed \u00e8 ideale per stimolare la crescita delle colture nelle fasi pi\u00f9 difficili. L&#8217;azoto \u00e8 essenziale nelle piante, in quanto fa parte di composti ad alto peso molecolare come le proteine e gli acidi nucleici, necessari per uno sviluppo ottimale. La mancanza di questo elemento pu\u00f2 limitare la produzione, causando clorosi nelle foglie mature e una riduzione della biomassa.  <\/p>\n<p>L&#8217;applicazione di farina di sangue aumenta il tasso di fotosintesi, fornendo l&#8217;azoto di cui le piante hanno bisogno nei momenti critici della crescita. Questo concime si distingue per la sua formulazione stabile: i suoi nutrienti non vengono dilavati dalla pioggia o da annaffiature prolungate, riducendo cos\u00ec al minimo la perdita di materiale nutritivo ed evitando la contaminazione delle falde acquifere. La sua incorporazione viene solitamente effettuata direttamente sul terreno, con un leggero lavoro di interramento per garantire un assorbimento efficiente.  <\/p>\n<\/div>\n<\/div>\n<\/div>\n<div id=\"dpx-default-important-information_feature_div\">\n<div class=\"celwidget\" data-csa-c-id=\"cesrqi-bsdurj-22ls72-sjkbqf\">\n<div id=\"importantInformation_feature_div\" class=\"celwidget\" data-feature-name=\"importantInformation\" data-csa-c-id=\"e94z17-jnr5y3-cxktrs-vz7zuf\"><\/div>\n<\/div>\n<\/div>\n<div id=\"sims-consolidated-4_feature_div\">\n<div class=\"celwidget\" data-csa-c-id=\"8frqmh-2ewatn-o3u45d-xh0b75\">\n<div class=\"celwidget pd_rd_w-DRblN pf_rd_p-dcd633b7-cb38-4615-862b-a9bd1fbbb388 pf_rd_r-PFPFAB15HQGYYVMZE8X6 pd_rd_r-6a5163c9-d8be-4e3f-8219-5f4d867f39d5 pd_rd_wg-WDKgq c-f\" data-csa-c-content-id=\"amzn1.sym.dcd633b7-cb38-4615-862b-a9bd1fbbb388\" data-csa-c-slot-id=\"sims-container-4\" data-csa-c-type=\"widget\" data-csa-c-painter=\"p13n-desktop-carousel-cards\" data-csa-c-id=\"1kqu96-te1og-kl38mc-s07hw7\"><\/div>\n<\/div>\n<\/div>\n","protected":false},"excerpt":{"rendered":"<div id=\"featurebullets_feature_div\" class=\"celwidget\" data-feature-name=\"featurebullets\" data-csa-c-id=\"5x5wfr-fvdurm-nwghkk-ji2r82\">\n<div id=\"feature-bullets\" class=\"a-section a-spacing-medium a-spacing-top-small\">\n<ul class=\"a-unordered-list a-vertical a-spacing-mini\">\n<li><strong>Concime organico ricco di azoto<\/strong>: a base di farina di sangue, offre un apporto naturale e altamente concentrato di azoto, essenziale per lo sviluppo delle colture.<\/li>\n<li><strong>Apporto rapido ed equilibrato<\/strong>: la sua applicazione assicura una disponibilit\u00e0 immediata di azoto, favorendo una crescita costante ed equilibrata in tutti gli stadi della pianta.<\/li>\n<li><strong>Rilascio graduale di nutrienti<\/strong>: I nutrienti vengono rilasciati lentamente, coprendo le esigenze della pianta durante il suo ciclo di sviluppo ed evitando picchi di approvvigionamento.<\/li>\n<li><strong>Prodotto 100% biologico certificato<\/strong>: approvato dal CAEE con il numero di registrazione 26172, rispetta gli standard dell&#8217;agricoltura biologica.<\/li>\n<li><strong>Riduce al minimo le perdite e previene la contaminazione<\/strong>: la sua formulazione impedisce all&#8217;azoto di essere dilavato dalla pioggia o dall&#8217;irrigazione pesante, riducendo le perdite di nutrienti e proteggendo le falde acquifere.<\/li>\n<\/ul>\n<\/div>\n<\/div>\n","protected":false},"featured_media":14706,"comment_status":"open","ping_status":"closed","template":"","meta":{"_acf_changed":false},"product_brand":[],"product_cat":[348,779],"product_tag":[],"woo-feed-brand":[],"class_list":{"0":"post-20427","1":"product","2":"type-product","3":"status-publish","4":"has-post-thumbnail","6":"product_cat-giardinaggio-biologico-professionale","7":"product_cat-sacas-it","9":"first","10":"outofstock","11":"taxable","12":"shipping-taxable","13":"purchasable","14":"product-type-variable"},"acf":[],"_links":{"self":[{"href":"https:\/\/cultivers.es\/it\/wp-json\/wp\/v2\/product\/20427","targetHints":{"allow":["GET"]}}],"collection":[{"href":"https:\/\/cultivers.es\/it\/wp-json\/wp\/v2\/product"}],"about":[{"href":"https:\/\/cultivers.es\/it\/wp-json\/wp\/v2\/types\/product"}],"replies":[{"embeddable":true,"href":"https:\/\/cultivers.es\/it\/wp-json\/wp\/v2\/comments?post=20427"}],"wp:featuredmedia":[{"embeddable":true,"href":"https:\/\/cultivers.es\/it\/wp-json\/wp\/v2\/media\/14706"}],"wp:attachment":[{"href":"https:\/\/cultivers.es\/it\/wp-json\/wp\/v2\/media?parent=20427"}],"wp:term":[{"taxonomy":"product_brand","embeddable":true,"href":"https:\/\/cultivers.es\/it\/wp-json\/wp\/v2\/product_brand?post=20427"},{"taxonomy":"product_cat","embeddable":true,"href":"https:\/\/cultivers.es\/it\/wp-json\/wp\/v2\/product_cat?post=20427"},{"taxonomy":"product_tag","embeddable":true,"href":"https:\/\/cultivers.es\/it\/wp-json\/wp\/v2\/product_tag?post=20427"},{"taxonomy":"woo-feed-brand","embeddable":true,"href":"https:\/\/cultivers.es\/it\/wp-json\/wp\/v2\/woo-feed-brand?post=20427"}],"curies":[{"name":"wp","href":"https:\/\/api.w.org\/{rel}","templated":true}]}}