{"id":20429,"date":"2022-03-31T12:00:57","date_gmt":"2022-03-31T12:00:57","guid":{"rendered":"https:\/\/cultivers.es\/abonos\/acidi-umici-liquidi-serbatoio-da-1000-litri-e-bottiglie-da-20-litri-su-pallet\/"},"modified":"2025-09-22T04:37:17","modified_gmt":"2025-09-22T04:37:17","slug":"acidos-humicos-liquido-liquido-deposito-1000l-y-garrafas-de-20l-palet","status":"publish","type":"product","link":"https:\/\/cultivers.es\/it\/fertilizzanti\/acidos-humicos-liquido-liquido-deposito-1000l-y-garrafas-de-20l-palet\/","title":{"rendered":"Acidi umici liquidi Serbatoio da 1000 litri e bottiglie da 20 litri su pallet"},"content":{"rendered":"<p class=\"p1\">Questo fertilizzante liquido a base di acido umico e fulvico, derivato da leonardite di alta qualit\u00e0, \u00e8 stato appositamente formulato per i sistemi di fertirrigazione. La sua composizione omogenea \u00e8 <span class=\"Apple-converted-space\">  <\/span>compatibile con i fertilizzanti NPK, evitando la formazione di precipitati insolubili e migliorandone l&#8217;efficacia.<\/p>\n<p class=\"p1\">Applicato regolarmente durante l&#8217;intero ciclo colturale, questo prodotto aiuta a mantenere la fertilit\u00e0 del suolo, supporta lo sviluppo delle piante in ogni fase del ciclo vegetativo e contribuisce positivamente alla crescita e alla resa delle piante, mantenendo un terreno fertile e biologicamente attivo.<\/p>\n","protected":false},"excerpt":{"rendered":"<ul>\n<li><strong>Migliorare la fertilit\u00e0 del suolo<\/strong>: gli acidi umici e fulvici liquidi contribuiscono direttamente alla fertilit\u00e0 del suolo, agendo come condizionatori che arricchiscono il terreno e migliorano lo sviluppo di microrganismi benefici, essenziali per un suolo produttivo ed equilibrato.<\/li>\n<li><strong>Ottimizzazione dei nutrienti NPK<\/strong>: quando vengono applicati insieme ai fertilizzanti NPK, aumentano significativamente l&#8217;assorbimento di questi nutrienti impedendo la formazione di precipitati insolubili, assicurando che le piante ottengano il massimo da ogni applicazione e ricevano i nutrienti chiave di cui hanno bisogno.<\/li>\n<li><strong>Promuove la crescita in tutte le fasi<\/strong>: l&#8217;uso costante durante il ciclo vegetativo stimola la crescita delle piante in ogni fase, dalla germinazione alla fioritura, migliorando la divisione cellulare e lo sviluppo delle radici, creando colture forti e resistenti.<\/li>\n<li><strong>Facilitano la ritenzione idrica e la struttura del terreno<\/strong>: migliorano la capacit\u00e0 del terreno di trattenere l&#8217;acqua e i nutrienti, favorendo una struttura sciolta e ariosa che permette alle radici di assorbire meglio i minerali e di resistere meglio alla siccit\u00e0.<\/li>\n<li><strong>Efficienti nella fertirrigazione<\/strong>: Questi acidi, derivati dalla leonardite, sono ideali per la fertirrigazione grazie alla loro omogeneit\u00e0 e stabilit\u00e0, consentendo una distribuzione uniforme e continua dei nutrienti nei sistemi di irrigazione senza rischio di intasamento, massimizzando cos\u00ec le rese agricole.<\/li>\n<li>\n<\/li>\n<\/ul>\n","protected":false},"featured_media":14726,"comment_status":"open","ping_status":"closed","template":"","meta":{"_acf_changed":false},"product_brand":[],"product_cat":[348,779],"product_tag":[],"woo-feed-brand":[],"class_list":{"0":"post-20429","1":"product","2":"type-product","3":"status-publish","4":"has-post-thumbnail","6":"product_cat-giardinaggio-biologico-professionale","7":"product_cat-sacas-it","9":"first","10":"instock","11":"taxable","12":"shipping-taxable","13":"purchasable","14":"product-type-variable"},"acf":[],"_links":{"self":[{"href":"https:\/\/cultivers.es\/it\/wp-json\/wp\/v2\/product\/20429","targetHints":{"allow":["GET"]}}],"collection":[{"href":"https:\/\/cultivers.es\/it\/wp-json\/wp\/v2\/product"}],"about":[{"href":"https:\/\/cultivers.es\/it\/wp-json\/wp\/v2\/types\/product"}],"replies":[{"embeddable":true,"href":"https:\/\/cultivers.es\/it\/wp-json\/wp\/v2\/comments?post=20429"}],"wp:featuredmedia":[{"embeddable":true,"href":"https:\/\/cultivers.es\/it\/wp-json\/wp\/v2\/media\/14726"}],"wp:attachment":[{"href":"https:\/\/cultivers.es\/it\/wp-json\/wp\/v2\/media?parent=20429"}],"wp:term":[{"taxonomy":"product_brand","embeddable":true,"href":"https:\/\/cultivers.es\/it\/wp-json\/wp\/v2\/product_brand?post=20429"},{"taxonomy":"product_cat","embeddable":true,"href":"https:\/\/cultivers.es\/it\/wp-json\/wp\/v2\/product_cat?post=20429"},{"taxonomy":"product_tag","embeddable":true,"href":"https:\/\/cultivers.es\/it\/wp-json\/wp\/v2\/product_tag?post=20429"},{"taxonomy":"woo-feed-brand","embeddable":true,"href":"https:\/\/cultivers.es\/it\/wp-json\/wp\/v2\/woo-feed-brand?post=20429"}],"curies":[{"name":"wp","href":"https:\/\/api.w.org\/{rel}","templated":true}]}}