{"id":20435,"date":"2022-03-31T12:00:57","date_gmt":"2022-03-31T12:00:57","guid":{"rendered":"https:\/\/cultivers.es\/abonos\/compost-con-guano-ecologico-bigbag-e-sacchi-da-25-kg-su-pallet\/"},"modified":"2025-10-25T12:25:19","modified_gmt":"2025-10-25T12:25:19","slug":"compost-con-guano-ecologico-bigbag-e-25kg-bags-in-pallet","status":"publish","type":"product","link":"https:\/\/cultivers.es\/it\/fertilizzanti\/compost-con-guano-ecologico-bigbag-e-25kg-bags-in-pallet\/","title":{"rendered":"Fertilizzante organico con Bigbag organico e sacchi da 25 kg su pallet"},"content":{"rendered":"<div id=\"dpx-product-description_feature_div\">\n<div class=\"celwidget\" data-csa-c-id=\"5jyizg-4o2ji4-od18pl-sv9ler\" data-cel-widget=\"dpx-product-description_csm_instrumentation_wrapper\">\n<div id=\"descriptionAndDetails\" class=\"a-section a-spacing-extra-large\">\n<div id=\"productDescription_feature_div\" class=\"celwidget\" data-feature-name=\"productDescription\" data-csa-c-id=\"jg15ak-vfn0hs-n6a0uj-smv9th\" data-cel-widget=\"productDescription_feature_div\">\n<div id=\"productDescription_feature_div\" class=\"a-row feature\" data-feature-name=\"productDescription\" data-template-name=\"productDescription\" data-cel-widget=\"productDescription_feature_div\">\n<div id=\"productDescription\" class=\"a-section a-spacing-small\">\n<p>Concime organico microgranulato per migliorare la produttivit\u00e0 e la qualit\u00e0 delle tue colture. Questo concime organico si distingue per l&#8217;elevato contenuto di materia organica (50%), che favorisce la ritenzione di acqua e nutrienti nel terreno, consentendo una crescita pi\u00f9 sana ed efficiente di aranci e mandarini. La sua formula bilanciata (NPK 6-7-10) fornisce azoto per un robusto sviluppo vegetativo, fosforo per rafforzare le radici e potassio per migliorare la resistenza e la qualit\u00e0 dei frutti. Il lento rilascio di sostanze nutritive assicura un nutrimento costante per tutto il ciclo della coltura, con il risultato di un raccolto abbondante, con frutti di dimensioni, sapore e succosit\u00e0 eccellenti. Inoltre, il suo approccio sostenibile contribuisce alla conservazione del suolo e promuove l&#8217;attivit\u00e0 microbica, riducendo l&#8217;uso di sostanze chimiche. Gli agricoltori che lo hanno utilizzato riferiscono di un notevole aumento della resa e della qualit\u00e0 dei loro raccolti.     <\/p>\n<\/div>\n<\/div>\n<\/div>\n<\/div>\n<\/div>\n<\/div>\n","protected":false},"excerpt":{"rendered":"<ul>\n<li>Migliora la fertilit\u00e0 e la ritenzione: con il 50% di materia organica, rivitalizza il terreno, ottimizzando la ritenzione di nutrienti e acqua per il massimo assorbimento delle radici.<\/li>\n<li>Rilascio lento di sostanze nutritive: Fornisce un nutrimento costante durante l&#8217;intero ciclo colturale, assicurando un raccolto di arance e mandarini di qualit\u00e0 superiore, pi\u00f9 grandi, pi\u00f9 succosi e pi\u00f9 gustosi.<\/li>\n<li>Formula bilanciata NPK 6-7-10: adatta a tutte le colture, migliora la crescita delle foglie, delle radici e la qualit\u00e0 dei frutti, supportando lo sviluppo naturale degli alberi.<\/li>\n<li>Sostenibilit\u00e0 in ogni applicazione: promuove l&#8217;attivit\u00e0 microbica benefica, proteggendo la fertilit\u00e0 del suolo e l&#8217;ambiente.<\/li>\n<\/ul>\n","protected":false},"featured_media":14731,"comment_status":"open","ping_status":"closed","template":"","meta":{"_acf_changed":false},"product_brand":[],"product_cat":[348,779],"product_tag":[],"woo-feed-brand":[],"class_list":{"0":"post-20435","1":"product","2":"type-product","3":"status-publish","4":"has-post-thumbnail","6":"product_cat-giardinaggio-biologico-professionale","7":"product_cat-sacas-it","9":"first","10":"instock","11":"taxable","12":"shipping-taxable","13":"purchasable","14":"product-type-variable"},"acf":[],"_links":{"self":[{"href":"https:\/\/cultivers.es\/it\/wp-json\/wp\/v2\/product\/20435","targetHints":{"allow":["GET"]}}],"collection":[{"href":"https:\/\/cultivers.es\/it\/wp-json\/wp\/v2\/product"}],"about":[{"href":"https:\/\/cultivers.es\/it\/wp-json\/wp\/v2\/types\/product"}],"replies":[{"embeddable":true,"href":"https:\/\/cultivers.es\/it\/wp-json\/wp\/v2\/comments?post=20435"}],"wp:featuredmedia":[{"embeddable":true,"href":"https:\/\/cultivers.es\/it\/wp-json\/wp\/v2\/media\/14731"}],"wp:attachment":[{"href":"https:\/\/cultivers.es\/it\/wp-json\/wp\/v2\/media?parent=20435"}],"wp:term":[{"taxonomy":"product_brand","embeddable":true,"href":"https:\/\/cultivers.es\/it\/wp-json\/wp\/v2\/product_brand?post=20435"},{"taxonomy":"product_cat","embeddable":true,"href":"https:\/\/cultivers.es\/it\/wp-json\/wp\/v2\/product_cat?post=20435"},{"taxonomy":"product_tag","embeddable":true,"href":"https:\/\/cultivers.es\/it\/wp-json\/wp\/v2\/product_tag?post=20435"},{"taxonomy":"woo-feed-brand","embeddable":true,"href":"https:\/\/cultivers.es\/it\/wp-json\/wp\/v2\/woo-feed-brand?post=20435"}],"curies":[{"name":"wp","href":"https:\/\/api.w.org\/{rel}","templated":true}]}}