{"id":20436,"date":"2022-03-31T12:00:57","date_gmt":"2022-03-31T12:00:57","guid":{"rendered":"https:\/\/cultivers.es\/abonos\/humus-di-lombrico-bigbag-e-pallet-in-sacchi-da-20-kg\/"},"modified":"2025-09-22T04:40:23","modified_gmt":"2025-09-22T04:40:23","slug":"worm-humus-bigbag-e-pallets-in-20-kg-bags","status":"publish","type":"product","link":"https:\/\/cultivers.es\/it\/fertilizzanti\/worm-humus-bigbag-e-pallets-in-20-kg-bags\/","title":{"rendered":"Humus di lombrico Bigbag e Pallet in sacchi da 20 kg"},"content":{"rendered":"<p>L&#8217;uso costante di humus di vermi migliora significativamente le propriet\u00e0 del suolo, aumentando la qualit\u00e0 e la produttivit\u00e0 delle colture. Questo compost organico finemente suddiviso, stabilizzato e umificato fornisce una struttura ideale con elevata porosit\u00e0, aerazione, drenaggio e un&#8217;eccezionale capacit\u00e0 di trattenere l&#8217;umidit\u00e0. Inoltre, contiene sostanze nutritive in forme facilmente disponibili per le piante, che stimolano una crescita sana.  <\/p>\n<p>Grazie all&#8217;elevata attivit\u00e0 microbica, l&#8217;humus di lombrico non solo migliora la crescita delle piante, ma agisce anche come soppressore naturale contro i nematodi e altri agenti patogeni del suolo. Aiuta a modificare la disponibilit\u00e0 di metalli pesanti e influisce sull&#8217;adsorbimento e sulla degradazione dei pesticidi, contribuendo alla rigenerazione dei terreni degradati. <\/p>\n<p>Derivato dalla decomposizione della materia organica da parte dei lombrichi della specie <em>Eisenia foetida<\/em>, l&#8217;humus \u00e8 naturalmente arricchito di fitormoni che regolano la crescita delle piante. La sua alta densit\u00e0 microbica (1 grammo contiene circa 2 miliardi di microrganismi) restituisce rapidamente la vita al terreno, migliorandone la struttura, l&#8217;aerazione e la capacit\u00e0 di trattenere l&#8217;acqua. Il suo pH neutro lo rende compatibile con qualsiasi tipo di terreno e, grazie al suo basso rapporto C\/N, i nutrienti vengono mineralizzati e rilasciati rapidamente, garantendo un nutrimento ottimale per le piante e favorendo lo sviluppo di radici forti.  <\/p>\n","protected":false},"excerpt":{"rendered":"<div id=\"featurebullets_feature_div\" class=\"celwidget\" data-feature-name=\"featurebullets\" data-csa-c-id=\"iso7s1-61shkv-a5qz2z-sgo3f4\" data-cel-widget=\"featurebullets_feature_div\">\n<div id=\"feature-bullets\" class=\"a-section a-spacing-medium a-spacing-top-small\">\n<ul class=\"a-unordered-list a-vertical a-spacing-mini\">\n<li><strong>Humus di vermi 100% biologico e di alta qualit\u00e0<\/strong>: un prodotto completamente naturale e certificato, ideale per l&#8217;agricoltura sostenibile e biologica.<\/li>\n<li><strong>Alta densit\u00e0 di microrganismi benefici<\/strong>: un solo grammo contiene circa 2 miliardi di microrganismi, che arricchiscono il terreno e ne migliorano la fertilit\u00e0.<\/li>\n<li><strong>Miglioramento continuo delle propriet\u00e0 del terreno<\/strong>: aumenta la struttura del terreno, l&#8217;aerazione e la ritenzione di umidit\u00e0, contribuendo a creare un ambiente favorevole allo sviluppo delle radici.<\/li>\n<li><strong>Stimolatore delle radici e dell&#8217;assorbimento dei nutrienti<\/strong>: Il suo pH neutro ne consente l&#8217;applicazione in qualsiasi tipo di terreno, fornendo materia organica che migliora l&#8217;assorbimento dei nutrienti e lo sviluppo delle radici.<\/li>\n<li><strong>Aumenta la qualit\u00e0 e la resa dei raccolti<\/strong>: grazie al basso rapporto C\/N, consente una rapida mineralizzazione e il rilascio dei nutrienti. Numero di registrazione Sohiscert: CV237PAE-07. <\/li>\n<\/ul>\n<\/div>\n<\/div>\n","protected":false},"featured_media":14741,"comment_status":"open","ping_status":"closed","template":"","meta":{"_acf_changed":false},"product_brand":[],"product_cat":[348,779],"product_tag":[],"class_list":{"0":"post-20436","1":"product","2":"type-product","3":"status-publish","4":"has-post-thumbnail","6":"product_cat-giardinaggio-biologico-professionale","7":"product_cat-sacas-it","9":"first","10":"instock","11":"taxable","12":"shipping-taxable","13":"purchasable","14":"product-type-variable"},"acf":[],"_links":{"self":[{"href":"https:\/\/cultivers.es\/it\/wp-json\/wp\/v2\/product\/20436","targetHints":{"allow":["GET"]}}],"collection":[{"href":"https:\/\/cultivers.es\/it\/wp-json\/wp\/v2\/product"}],"about":[{"href":"https:\/\/cultivers.es\/it\/wp-json\/wp\/v2\/types\/product"}],"replies":[{"embeddable":true,"href":"https:\/\/cultivers.es\/it\/wp-json\/wp\/v2\/comments?post=20436"}],"wp:featuredmedia":[{"embeddable":true,"href":"https:\/\/cultivers.es\/it\/wp-json\/wp\/v2\/media\/14741"}],"wp:attachment":[{"href":"https:\/\/cultivers.es\/it\/wp-json\/wp\/v2\/media?parent=20436"}],"wp:term":[{"taxonomy":"product_brand","embeddable":true,"href":"https:\/\/cultivers.es\/it\/wp-json\/wp\/v2\/product_brand?post=20436"},{"taxonomy":"product_cat","embeddable":true,"href":"https:\/\/cultivers.es\/it\/wp-json\/wp\/v2\/product_cat?post=20436"},{"taxonomy":"product_tag","embeddable":true,"href":"https:\/\/cultivers.es\/it\/wp-json\/wp\/v2\/product_tag?post=20436"}],"curies":[{"name":"wp","href":"https:\/\/api.w.org\/{rel}","templated":true}]}}