{"id":20442,"date":"2022-03-31T12:00:57","date_gmt":"2022-03-31T12:00:57","guid":{"rendered":"https:\/\/cultivers.es\/abonos\/melassa-di-canna-per-impianti-serbatoio-da-1000l-e-bottiglie-da-20l-su-pallet\/"},"modified":"2025-09-22T04:40:16","modified_gmt":"2025-09-22T04:40:16","slug":"melassa-canna-molassa-per-pianta-depositare-1000l-e-20l-pallet-vaschette","status":"publish","type":"product","link":"https:\/\/cultivers.es\/it\/fertilizzanti\/melassa-canna-molassa-per-pianta-depositare-1000l-e-20l-pallet-vaschette\/","title":{"rendered":"Melassa di canna per impianti Serbatoio da 1000L e bottiglie da 20L su Pallet"},"content":{"rendered":"<p>Per la produzione biologica, si consiglia di massimizzare lo sviluppo delle colture attraverso una combinazione di microrganismi benefici che migliorano l&#8217;assorbimento dei nutrienti nel terreno. Questo fertilizzante liquido a base vegetale contiene un&#8217;alta concentrazione di aminoacidi organici derivati dall&#8217;idrolisi enzimatica, integrati con il 42% di materia organica vegetale e il 10% di glicina\/betaina. <\/p>\n<p>La presenza di aminoacidi aiuta le piante a sintetizzare le proteine essenziali coinvolte nei processi strutturali, enzimatici e di difesa naturale. Inoltre, la glicina\/betaina agisce come osmoregolatore, aiutando la pianta a ridurre l&#8217;impatto degli stress biotici e abiotici. Questa formulazione migliora la ritenzione idrica e nutritiva e pu\u00f2 essere applicata durante tutto il ciclo vegetativo, ottimizzando la capacit\u00e0 di scambio cationico del terreno e promuovendo la crescita dell&#8217;apparato radicale per ottenere raccolti pi\u00f9 abbondanti.  <\/p>\n","protected":false},"excerpt":{"rendered":"<ul class=\"a-unordered-list a-vertical a-spacing-mini\">\n<li><strong>Melassa naturale con certificazione biologica<\/strong>: prodotto naturale al 100%, approvato dal CAAE e adatto alle pratiche di agricoltura biologica.<\/li>\n<li><strong>Promuove la salute e la fertilit\u00e0 del suolo<\/strong>: stimola l&#8217;attivit\u00e0 microbica, migliora la disponibilit\u00e0 dei nutrienti e aumenta l&#8217;interazione suolo-pianta per ottimizzare la fertilit\u00e0.<\/li>\n<li><strong>Ideale per correggere i terreni alcalini<\/strong>: La sua formulazione bilanciata e il suo carattere leggermente acido migliorano le condizioni di coltivazione nei terreni alcalini.<\/li>\n<li><strong>Ricco di aminoacidi organici<\/strong>: applicabile durante tutto il ciclo vegetativo, migliora le propriet\u00e0 fisico-chimiche del terreno e promuove uno sviluppo vigoroso delle piante.<\/li>\n<li><strong>Prodotto sicuro e completamente naturale<\/strong>: completamente innocuo per animali e piante, offre una soluzione sostenibile per la coltivazione biologica.<\/li>\n<\/ul>\n","protected":false},"featured_media":14696,"comment_status":"open","ping_status":"closed","template":"","meta":{"_acf_changed":false},"product_brand":[],"product_cat":[348,779],"product_tag":[],"woo-feed-brand":[],"class_list":{"0":"post-20442","1":"product","2":"type-product","3":"status-publish","4":"has-post-thumbnail","6":"product_cat-giardinaggio-biologico-professionale","7":"product_cat-sacas-it","9":"first","10":"instock","11":"taxable","12":"shipping-taxable","13":"purchasable","14":"product-type-variable"},"acf":[],"_links":{"self":[{"href":"https:\/\/cultivers.es\/it\/wp-json\/wp\/v2\/product\/20442","targetHints":{"allow":["GET"]}}],"collection":[{"href":"https:\/\/cultivers.es\/it\/wp-json\/wp\/v2\/product"}],"about":[{"href":"https:\/\/cultivers.es\/it\/wp-json\/wp\/v2\/types\/product"}],"replies":[{"embeddable":true,"href":"https:\/\/cultivers.es\/it\/wp-json\/wp\/v2\/comments?post=20442"}],"wp:featuredmedia":[{"embeddable":true,"href":"https:\/\/cultivers.es\/it\/wp-json\/wp\/v2\/media\/14696"}],"wp:attachment":[{"href":"https:\/\/cultivers.es\/it\/wp-json\/wp\/v2\/media?parent=20442"}],"wp:term":[{"taxonomy":"product_brand","embeddable":true,"href":"https:\/\/cultivers.es\/it\/wp-json\/wp\/v2\/product_brand?post=20442"},{"taxonomy":"product_cat","embeddable":true,"href":"https:\/\/cultivers.es\/it\/wp-json\/wp\/v2\/product_cat?post=20442"},{"taxonomy":"product_tag","embeddable":true,"href":"https:\/\/cultivers.es\/it\/wp-json\/wp\/v2\/product_tag?post=20442"},{"taxonomy":"woo-feed-brand","embeddable":true,"href":"https:\/\/cultivers.es\/it\/wp-json\/wp\/v2\/woo-feed-brand?post=20442"}],"curies":[{"name":"wp","href":"https:\/\/api.w.org\/{rel}","templated":true}]}}