{"id":22185,"date":"2023-10-02T03:51:20","date_gmt":"2023-10-02T03:51:20","guid":{"rendered":"https:\/\/cultivers.es\/?post_type=product&#038;p=22185"},"modified":"2025-09-22T04:45:53","modified_gmt":"2025-09-22T04:45:53","slug":"impacco-di-equiseto-e-ortica-purina","status":"publish","type":"product","link":"https:\/\/cultivers.es\/it\/fertilizzanti\/impacco-di-equiseto-e-ortica-purina\/","title":{"rendered":"Impacco di equiseto, ortica purina e sapone al potassio"},"content":{"rendered":"<div id=\"productDescription_feature_div\" class=\"celwidget\" data-feature-name=\"productDescription\" data-csa-c-type=\"widget\" data-csa-c-content-id=\"productDescription\" data-csa-c-slot-id=\"productDescription_feature_div\" data-csa-c-asin=\"\" data-csa-c-is-in-initial-active-row=\"false\" data-csa-c-id=\"wn60rw-hd28dm-sm5qt-oq9hhm\" data-cel-widget=\"productDescription_feature_div\">\n<div id=\"productDescription_feature_div\" class=\"a-row feature\" data-feature-name=\"productDescription\" data-template-name=\"productDescription\" data-cel-widget=\"productDescription_feature_div\">\n<div id=\"productDescription\" class=\"a-section a-spacing-small\">\n<p>Scopri la qualit\u00e0 e l&#8217;efficacia di CULTIVERS, un marchio impegnato nella cura dell&#8217;ambiente e della salute delle tue piante. Con anni di esperienza sul mercato, CULTIVERS si \u00e8 affermata come leader nel settore dei prodotti ecologici e naturali per la cura delle tue colture e dei tuoi giardini. Ti presentiamo la confezione di Sapone di Potassio, Ortica ed Equiseto Purino in formato da 1 litro, una soluzione completa per proteggere, rafforzare e mantenere le tue piante in perfette condizioni. Questa confezione comprende tre prodotti essenziali per la cura delle tue piante:1. Sapone ecologico al potassio: agisce per contatto, offrendo una protezione naturale al 100% per le tue piante. Il suo uso regolare migliora le difese delle piante e previene la comparsa di parassiti e malattie.2. Purina di ortica biologica: con un&#8217;azione insetticida, fungicida e acaricida, questo prodotto \u00e8 perfetto per controllare parassiti e funghi nelle tue colture. Inoltre, corregge la clorosi ferrosa e fornisce un potere rinverdente alle tue piante. 3. Equiseto biologico per piante: Questo fungicida naturale biostimolante \u00e8 ideale per prevenire e curare le malattie fungine delle tue piante. Questa confezione \u00e8 perfetta per chi \u00e8 alla ricerca di prodotti ecologici e naturali per la cura delle proprie piante, sia all&#8217;interno che all&#8217;esterno, come orti urbani, giardini, terrazze e balconi. Con CULTIVERS, le tue piante saranno protette e rafforzate in modo naturale, senza dover ricorrere a prodotti chimici dannosi per l&#8217;ambiente e la salute delle piante. Non aspettare oltre per goderti un giardino sano e pieno di vita con il sapone di potassio, l&#8217;ortica e l&#8217;equiseto Purine Pack di CULTIVERS.          <\/p>\n<div id=\"climatePledgeFriendlyBTF_feature_div\" class=\"celwidget\" data-feature-name=\"climatePledgeFriendlyBTF_EU5\" data-csa-c-type=\"widget\" data-csa-c-content-id=\"climatePledgeFriendlyBTF_EU5\" data-csa-c-slot-id=\"climatePledgeFriendlyBTF_feature_div\" data-csa-c-asin=\"\" data-csa-c-is-in-initial-active-row=\"false\" data-csa-c-id=\"wyocz1-unq2qv-2dapcv-1yluf2\" data-cel-widget=\"climatePledgeFriendlyBTF_feature_div\"><\/div>\n<div id=\"aplusBrandStory_feature_div\" class=\"celwidget\" data-feature-name=\"aplusBrandStory\" data-csa-c-type=\"widget\" data-csa-c-content-id=\"aplusBrandStory\" data-csa-c-slot-id=\"aplusBrandStory_feature_div\" data-csa-c-asin=\"\" data-csa-c-is-in-initial-active-row=\"false\" data-csa-c-id=\"v74p35-wif75w-jxdj7g-j43hub\" data-cel-widget=\"aplusBrandStory_feature_div\">\n<div id=\"aplus\" class=\"a-section a-spacing-large bucket\"><\/div>\n<\/div>\n<\/div>\n<\/div>\n<\/div>\n","protected":false},"excerpt":{"rendered":"<ul class=\"a-unordered-list a-vertical a-spacing-mini\">\n<li class=\"a-spacing-mini\">\n<div id=\"featurebullets_feature_div\" class=\"celwidget\" data-feature-name=\"featurebullets\" data-csa-c-type=\"widget\" data-csa-c-content-id=\"featurebullets\" data-csa-c-slot-id=\"featurebullets_feature_div\" data-csa-c-asin=\"B0C8YSN3S6\" data-csa-c-is-in-initial-active-row=\"false\" data-csa-c-id=\"p53lak-nu2hg3-8uukm6-l59dzg\" data-cel-widget=\"featurebullets_feature_div\">\n<div id=\"feature-bullets\" class=\"a-section a-spacing-medium a-spacing-top-small\">\n<ul class=\"a-unordered-list a-vertical a-spacing-mini\">\n<li class=\"a-spacing-mini\"><span class=\"a-list-item\">Protezione naturale ed ecologica: la confezione di CULTIVERS comprende sapone di potassio, purina di ortica ed equiseto, ideali per prendersi cura delle piante in modo sostenibile ed ecologico.<\/span><\/li>\n<li class=\"a-spacing-mini\"><span class=\"a-list-item\">\ud83c\udf31 Rafforza le difese delle tue piante: Il sapone di potassio migliora le difese delle piante, mentre la purina dell&#8217;ortica corregge la clorosi ferrosa e l&#8217;equiseto rafforza il meccanismo di difesa della pianta.<\/span><\/li>\n<li class=\"a-spacing-mini\"><span class=\"a-list-item\">\ud83d\udc1b Controllo di parassiti e funghi: La Purina di Ortica ha un&#8217;azione insetticida, fungicida e acaricida che aiuta a combattere in modo naturale ed efficace i parassiti e i funghi nelle tue colture e piante ornamentali.<\/span><\/li>\n<li class=\"a-spacing-mini\"><span class=\"a-list-item\">\ud83c\udf43 Potere rinverdente e biostimolante: la purina dell&#8217;ortica apporta un effetto rinverdente alle tue piante, mentre l&#8217;equiseto agisce come fungicida biostimolante naturale, sia preventivo che curativo.<\/span><\/li>\n<li class=\"a-spacing-mini\"><span class=\"a-list-item\">\ud83d\udca7 \ud83d\udca6 SUPER CONCENTRATO. Facilit\u00e0 di dosaggio e di utilizzo: per l&#8217;applicazione dei prodotti del pacchetto piante CULTIVERS si consiglia di utilizzarli per via fogliare. Pi\u00f9 applicazioni con meno prodotto.  <\/span><\/li>\n<\/ul>\n<\/div>\n<\/div>\n<\/li>\n<\/ul>\n","protected":false},"featured_media":42292,"comment_status":"open","ping_status":"closed","template":"","meta":{"_acf_changed":false},"product_brand":[],"product_cat":[500,501],"product_tag":[],"woo-feed-brand":[],"class_list":{"0":"post-22185","1":"product","2":"type-product","3":"status-publish","4":"has-post-thumbnail","6":"product_cat-protezione-delle-colture-e-delle-piante","7":"product_cat-sostanze-di-base","9":"first","10":"instock","11":"taxable","12":"shipping-taxable","13":"purchasable","14":"product-type-variable"},"acf":[],"_links":{"self":[{"href":"https:\/\/cultivers.es\/it\/wp-json\/wp\/v2\/product\/22185","targetHints":{"allow":["GET"]}}],"collection":[{"href":"https:\/\/cultivers.es\/it\/wp-json\/wp\/v2\/product"}],"about":[{"href":"https:\/\/cultivers.es\/it\/wp-json\/wp\/v2\/types\/product"}],"replies":[{"embeddable":true,"href":"https:\/\/cultivers.es\/it\/wp-json\/wp\/v2\/comments?post=22185"}],"wp:featuredmedia":[{"embeddable":true,"href":"https:\/\/cultivers.es\/it\/wp-json\/wp\/v2\/media\/42292"}],"wp:attachment":[{"href":"https:\/\/cultivers.es\/it\/wp-json\/wp\/v2\/media?parent=22185"}],"wp:term":[{"taxonomy":"product_brand","embeddable":true,"href":"https:\/\/cultivers.es\/it\/wp-json\/wp\/v2\/product_brand?post=22185"},{"taxonomy":"product_cat","embeddable":true,"href":"https:\/\/cultivers.es\/it\/wp-json\/wp\/v2\/product_cat?post=22185"},{"taxonomy":"product_tag","embeddable":true,"href":"https:\/\/cultivers.es\/it\/wp-json\/wp\/v2\/product_tag?post=22185"},{"taxonomy":"woo-feed-brand","embeddable":true,"href":"https:\/\/cultivers.es\/it\/wp-json\/wp\/v2\/woo-feed-brand?post=22185"}],"curies":[{"name":"wp","href":"https:\/\/api.w.org\/{rel}","templated":true}]}}