{"id":31635,"date":"2024-08-19T13:13:23","date_gmt":"2024-08-19T13:13:23","guid":{"rendered":"https:\/\/cultivers.es\/?post_type=product&#038;p=31635"},"modified":"2025-11-10T14:01:49","modified_gmt":"2025-11-10T14:01:49","slug":"semi-di-timo-biologici-2","status":"publish","type":"product","link":"https:\/\/cultivers.es\/it\/fertilizzanti\/semi-di-timo-biologici-2\/","title":{"rendered":"Semi di timo Almoradux"},"content":{"rendered":"","protected":false},"excerpt":{"rendered":"<p>Scopri il sapore e l&#8217;aroma autentico del Mediterraneo con i nostri semi di timo biologico Almoradux. Questa variet\u00e0 di timo, nota anche come maggiorana, \u00e8 apprezzata per il suo profumo intenso e le sue propriet\u00e0 culinarie e medicinali. Ideale per chi desidera un tocco mediterraneo nel proprio giardino e nei propri piatti.  <\/p>\n<ul>\n<li><strong>Aroma intenso: il<\/strong> Timo Almoradux \u00e8 caratterizzato da un profumo intenso, che lo rende un ingrediente essenziale della cucina mediterranea. Il suo aroma si intensifica quando viene essiccato, fornendo un sapore unico e complesso alle tue ricette. <\/li>\n<li><strong>Versatilit\u00e0 culinaria:<\/strong> questo timo \u00e8 ideale per insaporire carni, pesce, stufati e zuppe, oltre che per la preparazione di oli aromatici e aceti. \u00c8 anche un ingrediente chiave di molte miscele di erbe provenzali. <\/li>\n<li><strong>Propriet\u00e0 medicinali:<\/strong> il timo Almoradux non \u00e8 solo un ottimo condimento, ma \u00e8 anche noto per le sue propriet\u00e0 digestive, antisettiche e lenitive, essendo un&#8217;erba tradizionalmente utilizzata in infusi e rimedi naturali.<\/li>\n<li><strong>Facile da coltivare:<\/strong> questa pianta perenne \u00e8 resistente e facile da coltivare, adattandosi bene ai climi secchi e ai terreni poveri. \u00c8 perfetta per i giardinieri che cercano una pianta aromatica di lunga durata e che richiede poca manutenzione. <\/li>\n<li><strong>Coltivazione biologica:<\/strong> i nostri semi di timo Almoradux sono 100% biologici, coltivati senza pesticidi o fertilizzanti chimici, il che garantisce un prodotto naturale ed ecologico.<\/li>\n<\/ul>\n<p>Aggiungi un tocco mediterraneo al tuo giardino e alla tua cucina con i nostri semi di timo biologico Almoradux! Goditi il suo aroma intenso e i suoi numerosi usi culinari e medicinali, ordina oggi stesso e inizia a coltivare questa meravigliosa erba aromatica!  <\/p>\n","protected":false},"featured_media":31641,"comment_status":"open","ping_status":"closed","template":"","meta":{"_acf_changed":false},"product_brand":[],"product_cat":[732,436],"product_tag":[1577],"woo-feed-brand":[],"class_list":{"0":"post-31635","1":"product","2":"type-product","3":"status-publish","4":"has-post-thumbnail","6":"product_cat-semi-aromatici-biologici","7":"product_cat-semi-biologici","8":"product_tag-eco","10":"first","11":"instock","12":"taxable","13":"shipping-taxable","14":"purchasable","15":"product-type-simple"},"acf":[],"_links":{"self":[{"href":"https:\/\/cultivers.es\/it\/wp-json\/wp\/v2\/product\/31635","targetHints":{"allow":["GET"]}}],"collection":[{"href":"https:\/\/cultivers.es\/it\/wp-json\/wp\/v2\/product"}],"about":[{"href":"https:\/\/cultivers.es\/it\/wp-json\/wp\/v2\/types\/product"}],"replies":[{"embeddable":true,"href":"https:\/\/cultivers.es\/it\/wp-json\/wp\/v2\/comments?post=31635"}],"wp:featuredmedia":[{"embeddable":true,"href":"https:\/\/cultivers.es\/it\/wp-json\/wp\/v2\/media\/31641"}],"wp:attachment":[{"href":"https:\/\/cultivers.es\/it\/wp-json\/wp\/v2\/media?parent=31635"}],"wp:term":[{"taxonomy":"product_brand","embeddable":true,"href":"https:\/\/cultivers.es\/it\/wp-json\/wp\/v2\/product_brand?post=31635"},{"taxonomy":"product_cat","embeddable":true,"href":"https:\/\/cultivers.es\/it\/wp-json\/wp\/v2\/product_cat?post=31635"},{"taxonomy":"product_tag","embeddable":true,"href":"https:\/\/cultivers.es\/it\/wp-json\/wp\/v2\/product_tag?post=31635"},{"taxonomy":"woo-feed-brand","embeddable":true,"href":"https:\/\/cultivers.es\/it\/wp-json\/wp\/v2\/woo-feed-brand?post=31635"}],"curies":[{"name":"wp","href":"https:\/\/api.w.org\/{rel}","templated":true}]}}