{"id":35438,"date":"2024-10-14T05:57:33","date_gmt":"2024-10-14T05:57:33","guid":{"rendered":"https:\/\/cultivers.es\/?post_type=product&#038;p=35438"},"modified":"2025-09-22T05:22:06","modified_gmt":"2025-09-22T05:22:06","slug":"semi-di-ravanello-francese-biologico","status":"publish","type":"product","link":"https:\/\/cultivers.es\/it\/fertilizzanti\/semi-di-ravanello-francese-biologico\/","title":{"rendered":"Ravanello Flamboyant 2 Semi Biodinamici Demeter"},"content":{"rendered":"","protected":false},"excerpt":{"rendered":"<p>Questa variet\u00e0 di ravanello ha una forma allungata, con l&#8217;esterno rosso ciliegia e l&#8217;interno bianco. Questa variet\u00e0 \u00e8 a crescita rapida e ad alto rendimento. \u00c8 adatto alla semina diretta sul luogo di coltivazione. Il suo sapore \u00e8 leggermente piccante, ottimo per il consumo crudo. Le sue foglie sono commestibili.    <\/p>\n<ul>\n<li><strong>Certificazione Demeter:<\/strong> I nostri semi sono certificati da Demeter, che garantisce che sono coltivati secondo i principi dell&#8217;agricoltura biodinamica, rispettando i cicli naturali del suolo e dell&#8217;ecosistema.<\/li>\n<\/ul>\n","protected":false},"featured_media":15451,"comment_status":"open","ping_status":"closed","template":"","meta":{"_acf_changed":false},"product_brand":[],"product_cat":[436,1305],"product_tag":[1383],"woo-feed-brand":[],"class_list":{"0":"post-35438","1":"product","2":"type-product","3":"status-publish","4":"has-post-thumbnail","6":"product_cat-semi-biologici","7":"product_cat-semi-di-demeter","8":"product_tag-demeter-it","10":"first","11":"instock","12":"sale","13":"taxable","14":"shipping-taxable","15":"purchasable","16":"product-type-simple"},"acf":[],"_links":{"self":[{"href":"https:\/\/cultivers.es\/it\/wp-json\/wp\/v2\/product\/35438","targetHints":{"allow":["GET"]}}],"collection":[{"href":"https:\/\/cultivers.es\/it\/wp-json\/wp\/v2\/product"}],"about":[{"href":"https:\/\/cultivers.es\/it\/wp-json\/wp\/v2\/types\/product"}],"replies":[{"embeddable":true,"href":"https:\/\/cultivers.es\/it\/wp-json\/wp\/v2\/comments?post=35438"}],"wp:featuredmedia":[{"embeddable":true,"href":"https:\/\/cultivers.es\/it\/wp-json\/wp\/v2\/media\/15451"}],"wp:attachment":[{"href":"https:\/\/cultivers.es\/it\/wp-json\/wp\/v2\/media?parent=35438"}],"wp:term":[{"taxonomy":"product_brand","embeddable":true,"href":"https:\/\/cultivers.es\/it\/wp-json\/wp\/v2\/product_brand?post=35438"},{"taxonomy":"product_cat","embeddable":true,"href":"https:\/\/cultivers.es\/it\/wp-json\/wp\/v2\/product_cat?post=35438"},{"taxonomy":"product_tag","embeddable":true,"href":"https:\/\/cultivers.es\/it\/wp-json\/wp\/v2\/product_tag?post=35438"},{"taxonomy":"woo-feed-brand","embeddable":true,"href":"https:\/\/cultivers.es\/it\/wp-json\/wp\/v2\/woo-feed-brand?post=35438"}],"curies":[{"name":"wp","href":"https:\/\/api.w.org\/{rel}","templated":true}]}}