{"id":37943,"date":"2024-10-14T08:21:30","date_gmt":"2024-10-14T08:21:30","guid":{"rendered":"https:\/\/cultivers.es\/abonos\/semi-di-pomodoro-demeter-flower\/"},"modified":"2026-03-14T10:04:56","modified_gmt":"2026-03-14T10:04:56","slug":"semi-di-pomodoro-demeter-flower","status":"publish","type":"product","link":"https:\/\/cultivers.es\/it\/fertilizzanti\/semi-di-pomodoro-demeter-flower\/","title":{"rendered":"Semi di pomodoro da fiore biodinamici Eco Demeter"},"content":{"rendered":"","protected":false},"excerpt":{"rendered":"<ul>\n<li><strong>Sapore equilibrato:<\/strong> il Pomodoro Floradade offre un sapore delizioso, con un perfetto equilibrio tra dolcezza e acidit\u00e0, che lo rende una scelta eccellente per tutti i tipi di piatti, dalle insalate fresche ai sughi per la pasta.<\/li>\n<li><strong>Resistente al calore e alla siccit\u00e0:<\/strong> questa variet\u00e0 \u00e8 particolarmente adatta ai climi caldi e sopporta bene la siccit\u00e0, garantendo un raccolto di successo anche in condizioni difficili.<\/li>\n<li><strong>Frutti di medie dimensioni:<\/strong> i pomodori Floradade sono di medie dimensioni, di colore rosso vivo e con una polpa carnosa, che li rende ideali per essere affettati, cucinati o consumati freschi.<\/li>\n<li><strong>Facile da coltivare:<\/strong> questa variet\u00e0 \u00e8 resistente e si adatta bene a un&#8217;ampia gamma di terreni e condizioni climatiche. \u00c8 ideale sia per i principianti che per i giardinieri pi\u00f9 esperti. <\/li>\n<li><strong>Certificazione Demeter:<\/strong> i nostri semi sono certificati da Demeter, che garantisce che sono stati coltivati secondo i principi dell&#8217;agricoltura biodinamica, rispettando i cicli naturali del suolo e promuovendo un ecosistema equilibrato.<\/li>\n<li><strong>Coltivazione biologica:<\/strong> i semi di pomodoro Floradade sono 100% biologici, privi di pesticidi e fertilizzanti chimici, per garantire un raccolto sano e sostenibile.<\/li>\n<\/ul>\n<p>Aggiungi sapore, freschezza e resistenza al tuo orto con i Semi di Pomodoro Floradade Biologici di Demeter. Goditi pomodori succosi e saporiti e coltiva in modo ecologico: ordina oggi stesso e inizia a goderti un raccolto sano e delizioso nel tuo orto!  <\/p>\n","protected":false},"featured_media":39168,"comment_status":"open","ping_status":"closed","template":"","meta":{"_acf_changed":false},"product_brand":[],"product_cat":[436,1305],"product_tag":[1383],"class_list":{"0":"post-37943","1":"product","2":"type-product","3":"status-publish","4":"has-post-thumbnail","6":"product_cat-semi-biologici","7":"product_cat-semi-di-demeter","8":"product_tag-demeter-it","10":"first","11":"instock","12":"taxable","13":"shipping-taxable","14":"purchasable","15":"product-type-simple"},"acf":[],"_links":{"self":[{"href":"https:\/\/cultivers.es\/it\/wp-json\/wp\/v2\/product\/37943","targetHints":{"allow":["GET"]}}],"collection":[{"href":"https:\/\/cultivers.es\/it\/wp-json\/wp\/v2\/product"}],"about":[{"href":"https:\/\/cultivers.es\/it\/wp-json\/wp\/v2\/types\/product"}],"replies":[{"embeddable":true,"href":"https:\/\/cultivers.es\/it\/wp-json\/wp\/v2\/comments?post=37943"}],"wp:featuredmedia":[{"embeddable":true,"href":"https:\/\/cultivers.es\/it\/wp-json\/wp\/v2\/media\/39168"}],"wp:attachment":[{"href":"https:\/\/cultivers.es\/it\/wp-json\/wp\/v2\/media?parent=37943"}],"wp:term":[{"taxonomy":"product_brand","embeddable":true,"href":"https:\/\/cultivers.es\/it\/wp-json\/wp\/v2\/product_brand?post=37943"},{"taxonomy":"product_cat","embeddable":true,"href":"https:\/\/cultivers.es\/it\/wp-json\/wp\/v2\/product_cat?post=37943"},{"taxonomy":"product_tag","embeddable":true,"href":"https:\/\/cultivers.es\/it\/wp-json\/wp\/v2\/product_tag?post=37943"}],"curies":[{"name":"wp","href":"https:\/\/api.w.org\/{rel}","templated":true}]}}