{"id":37946,"date":"2024-08-23T13:11:31","date_gmt":"2024-08-23T13:11:31","guid":{"rendered":"https:\/\/cultivers.es\/abonos\/semi-di-crescione-da-giardino-cressida-organic\/"},"modified":"2025-09-22T05:17:41","modified_gmt":"2025-09-22T05:17:41","slug":"semi-di-crescione-da-giardino-cressida-organic","status":"publish","type":"product","link":"https:\/\/cultivers.es\/it\/fertilizzanti\/semi-di-crescione-da-giardino-cressida-organic\/","title":{"rendered":"Semi di crescione Cressida"},"content":{"rendered":"","protected":false},"excerpt":{"rendered":"<p>I semi di crescione biologico Cressida Garden ti offrono la possibilit\u00e0 di coltivare una pianta popolare e versatile in cucina, nota per il suo sapore fresco, piccante e leggermente amaro. Il crescione di Cressida \u00e8 ideale per insalate, panini e come guarnizione in una variet\u00e0 di piatti, aggiungendo un tocco distintivo e salutare. <\/p>\n<ul>\n<li><strong>Sapore intenso e fresco: il<\/strong> crescione di Cressida \u00e8 apprezzato per il suo sapore rinfrescante e acidulo, con una punta di amaro che esalta qualsiasi insalata o piatto. \u00c8 una scelta eccellente per chi vuole aggiungere un sapore vivace e una consistenza croccante ai propri pasti. <\/li>\n<li><strong>Crescita rapida:<\/strong> questa variet\u00e0 di crescione si distingue per il suo rapido ciclo di crescita, che ti permetter\u00e0 di gustare le sue foglie in poche settimane. \u00c8 perfetta per chi vuole ottenere risultati rapidi nel proprio giardino. <\/li>\n<li><strong>Facile da coltivare: il<\/strong> crescione di Cressida \u00e8 una pianta che richiede poca manutenzione e che pu\u00f2 crescere in quasi tutti i tipi di terreno, purch\u00e9 riceva sufficiente umidit\u00e0. \u00c8 ideale sia per i giardini urbani che per quelli rurali e si adatta bene ai vasi e alle fioriere. <\/li>\n<li><strong>Benefici per la salute:<\/strong> ricco di vitamine A, C e K e di minerali essenziali, il crescione \u00e8 noto per le sue propriet\u00e0 antiossidanti e antinfiammatorie. Aggiungerlo alla tua dieta quotidiana pu\u00f2 contribuire a migliorare la salute generale. <\/li>\n<li><strong>Coltivazione biologica:<\/strong> i nostri semi sono al 100% biologici e ti garantiscono una coltivazione sostenibile e senza l&#8217;uso di pesticidi o fertilizzanti chimici. Goditi una dieta sana ed ecologica. <\/li>\n<\/ul>\n<p>Coltiva freschezza e salute nel tuo giardino con i semi di crescione biologico Cressida. La sua crescita rapida, unita al suo sapore caratteristico, lo rende un&#8217;aggiunta essenziale a qualsiasi giardino: ordina ora e aggiungi un tocco vivace e salutare ai tuoi pasti quotidiani!  <\/p>\n","protected":false},"featured_media":50129,"comment_status":"open","ping_status":"closed","template":"","meta":{"_acf_changed":false},"product_brand":[],"product_cat":[436,488],"product_tag":[1577],"woo-feed-brand":[],"class_list":{"0":"post-37946","1":"product","2":"type-product","3":"status-publish","4":"has-post-thumbnail","6":"product_cat-semi-biologici","7":"product_cat-semi-di-ortaggi-a-foglia-biologici","8":"product_tag-eco","10":"first","11":"instock","12":"taxable","13":"shipping-taxable","14":"purchasable","15":"product-type-simple"},"acf":[],"_links":{"self":[{"href":"https:\/\/cultivers.es\/it\/wp-json\/wp\/v2\/product\/37946","targetHints":{"allow":["GET"]}}],"collection":[{"href":"https:\/\/cultivers.es\/it\/wp-json\/wp\/v2\/product"}],"about":[{"href":"https:\/\/cultivers.es\/it\/wp-json\/wp\/v2\/types\/product"}],"replies":[{"embeddable":true,"href":"https:\/\/cultivers.es\/it\/wp-json\/wp\/v2\/comments?post=37946"}],"wp:featuredmedia":[{"embeddable":true,"href":"https:\/\/cultivers.es\/it\/wp-json\/wp\/v2\/media\/50129"}],"wp:attachment":[{"href":"https:\/\/cultivers.es\/it\/wp-json\/wp\/v2\/media?parent=37946"}],"wp:term":[{"taxonomy":"product_brand","embeddable":true,"href":"https:\/\/cultivers.es\/it\/wp-json\/wp\/v2\/product_brand?post=37946"},{"taxonomy":"product_cat","embeddable":true,"href":"https:\/\/cultivers.es\/it\/wp-json\/wp\/v2\/product_cat?post=37946"},{"taxonomy":"product_tag","embeddable":true,"href":"https:\/\/cultivers.es\/it\/wp-json\/wp\/v2\/product_tag?post=37946"},{"taxonomy":"woo-feed-brand","embeddable":true,"href":"https:\/\/cultivers.es\/it\/wp-json\/wp\/v2\/woo-feed-brand?post=37946"}],"curies":[{"name":"wp","href":"https:\/\/api.w.org\/{rel}","templated":true}]}}