{"id":37947,"date":"2024-08-23T13:21:05","date_gmt":"2024-08-23T13:21:05","guid":{"rendered":"https:\/\/cultivers.es\/abonos\/broccoli-calinaro-semi-biologici\/"},"modified":"2025-11-10T14:01:46","modified_gmt":"2025-11-10T14:01:46","slug":"broccoli-calinaro-semi-biologici","status":"publish","type":"product","link":"https:\/\/cultivers.es\/it\/fertilizzanti\/broccoli-calinaro-semi-biologici\/","title":{"rendered":"Semi di Broccolo Calinaro"},"content":{"rendered":"","protected":false},"excerpt":{"rendered":"<p>I Semi di Broccolo Calinaro biologici ti permettono di coltivare uno degli ortaggi pi\u00f9 nutrienti e versatili in cucina. Questa variet\u00e0 di broccoli si distingue per le sue teste compatte, dense e di colore verde intenso, perfette per un&#8217;ampia gamma di ricette, dalle insalate ai piatti al vapore o al forno. <\/p>\n<ul>\n<li><strong>Variet\u00e0 di alta qualit\u00e0: il<\/strong> broccolo Calinaro \u00e8 noto per la sua eccellente qualit\u00e0, con teste grandi e strette che offrono un sapore delicato e delizioso. \u00c8 ideale per chi vuole aggiungere ai propri pasti un broccolo dalla consistenza perfetta e dal sapore fresco. <\/li>\n<li><strong>Ricco di sostanze nutritive:<\/strong> Questo broccolo \u00e8 una potente fonte di vitamine C e K, fibre e antiossidanti. \u00c8 un&#8217;aggiunta essenziale a una dieta equilibrata, che aiuta a rafforzare il sistema immunitario e a promuovere la salute delle ossa. <\/li>\n<li><strong>Crescita rapida e resistenza:<\/strong> Le piante di Broccolo Calinaro sono vigorose e resistenti e si adattano bene a diverse condizioni climatiche. Il suo ciclo di crescita relativamente breve ti permetter\u00e0 di godere di raccolti abbondanti in poco tempo. <\/li>\n<li><strong>Facile da coltivare:<\/strong> questi semi sono ideali sia per i principianti che per i giardinieri esperti. Il Broccolo Calinaro si adatta bene a terreni fertili e ben drenati, con una sufficiente esposizione al sole. \u00c8 adatto agli orti domestici, sia in pieno campo che in vasi di grandi dimensioni.  <\/li>\n<li><strong>Coltivazione biologica:<\/strong> i nostri semi di broccoli Calinaro sono 100% biologici, il che garantisce una coltivazione sostenibile e senza l&#8217;uso di sostanze chimiche dannose. Cos\u00ec potrai gustare broccoli freschi e sani direttamente dal tuo orto. <\/li>\n<\/ul>\n<p>Aggiungi valore nutrizionale e sapore al tuo orto con i semi di broccoli biologici Calinaro. Perfetti per un&#8217;ampia variet\u00e0 di piatti e facili da coltivare, questi semi sono una scelta eccellente per ogni giardiniere attento alla salute: ordina ora e goditi dei broccoli freschi e biologici sulla tua tavola!  <\/p>\n","protected":false},"featured_media":32364,"comment_status":"open","ping_status":"closed","template":"","meta":{"_acf_changed":false},"product_brand":[],"product_cat":[436,437],"product_tag":[1577],"class_list":{"0":"post-37947","1":"product","2":"type-product","3":"status-publish","4":"has-post-thumbnail","6":"product_cat-semi-biologici","7":"product_cat-semi-di-brassica-biologici","8":"product_tag-eco","10":"first","11":"instock","12":"taxable","13":"shipping-taxable","14":"purchasable","15":"product-type-simple"},"acf":[],"_links":{"self":[{"href":"https:\/\/cultivers.es\/it\/wp-json\/wp\/v2\/product\/37947","targetHints":{"allow":["GET"]}}],"collection":[{"href":"https:\/\/cultivers.es\/it\/wp-json\/wp\/v2\/product"}],"about":[{"href":"https:\/\/cultivers.es\/it\/wp-json\/wp\/v2\/types\/product"}],"replies":[{"embeddable":true,"href":"https:\/\/cultivers.es\/it\/wp-json\/wp\/v2\/comments?post=37947"}],"wp:featuredmedia":[{"embeddable":true,"href":"https:\/\/cultivers.es\/it\/wp-json\/wp\/v2\/media\/32364"}],"wp:attachment":[{"href":"https:\/\/cultivers.es\/it\/wp-json\/wp\/v2\/media?parent=37947"}],"wp:term":[{"taxonomy":"product_brand","embeddable":true,"href":"https:\/\/cultivers.es\/it\/wp-json\/wp\/v2\/product_brand?post=37947"},{"taxonomy":"product_cat","embeddable":true,"href":"https:\/\/cultivers.es\/it\/wp-json\/wp\/v2\/product_cat?post=37947"},{"taxonomy":"product_tag","embeddable":true,"href":"https:\/\/cultivers.es\/it\/wp-json\/wp\/v2\/product_tag?post=37947"}],"curies":[{"name":"wp","href":"https:\/\/api.w.org\/{rel}","templated":true}]}}