{"id":37956,"date":"2024-09-10T07:30:53","date_gmt":"2024-09-10T07:30:53","guid":{"rendered":"https:\/\/cultivers.es\/abonos\/semi-di-cetriolo-marketmore-biologici-demeter\/"},"modified":"2025-09-22T04:50:17","modified_gmt":"2025-09-22T04:50:17","slug":"semi-di-cetriolo-marketmore-biologici-demeter","status":"publish","type":"product","link":"https:\/\/cultivers.es\/it\/fertilizzanti\/semi-di-cetriolo-marketmore-biologici-demeter\/","title":{"rendered":"Semi di cetriolo Marketmore Biodinamico Demeter"},"content":{"rendered":"","protected":false},"excerpt":{"rendered":"<p>Coltiva cetrioli freschi e croccanti con i nostri semi di cetriolo Marketmore Organic di Demeter. Questa variet\u00e0 \u00e8 apprezzata per la sua capacit\u00e0 di produrre frutti uniformi e di ottimo sapore, ideali per insalate, sottaceti e succhi. Certificati Demeter, questi semi garantiscono un raccolto conforme ai pi\u00f9 alti standard dell&#8217;agricoltura biodinamica e biologica.  <\/p>\n<ul>\n<li><strong>Frutti uniformi e gustosi:<\/strong> il cetriolo Marketmore produce cetrioli dalla buccia verde scuro e dalla forma cilindrica, noti per la loro consistenza soda e il loro sapore delicato e rinfrescante. Le loro dimensioni e qualit\u00e0 li rendono perfetti per una variet\u00e0 di usi culinari. <\/li>\n<li><strong>Alta produttivit\u00e0:<\/strong> questa variet\u00e0 \u00e8 nota per la sua robustezza e per la sua capacit\u00e0 di produrre un&#8217;elevata quantit\u00e0 di frutti per tutta la stagione, il che la rende ideale per i frutteti domestici e commerciali.<\/li>\n<li><strong>Resistenza alle malattie:<\/strong> Il cetriolo Marketmore \u00e8 resistente a diverse malattie comuni che colpiscono i cetrioli, il che facilita la coltivazione e riduce al minimo la necessit\u00e0 di interventi chimici.<\/li>\n<li><strong>Certificato Demeter:<\/strong> coltivati secondo i principi dell&#8217;agricoltura biodinamica, questi semi non solo garantiscono un prodotto privo di pesticidi e sostanze chimiche, ma promuovono anche la salute del suolo e dell&#8217;ecosistema circostante.<\/li>\n<li><strong>Facile da coltivare:<\/strong> adatto sia alla coltivazione in campo aperto che in serra, il cetriolo Marketmore \u00e8 una scelta eccellente per i giardinieri di tutti i livelli, in quanto offre risultati gratificanti con una cura di base.<\/li>\n<\/ul>\n<p>Prova la differenza Demeter nel tuo orto con i semi di cetriolo biologico Marketmore. Coltiva i tuoi cetrioli di altissima qualit\u00e0 e goditi la freschezza e il sapore che solo l&#8217;agricoltura biologica e biodinamica pu\u00f2 offrire: ordina oggi stesso e porta l&#8217;eccellenza nel tuo orto e nella tua cucina!  <\/p>\n","protected":false},"featured_media":33800,"comment_status":"open","ping_status":"closed","template":"","meta":{"_acf_changed":false},"product_brand":[],"product_cat":[436,1305],"product_tag":[1383],"class_list":{"0":"post-37956","1":"product","2":"type-product","3":"status-publish","4":"has-post-thumbnail","6":"product_cat-semi-biologici","7":"product_cat-semi-di-demeter","8":"product_tag-demeter-it","10":"first","11":"instock","12":"sale","13":"taxable","14":"shipping-taxable","15":"purchasable","16":"product-type-simple"},"acf":[],"_links":{"self":[{"href":"https:\/\/cultivers.es\/it\/wp-json\/wp\/v2\/product\/37956","targetHints":{"allow":["GET"]}}],"collection":[{"href":"https:\/\/cultivers.es\/it\/wp-json\/wp\/v2\/product"}],"about":[{"href":"https:\/\/cultivers.es\/it\/wp-json\/wp\/v2\/types\/product"}],"replies":[{"embeddable":true,"href":"https:\/\/cultivers.es\/it\/wp-json\/wp\/v2\/comments?post=37956"}],"wp:featuredmedia":[{"embeddable":true,"href":"https:\/\/cultivers.es\/it\/wp-json\/wp\/v2\/media\/33800"}],"wp:attachment":[{"href":"https:\/\/cultivers.es\/it\/wp-json\/wp\/v2\/media?parent=37956"}],"wp:term":[{"taxonomy":"product_brand","embeddable":true,"href":"https:\/\/cultivers.es\/it\/wp-json\/wp\/v2\/product_brand?post=37956"},{"taxonomy":"product_cat","embeddable":true,"href":"https:\/\/cultivers.es\/it\/wp-json\/wp\/v2\/product_cat?post=37956"},{"taxonomy":"product_tag","embeddable":true,"href":"https:\/\/cultivers.es\/it\/wp-json\/wp\/v2\/product_tag?post=37956"}],"curies":[{"name":"wp","href":"https:\/\/api.w.org\/{rel}","templated":true}]}}