{"id":37976,"date":"2024-09-10T10:10:30","date_gmt":"2024-09-10T10:10:30","guid":{"rendered":"https:\/\/cultivers.es\/abonos\/semi-di-lupino-blu-biologico\/"},"modified":"2025-09-22T04:50:44","modified_gmt":"2025-09-22T04:50:44","slug":"semi-di-lupino-blu-biologico","status":"publish","type":"product","link":"https:\/\/cultivers.es\/it\/fertilizzanti\/semi-di-lupino-blu-biologico\/","title":{"rendered":"Semi di lupino blu"},"content":{"rendered":"","protected":false},"excerpt":{"rendered":"<div class=\"flex-shrink-0 flex flex-col relative items-end\">\n<div>\n<div class=\"pt-0\">\n<div class=\"gizmo-bot-avatar flex h-8 w-8 items-center justify-center overflow-hidden rounded-full\"><\/div>\n<\/div>\n<\/div>\n<\/div>\n<div class=\"group\/conversation-turn relative flex w-full min-w-0 flex-col agent-turn\">\n<div class=\"flex-col gap-1 md:gap-3\">\n<div class=\"flex max-w-full flex-col flex-grow AIPRM__conversation__response\">\n<div class=\"min-h-[20px] text-message flex w-full flex-col items-end gap-2 whitespace-normal break-words [.text-message+&amp;]:mt-5\" dir=\"auto\" data-message-author-role=\"assistant\" data-message-id=\"3111d635-fd30-4d4c-8429-5c710930b4b0\">\n<div class=\"flex w-full flex-col gap-1 empty:hidden first:pt-[3px]\">\n<div class=\"markdown prose w-full break-words dark:prose-invert light\">\n<p>Introduci uno spettacolo di colore e sostenibilit\u00e0 nel tuo giardino con i nostri Semi di Lupino Blu Biologici. Questa pianta non solo abbellisce lo spazio con i suoi vivaci fiori blu, ma svolge anche un ruolo fondamentale nel migliorare la qualit\u00e0 del suolo, grazie alla sua capacit\u00e0 di fissare l&#8217;azoto, arricchendo l&#8217;ambiente del tuo giardino. <\/p>\n<ul>\n<li><strong>Fiori vivaci:<\/strong> Il lupino blu \u00e8 noto per i suoi splendidi fiori dalle intense sfumature di blu, che aggiungono un tocco drammatico e colorato a qualsiasi giardino.<\/li>\n<li><strong>Miglioramento del suolo:<\/strong> come legume, il Lupino blu fissa naturalmente l&#8217;azoto nel terreno, migliorando la fertilit\u00e0 del suolo senza bisogno di fertilizzanti chimici. Per questo motivo \u00e8 una scelta eccellente per la rotazione delle colture e per gli orti biologici. <\/li>\n<li><strong>Facile da coltivare:<\/strong> sebbene preferisca terreni ben drenati e una buona esposizione al sole, il Lupino blu \u00e8 relativamente facile da coltivare e pu\u00f2 adattarsi a una variet\u00e0 di condizioni climatiche e di terreno.<\/li>\n<li><strong>Sostenibilit\u00e0:<\/strong> coltivare il Lupino blu \u00e8 un modo efficace per favorire la sostenibilit\u00e0 del tuo giardino. Migliorando la salute del suolo in modo naturale, promuovi un ecosistema pi\u00f9 equilibrato e resistente. <\/li>\n<li><strong>Coltivazione biologica:<\/strong> i nostri semi sono 100% biologici, per garantire che il tuo giardino rimanga privo di sostanze chimiche e pesticidi e per promuovere pratiche di giardinaggio pi\u00f9 ecologiche e salutari.<\/li>\n<\/ul>\n<p>Trasforma il tuo giardino in un paradiso di colori e sostenibilit\u00e0 con i nostri semi di lupino blu biologico. Non solo abbellirete il vostro spazio con fioriture splendenti, ma contribuirete anche alla salute ambientale del vostro giardino. Ordinate oggi stesso e iniziate a coltivare bellezza e benefici eco-compatibili!  <\/p>\n<\/div>\n<\/div>\n<\/div>\n<\/div>\n<\/div>\n<\/div>\n","protected":false},"featured_media":33843,"comment_status":"open","ping_status":"closed","template":"","meta":{"_acf_changed":false},"product_brand":[],"product_cat":[436,760],"product_tag":[1577],"woo-feed-brand":[],"class_list":{"0":"post-37976","1":"product","2":"type-product","3":"status-publish","4":"has-post-thumbnail","6":"product_cat-semi-biologici","7":"product_cat-semi-di-legumi-biologici","8":"product_tag-eco","10":"first","11":"instock","12":"taxable","13":"shipping-taxable","14":"purchasable","15":"product-type-simple"},"acf":[],"_links":{"self":[{"href":"https:\/\/cultivers.es\/it\/wp-json\/wp\/v2\/product\/37976","targetHints":{"allow":["GET"]}}],"collection":[{"href":"https:\/\/cultivers.es\/it\/wp-json\/wp\/v2\/product"}],"about":[{"href":"https:\/\/cultivers.es\/it\/wp-json\/wp\/v2\/types\/product"}],"replies":[{"embeddable":true,"href":"https:\/\/cultivers.es\/it\/wp-json\/wp\/v2\/comments?post=37976"}],"wp:featuredmedia":[{"embeddable":true,"href":"https:\/\/cultivers.es\/it\/wp-json\/wp\/v2\/media\/33843"}],"wp:attachment":[{"href":"https:\/\/cultivers.es\/it\/wp-json\/wp\/v2\/media?parent=37976"}],"wp:term":[{"taxonomy":"product_brand","embeddable":true,"href":"https:\/\/cultivers.es\/it\/wp-json\/wp\/v2\/product_brand?post=37976"},{"taxonomy":"product_cat","embeddable":true,"href":"https:\/\/cultivers.es\/it\/wp-json\/wp\/v2\/product_cat?post=37976"},{"taxonomy":"product_tag","embeddable":true,"href":"https:\/\/cultivers.es\/it\/wp-json\/wp\/v2\/product_tag?post=37976"},{"taxonomy":"woo-feed-brand","embeddable":true,"href":"https:\/\/cultivers.es\/it\/wp-json\/wp\/v2\/woo-feed-brand?post=37976"}],"curies":[{"name":"wp","href":"https:\/\/api.w.org\/{rel}","templated":true}]}}