{"id":37997,"date":"2024-09-10T12:55:32","date_gmt":"2024-09-10T12:55:32","guid":{"rendered":"https:\/\/cultivers.es\/abonos\/semi-di-pomodoro-citrino-biologico\/"},"modified":"2025-09-22T04:50:59","modified_gmt":"2025-09-22T04:50:59","slug":"semi-di-pomodoro-citrino-biologico","status":"publish","type":"product","link":"https:\/\/cultivers.es\/it\/fertilizzanti\/semi-di-pomodoro-citrino-biologico\/","title":{"rendered":"Semi di pomodoro citrino"},"content":{"rendered":"","protected":false},"excerpt":{"rendered":"<p>Dai un tocco speciale al tuo orto con i nostri semi di pomodoro citrino biologico. Questo pomodoro, noto per la sua forma ovale e il colore giallo brillante, assomiglia a un piccolo limone sia nell&#8217;aspetto che nel sapore. Il suo sapore leggermente agrumato e la sua consistenza croccante rendono il Pomodoro Citrino perfetto per insalate, antipasti e altre preparazioni culinarie in cui si desidera un tocco rinfrescante.  <\/p>\n<ul>\n<li><strong>Colore vibrante e forma unica: i<\/strong> pomodori Citrina si distinguono per il loro colore giallo brillante e la loro forma ovale, che ricorda quella di un limone. Questi pomodori non solo attirano l&#8217;attenzione, ma aggiungono un elemento visivo straordinario a qualsiasi piatto. <\/li>\n<li><strong>Sapore fresco di agrumi:<\/strong> con un profilo di sapore leggermente acido, questi pomodori offrono un&#8217;esperienza culinaria unica, ideale per chi vuole innovare in cucina con nuovi sapori.<\/li>\n<li><strong>Elevata produttivit\u00e0:<\/strong> la pianta di pomodoro Citrina \u00e8 nota per la sua robustezza e per la capacit\u00e0 di produrre una grande quantit\u00e0 di frutti durante tutta la stagione, garantendo un raccolto abbondante.<\/li>\n<li><strong>Facile da coltivare:<\/strong> adatto alla coltivazione in una variet\u00e0 di climi e condizioni del terreno, il pomodoro Citrina \u00e8 una scelta eccellente per i giardinieri di tutti i livelli, dai principianti agli esperti.<\/li>\n<li><strong>Coltivazione biologica:<\/strong> i nostri semi sono 100% biologici, coltivati senza l&#8217;uso di pesticidi o fertilizzanti chimici, il che garantisce un prodotto sano ed ecologico.<\/li>\n<\/ul>\n<p>Aggiungi sapore, colore e originalit\u00e0 al tuo orto con il Pomodoro Citrina. Questi semi biologici ti permetteranno di gustare pomodori con un tocco unico di agrumi, perfetti per rinfrescare le tue ricette preferite. Ordina ora e prova il gusto vibrante e la bellezza del Pomodoro Citrina nel tuo orto!  <\/p>\n","protected":false},"featured_media":33873,"comment_status":"open","ping_status":"closed","template":"","meta":{"_acf_changed":false},"product_brand":[],"product_cat":[436,440],"product_tag":[1577],"class_list":{"0":"post-37997","1":"product","2":"type-product","3":"status-publish","4":"has-post-thumbnail","6":"product_cat-semi-biologici","7":"product_cat-semi-di-frutta-e-verdura-biologici","8":"product_tag-eco","10":"first","11":"instock","12":"taxable","13":"shipping-taxable","14":"purchasable","15":"product-type-simple"},"acf":[],"_links":{"self":[{"href":"https:\/\/cultivers.es\/it\/wp-json\/wp\/v2\/product\/37997","targetHints":{"allow":["GET"]}}],"collection":[{"href":"https:\/\/cultivers.es\/it\/wp-json\/wp\/v2\/product"}],"about":[{"href":"https:\/\/cultivers.es\/it\/wp-json\/wp\/v2\/types\/product"}],"replies":[{"embeddable":true,"href":"https:\/\/cultivers.es\/it\/wp-json\/wp\/v2\/comments?post=37997"}],"wp:featuredmedia":[{"embeddable":true,"href":"https:\/\/cultivers.es\/it\/wp-json\/wp\/v2\/media\/33873"}],"wp:attachment":[{"href":"https:\/\/cultivers.es\/it\/wp-json\/wp\/v2\/media?parent=37997"}],"wp:term":[{"taxonomy":"product_brand","embeddable":true,"href":"https:\/\/cultivers.es\/it\/wp-json\/wp\/v2\/product_brand?post=37997"},{"taxonomy":"product_cat","embeddable":true,"href":"https:\/\/cultivers.es\/it\/wp-json\/wp\/v2\/product_cat?post=37997"},{"taxonomy":"product_tag","embeddable":true,"href":"https:\/\/cultivers.es\/it\/wp-json\/wp\/v2\/product_tag?post=37997"}],"curies":[{"name":"wp","href":"https:\/\/api.w.org\/{rel}","templated":true}]}}