{"id":38006,"date":"2024-09-10T13:03:22","date_gmt":"2024-09-10T13:03:22","guid":{"rendered":"https:\/\/cultivers.es\/abonos\/semi-di-pomodoro-biologici-crimee-noire-crimee\/"},"modified":"2026-03-04T15:21:34","modified_gmt":"2026-03-04T15:21:34","slug":"semi-di-pomodoro-biologici-crimee-noire-crimee","status":"publish","type":"product","link":"https:\/\/cultivers.es\/it\/fertilizzanti\/semi-di-pomodoro-biologici-crimee-noire-crimee\/","title":{"rendered":"Semi di pomodoro Crim\u00e9e Noire"},"content":{"rendered":"","protected":false},"excerpt":{"rendered":"<p>Arricchisci il tuo orto con il caratteristico e squisito pomodoro Crim\u00e9e Noire, grazie ai nostri semi biologici. Questa variet\u00e0, nota anche come &#8220;Crimea Nera&#8221;, \u00e8 famosa per il suo colore scuro, quasi nero, e per il suo sapore intenso e dolce, che lo rende il preferito da chi cerca un pomodoro fuori dal comune. Perfetto per insalate, salse o semplicemente da gustare a fette con un tocco di olio d&#8217;oliva e sale.  <\/p>\n<ul>\n<li><strong>Colore esotico:<\/strong> il pomodoro Crim\u00e9e Noire si distingue per la sua buccia di colore che va dal marrone scuro al viola intenso, quasi nero, e per la polpa di colore rosso vivo, che insieme creano un impatto visivo unico in cucina.<\/li>\n<li><strong>Sapore complesso:<\/strong> rinomato per il suo profilo aromatico ricco e leggermente affumicato, con note dolci e un perfetto equilibrio di acidit\u00e0, questo pomodoro \u00e8 ideale per elevare qualsiasi piatto.<\/li>\n<li><strong>Consistenza carnosa:<\/strong> i pomodori Noire Crim\u00e9e hanno una consistenza carnosa e succosa, che li rende perfetti per essere consumati freschi o per essere utilizzati in ricette che richiedono una cottura minima per preservarne il sapore e la consistenza.<\/li>\n<li><strong>Alta produttivit\u00e0:<\/strong> questa variet\u00e0 produce frutti grandi e costanti per tutta la stagione, garantendo un raccolto abbondante e soddisfacente.<\/li>\n<li><strong>Coltivazione biologica:<\/strong> i nostri semi sono 100% biologici, coltivati senza pesticidi o fertilizzanti chimici, garantendo una coltivazione sostenibile ed ecologica.<\/li>\n<\/ul>\n<p>Scopri il gusto e la bellezza del Pomodoro Crim\u00e9e Noire nel tuo orto. Con i nostri semi biologici potrai coltivare pomodori che non solo si distinguono per il loro aspetto e il loro sapore unico, ma che contribuiscono anche a un orto pi\u00f9 sano ed ecologico. Ordina oggi stesso e preparati a vivere un&#8217;esperienza culinaria eccezionale!  <\/p>\n","protected":false},"featured_media":33880,"comment_status":"open","ping_status":"closed","template":"","meta":{"_acf_changed":false},"product_brand":[],"product_cat":[436,440],"product_tag":[1577],"woo-feed-brand":[],"class_list":{"0":"post-38006","1":"product","2":"type-product","3":"status-publish","4":"has-post-thumbnail","6":"product_cat-semi-biologici","7":"product_cat-semi-di-frutta-e-verdura-biologici","8":"product_tag-eco","10":"first","11":"instock","12":"taxable","13":"shipping-taxable","14":"purchasable","15":"product-type-simple"},"acf":[],"_links":{"self":[{"href":"https:\/\/cultivers.es\/it\/wp-json\/wp\/v2\/product\/38006","targetHints":{"allow":["GET"]}}],"collection":[{"href":"https:\/\/cultivers.es\/it\/wp-json\/wp\/v2\/product"}],"about":[{"href":"https:\/\/cultivers.es\/it\/wp-json\/wp\/v2\/types\/product"}],"replies":[{"embeddable":true,"href":"https:\/\/cultivers.es\/it\/wp-json\/wp\/v2\/comments?post=38006"}],"wp:featuredmedia":[{"embeddable":true,"href":"https:\/\/cultivers.es\/it\/wp-json\/wp\/v2\/media\/33880"}],"wp:attachment":[{"href":"https:\/\/cultivers.es\/it\/wp-json\/wp\/v2\/media?parent=38006"}],"wp:term":[{"taxonomy":"product_brand","embeddable":true,"href":"https:\/\/cultivers.es\/it\/wp-json\/wp\/v2\/product_brand?post=38006"},{"taxonomy":"product_cat","embeddable":true,"href":"https:\/\/cultivers.es\/it\/wp-json\/wp\/v2\/product_cat?post=38006"},{"taxonomy":"product_tag","embeddable":true,"href":"https:\/\/cultivers.es\/it\/wp-json\/wp\/v2\/product_tag?post=38006"},{"taxonomy":"woo-feed-brand","embeddable":true,"href":"https:\/\/cultivers.es\/it\/wp-json\/wp\/v2\/woo-feed-brand?post=38006"}],"curies":[{"name":"wp","href":"https:\/\/api.w.org\/{rel}","templated":true}]}}