{"id":38007,"date":"2024-09-10T13:08:48","date_gmt":"2024-09-10T13:08:48","guid":{"rendered":"https:\/\/cultivers.es\/abonos\/semi-biologici-di-pheno-greco\/"},"modified":"2025-09-22T05:26:36","modified_gmt":"2025-09-22T05:26:36","slug":"semi-biologici-di-pheno-greco","status":"publish","type":"product","link":"https:\/\/cultivers.es\/it\/fertilizzanti\/semi-biologici-di-pheno-greco\/","title":{"rendered":"Semi di Feno Greco"},"content":{"rendered":"","protected":false},"excerpt":{"rendered":"<p>Aggiungi un tocco di esotismo e salute al tuo giardino con i nostri semi di fieno greco biologici. Conosciuto anche come fieno greco, il fieno greco \u00e8 una pianta versatile e medicinale, apprezzata sia per i suoi semi aromatici utilizzati nella cucina mondiale sia per le sue foglie nutrienti nelle insalate e nei piatti cucinati. Questa coltura non solo arricchir\u00e0 i tuoi pasti, ma migliorer\u00e0 anche la qualit\u00e0 del terreno del tuo giardino.  <\/p>\n<ul>\n<li><strong>Sapore e aroma intensi: il<\/strong> fieno greco \u00e8 famoso per il suo sapore forte, leggermente amaro e di noce, che viene utilizzato sia nei piatti che nel t\u00e8. \u00c8 un ingrediente comune nelle miscele di spezie della cucina indiana e mediorientale. <\/li>\n<li><strong>Benefici nutrizionali:<\/strong> ricco di proteine, vitamine e minerali come ferro e magnesio, il fieno greco \u00e8 un&#8217;ottima aggiunta a una dieta sana, nota per le sue propriet\u00e0 di migliorare la digestione e regolare gli zuccheri nel sangue.<\/li>\n<li><strong>Facile da coltivare:<\/strong> questa pianta \u00e8 relativamente facile da coltivare e si adatta bene a una variet\u00e0 di condizioni climatiche e di terreno, rendendola ideale sia per i principianti che per i giardinieri esperti.<\/li>\n<li><strong>Miglioramento del terreno:<\/strong> in quanto legume, il fieno greco ha la capacit\u00e0 di fissare l&#8217;azoto nel terreno, arricchendone la fertilit\u00e0 e beneficiando le altre colture piantate nelle vicinanze.<\/li>\n<li><strong>Coltivazione biologica:<\/strong> coltivati secondo rigorosi standard biologici, i nostri semi di fieno greco garantiscono un prodotto privo di sostanze chimiche, promuovendo un giardino sostenibile e sano.<\/li>\n<\/ul>\n<p>Arricchisci la tua cucina e il tuo giardino con i versatili semi di fieno greco biologici. Che tu sia interessato ai suoi benefici per la salute o ai suoi usi culinari, il fieno greco \u00e8 un&#8217;aggiunta preziosa e sostenibile a qualsiasi giardino: ordina oggi stesso e scopri i ricchi sapori e i benefici di questa pianta straordinaria!  <\/p>\n","protected":false},"featured_media":33887,"comment_status":"open","ping_status":"closed","template":"","meta":{"_acf_changed":false},"product_brand":[],"product_cat":[732,436],"product_tag":[1577],"class_list":{"0":"post-38007","1":"product","2":"type-product","3":"status-publish","4":"has-post-thumbnail","6":"product_cat-semi-aromatici-biologici","7":"product_cat-semi-biologici","8":"product_tag-eco","10":"first","11":"instock","12":"taxable","13":"shipping-taxable","14":"purchasable","15":"product-type-simple"},"acf":[],"_links":{"self":[{"href":"https:\/\/cultivers.es\/it\/wp-json\/wp\/v2\/product\/38007","targetHints":{"allow":["GET"]}}],"collection":[{"href":"https:\/\/cultivers.es\/it\/wp-json\/wp\/v2\/product"}],"about":[{"href":"https:\/\/cultivers.es\/it\/wp-json\/wp\/v2\/types\/product"}],"replies":[{"embeddable":true,"href":"https:\/\/cultivers.es\/it\/wp-json\/wp\/v2\/comments?post=38007"}],"wp:featuredmedia":[{"embeddable":true,"href":"https:\/\/cultivers.es\/it\/wp-json\/wp\/v2\/media\/33887"}],"wp:attachment":[{"href":"https:\/\/cultivers.es\/it\/wp-json\/wp\/v2\/media?parent=38007"}],"wp:term":[{"taxonomy":"product_brand","embeddable":true,"href":"https:\/\/cultivers.es\/it\/wp-json\/wp\/v2\/product_brand?post=38007"},{"taxonomy":"product_cat","embeddable":true,"href":"https:\/\/cultivers.es\/it\/wp-json\/wp\/v2\/product_cat?post=38007"},{"taxonomy":"product_tag","embeddable":true,"href":"https:\/\/cultivers.es\/it\/wp-json\/wp\/v2\/product_tag?post=38007"}],"curies":[{"name":"wp","href":"https:\/\/api.w.org\/{rel}","templated":true}]}}