{"id":38017,"date":"2024-09-11T12:12:42","date_gmt":"2024-09-11T12:12:42","guid":{"rendered":"https:\/\/cultivers.es\/abonos\/semi-di-zucca-neri-biologici-futsu\/"},"modified":"2025-11-10T14:01:52","modified_gmt":"2025-11-10T14:01:52","slug":"semi-di-zucca-neri-biologici-futsu","status":"publish","type":"product","link":"https:\/\/cultivers.es\/it\/fertilizzanti\/semi-di-zucca-neri-biologici-futsu\/","title":{"rendered":"Semi di zucca Futsu nero"},"content":{"rendered":"","protected":false},"excerpt":{"rendered":"<p>Scopri il fascino e l&#8217;eleganza di una variet\u00e0 tradizionale giapponese con i nostri semi di zucca nera Futsu biologici. Questa zucca \u00e8 caratterizzata da una buccia scura, quasi nera, che matura in una tonalit\u00e0 marrone e rigata, con una polpa arancione intenso e un sapore dolce e nocciolato. Perfetta per zuppe, puree, arrosti e dessert, la zucca Futsu Black \u00e8 una scelta gourmet che aggiunge distinzione e sapore alla tua cucina.  <\/p>\n<ul>\n<li><strong>Sapore dolce e delicato:<\/strong> la polpa della zucca nera Futsu ha un sapore dolce e delicato con una nota di nocciola, che la rende deliziosa in qualsiasi piatto, dalle zuppe cremose ai contorni arrostiti.<\/li>\n<li><strong>Consistenza vellutata:<\/strong> la sua polpa soda e morbida lo rende ideale per ogni tipo di preparazione culinaria. Al forno, cotta o in purea, offre una consistenza fine e cremosa. <\/li>\n<li><strong>Estetica unica:<\/strong> con la sua pelle scura che diventa marrone man mano che matura e la sua forma a coste, la Zucca Nera Futsu \u00e8 perfetta anche per decorazioni autunnali e presentazioni eleganti.<\/li>\n<li><strong>Resistenza e produttivit\u00e0:<\/strong> questa variet\u00e0 di zucca \u00e8 facile da coltivare e offre un&#8217;elevata produzione di frutti di dimensioni medio-grandi, resistenti e durevoli, ideali per lunghi raccolti.<\/li>\n<li><strong>Coltivazione biologica:<\/strong> i nostri semi sono 100% biologici, coltivati senza l&#8217;uso di sostanze chimiche, il che garantisce una zucca sana, sostenibile e rispettosa dell&#8217;ambiente.<\/li>\n<\/ul>\n<p>Aggiungi un tocco di raffinatezza e sapore al tuo orto con i semi di zucca biologica Futsu Black. Perfetta per gli amanti della cucina gourmet, questa variet\u00e0 offre un&#8217;esperienza culinaria unica e una coltivazione biologica. Ordina oggi stesso e goditi la bellezza e il sapore di questa gemma giapponese nel tuo orto.  <\/p>\n","protected":false},"featured_media":33927,"comment_status":"open","ping_status":"closed","template":"","meta":{"_acf_changed":false},"product_brand":[],"product_cat":[436,440],"product_tag":[1577],"class_list":{"0":"post-38017","1":"product","2":"type-product","3":"status-publish","4":"has-post-thumbnail","6":"product_cat-semi-biologici","7":"product_cat-semi-di-frutta-e-verdura-biologici","8":"product_tag-eco","10":"first","11":"instock","12":"taxable","13":"shipping-taxable","14":"purchasable","15":"product-type-simple"},"acf":[],"_links":{"self":[{"href":"https:\/\/cultivers.es\/it\/wp-json\/wp\/v2\/product\/38017","targetHints":{"allow":["GET"]}}],"collection":[{"href":"https:\/\/cultivers.es\/it\/wp-json\/wp\/v2\/product"}],"about":[{"href":"https:\/\/cultivers.es\/it\/wp-json\/wp\/v2\/types\/product"}],"replies":[{"embeddable":true,"href":"https:\/\/cultivers.es\/it\/wp-json\/wp\/v2\/comments?post=38017"}],"wp:featuredmedia":[{"embeddable":true,"href":"https:\/\/cultivers.es\/it\/wp-json\/wp\/v2\/media\/33927"}],"wp:attachment":[{"href":"https:\/\/cultivers.es\/it\/wp-json\/wp\/v2\/media?parent=38017"}],"wp:term":[{"taxonomy":"product_brand","embeddable":true,"href":"https:\/\/cultivers.es\/it\/wp-json\/wp\/v2\/product_brand?post=38017"},{"taxonomy":"product_cat","embeddable":true,"href":"https:\/\/cultivers.es\/it\/wp-json\/wp\/v2\/product_cat?post=38017"},{"taxonomy":"product_tag","embeddable":true,"href":"https:\/\/cultivers.es\/it\/wp-json\/wp\/v2\/product_tag?post=38017"}],"curies":[{"name":"wp","href":"https:\/\/api.w.org\/{rel}","templated":true}]}}