{"id":38028,"date":"2024-09-11T12:20:32","date_gmt":"2024-09-11T12:20:32","guid":{"rendered":"https:\/\/cultivers.es\/abonos\/semi-di-zucca-dolci-biologici\/"},"modified":"2025-09-22T05:13:46","modified_gmt":"2025-09-22T05:13:46","slug":"semi-di-zucca-dolci-biologici","status":"publish","type":"product","link":"https:\/\/cultivers.es\/it\/fertilizzanti\/semi-di-zucca-dolci-biologici\/","title":{"rendered":"Semi di zucca dolci"},"content":{"rendered":"","protected":false},"excerpt":{"rendered":"<p>Riempi il tuo giardino di sapore e bellezza con i nostri semi di zucca dolci biologici. Questa variet\u00e0, nota per la sua forma piccola e la buccia bianca con strisce verdi, offre una polpa arancione dal sapore dolce e delicato. Ideale per piatti arrosto, ripieni o in purea, la zucca dolce \u00e8 perfetta per chi cerca un&#8217;opzione deliziosa e visivamente accattivante.  <\/p>\n<ul>\n<li><strong>Sapore dolce e delicato:<\/strong> la polpa della zucca \u00e8 dolce e tenera, con una nota di nocciola, che la rende una scelta eccellente per una variet\u00e0 di ricette, dagli arrosti ai dessert salutari.<\/li>\n<li><strong>Dimensioni compatte:<\/strong> grazie alle sue dimensioni ridotte, questa zucca \u00e8 perfetta per le porzioni individuali, quindi \u00e8 ideale per essere farcita e servita come piatto principale durante le cene o come contorno creativo.<\/li>\n<li><strong>Attraente e decorativa:<\/strong> con la sua buccia chiara e le eleganti strisce verdi, la zucca Sweet Dumpling non \u00e8 solo deliziosa, ma anche perfetta per decorare la cucina o la tavola durante la stagione del raccolto.<\/li>\n<li><strong>Facile da coltivare:<\/strong> questa variet\u00e0 \u00e8 resistente e si adatta bene a diversi tipi di terreni e climi. \u00c8 anche produttiva e produce una buona quantit\u00e0 di frutti per pianta durante la stagione di crescita. <\/li>\n<li><strong>Coltivazione biologica:<\/strong> i nostri semi sono 100% biologici e garantiscono una coltivazione priva di pesticidi e sostanze chimiche, che assicura un raccolto sano e rispettoso dell&#8217;ambiente.<\/li>\n<\/ul>\n<p>Goditi il gusto dolce e la versatilit\u00e0 culinaria della zucca Sweet Dumpling. Coltiva questa deliziosa variet\u00e0 con i nostri semi biologici e aggiungi un tocco di delicatezza e distinzione al tuo giardino. Ordina oggi stesso e inizia a raccogliere zucche piene di sapore e bellezza!  <\/p>\n","protected":false},"featured_media":33941,"comment_status":"open","ping_status":"closed","template":"","meta":{"_acf_changed":false},"product_brand":[],"product_cat":[436,440],"product_tag":[1577],"woo-feed-brand":[],"class_list":{"0":"post-38028","1":"product","2":"type-product","3":"status-publish","4":"has-post-thumbnail","6":"product_cat-semi-biologici","7":"product_cat-semi-di-frutta-e-verdura-biologici","8":"product_tag-eco","10":"first","11":"instock","12":"taxable","13":"shipping-taxable","14":"purchasable","15":"product-type-simple"},"acf":[],"_links":{"self":[{"href":"https:\/\/cultivers.es\/it\/wp-json\/wp\/v2\/product\/38028","targetHints":{"allow":["GET"]}}],"collection":[{"href":"https:\/\/cultivers.es\/it\/wp-json\/wp\/v2\/product"}],"about":[{"href":"https:\/\/cultivers.es\/it\/wp-json\/wp\/v2\/types\/product"}],"replies":[{"embeddable":true,"href":"https:\/\/cultivers.es\/it\/wp-json\/wp\/v2\/comments?post=38028"}],"wp:featuredmedia":[{"embeddable":true,"href":"https:\/\/cultivers.es\/it\/wp-json\/wp\/v2\/media\/33941"}],"wp:attachment":[{"href":"https:\/\/cultivers.es\/it\/wp-json\/wp\/v2\/media?parent=38028"}],"wp:term":[{"taxonomy":"product_brand","embeddable":true,"href":"https:\/\/cultivers.es\/it\/wp-json\/wp\/v2\/product_brand?post=38028"},{"taxonomy":"product_cat","embeddable":true,"href":"https:\/\/cultivers.es\/it\/wp-json\/wp\/v2\/product_cat?post=38028"},{"taxonomy":"product_tag","embeddable":true,"href":"https:\/\/cultivers.es\/it\/wp-json\/wp\/v2\/product_tag?post=38028"},{"taxonomy":"woo-feed-brand","embeddable":true,"href":"https:\/\/cultivers.es\/it\/wp-json\/wp\/v2\/woo-feed-brand?post=38028"}],"curies":[{"name":"wp","href":"https:\/\/api.w.org\/{rel}","templated":true}]}}