{"id":38029,"date":"2024-09-11T12:28:12","date_gmt":"2024-09-11T12:28:12","guid":{"rendered":"https:\/\/cultivers.es\/abonos\/semi-di-rapa-60-giorni-biologici\/"},"modified":"2025-09-22T05:46:18","modified_gmt":"2025-09-22T05:46:18","slug":"semi-di-rapa-60-giorni-biologici","status":"publish","type":"product","link":"https:\/\/cultivers.es\/it\/fertilizzanti\/semi-di-rapa-60-giorni-biologici\/","title":{"rendered":"Cime di rapa 60 giorni Biodinamica Demeter"},"content":{"rendered":"","protected":false},"excerpt":{"rendered":"<p>Coltiva uno degli ortaggi pi\u00f9 apprezzati nella gastronomia tradizionale con i nostri semi di rapa 60 giorni biologici. Questa variet\u00e0 \u00e8 nota per la sua crescita rapida e per la produzione di cime di rapa dal sapore intenso in soli 60 giorni. Ideali per preparare piatti tipici come stufati e casseruole, le cime di rapa sono un&#8217;ottima fonte di nutrienti e aggiungono un tocco caratteristico alle tue ricette.  <\/p>\n<ul>\n<li><strong>Raccolta rapida in 60 giorni: la<\/strong> rapa Grelos \u00e8 una delle variet\u00e0 a crescita pi\u00f9 rapida, che ti permette di gustare le sue nutrienti foglie in soli due mesi, ideale per chi cerca un raccolto efficiente e produttivo.<\/li>\n<li><strong>Sapore intenso e tradizionale: le<\/strong> cime di rapa hanno un sapore leggermente amaro e piccante, caratteristico della cucina galiziana e del nord della Spagna, e sono ideali per accompagnare stufati, casseruole e altre ricette tradizionali.<\/li>\n<li><strong>Ricco di sostanze nutritive:<\/strong> Le cime di rapa sono un&#8217;ottima fonte di fibre, vitamine (A, C, K) e minerali essenziali come ferro e calcio, che contribuiscono a una dieta sana ed equilibrata.<\/li>\n<li><strong>Facile da coltivare:<\/strong> questa variet\u00e0 \u00e8 resistente e si adatta bene a diversi tipi di terreno, tollera i climi freschi ed \u00e8 ideale per le coltivazioni autunnali e invernali. Inoltre, richiede poca manutenzione, il che la rende adatta sia ai principianti che ai giardinieri esperti. <\/li>\n<li><strong>Coltivazione biologica:<\/strong> i nostri semi sono 100% biologici e garantiscono un raccolto privo di pesticidi e fertilizzanti chimici, che favorisce un raccolto sano e sostenibile.<\/li>\n<\/ul>\n<p>Goditi la tradizione e il sapore autentico delle cime di rapa nel tuo orto con i nostri semi di cime di rapa biologici 60 giorni. Aggiungi questo gioiello della cucina tradizionale ai tuoi piatti e coltiva in modo biologico: ordina oggi stesso e goditi un raccolto rapido e delizioso!  <\/p>\n","protected":false},"featured_media":33948,"comment_status":"open","ping_status":"closed","template":"","meta":{"_acf_changed":false},"product_brand":[],"product_cat":[436,437,1305],"product_tag":[1383],"woo-feed-brand":[],"class_list":{"0":"post-38029","1":"product","2":"type-product","3":"status-publish","4":"has-post-thumbnail","6":"product_cat-semi-biologici","7":"product_cat-semi-di-brassica-biologici","8":"product_cat-semi-di-demeter","9":"product_tag-demeter-it","11":"first","12":"outofstock","13":"sale","14":"taxable","15":"shipping-taxable","16":"purchasable","17":"product-type-variable"},"acf":[],"_links":{"self":[{"href":"https:\/\/cultivers.es\/it\/wp-json\/wp\/v2\/product\/38029","targetHints":{"allow":["GET"]}}],"collection":[{"href":"https:\/\/cultivers.es\/it\/wp-json\/wp\/v2\/product"}],"about":[{"href":"https:\/\/cultivers.es\/it\/wp-json\/wp\/v2\/types\/product"}],"replies":[{"embeddable":true,"href":"https:\/\/cultivers.es\/it\/wp-json\/wp\/v2\/comments?post=38029"}],"wp:featuredmedia":[{"embeddable":true,"href":"https:\/\/cultivers.es\/it\/wp-json\/wp\/v2\/media\/33948"}],"wp:attachment":[{"href":"https:\/\/cultivers.es\/it\/wp-json\/wp\/v2\/media?parent=38029"}],"wp:term":[{"taxonomy":"product_brand","embeddable":true,"href":"https:\/\/cultivers.es\/it\/wp-json\/wp\/v2\/product_brand?post=38029"},{"taxonomy":"product_cat","embeddable":true,"href":"https:\/\/cultivers.es\/it\/wp-json\/wp\/v2\/product_cat?post=38029"},{"taxonomy":"product_tag","embeddable":true,"href":"https:\/\/cultivers.es\/it\/wp-json\/wp\/v2\/product_tag?post=38029"},{"taxonomy":"woo-feed-brand","embeddable":true,"href":"https:\/\/cultivers.es\/it\/wp-json\/wp\/v2\/woo-feed-brand?post=38029"}],"curies":[{"name":"wp","href":"https:\/\/api.w.org\/{rel}","templated":true}]}}