{"id":38045,"date":"2024-09-11T13:10:32","date_gmt":"2024-09-11T13:10:32","guid":{"rendered":"https:\/\/cultivers.es\/abonos\/semi-di-carota-longue-rouge-sang-semi-di-carota-biologici\/"},"modified":"2025-09-22T05:46:32","modified_gmt":"2025-09-22T05:46:32","slug":"semi-di-carota-longue-rouge-sang-semi-di-carota-biologici","status":"publish","type":"product","link":"https:\/\/cultivers.es\/it\/fertilizzanti\/semi-di-carota-longue-rouge-sang-semi-di-carota-biologici\/","title":{"rendered":"Semi di carota Longue Rouge Sang"},"content":{"rendered":"","protected":false},"excerpt":{"rendered":"<p>Aggiungi un tocco di storia e di distinzione al tuo giardino con i nostri semi di carota Longue Rouge Sang biologici. Questa antica variet\u00e0 francese si caratterizza per la sua forma allungata e per il suo sorprendente colore rosso scuro, che non \u00e8 solo di grande impatto visivo, ma offre anche un sapore intenso e dolce. Ideale per chi cerca qualcosa di diverso nelle proprie coltivazioni, questa carota \u00e8 perfetta per insalate, stufati e arrosti.  <\/p>\n<ul>\n<li><strong>Colore unico e sorprendente:<\/strong> la carota Longue Rouge Sang \u00e8 nota per il suo caratteristico colore rosso scuro, che la fa risaltare sia nell&#8217;orto che nel piatto. Il suo colore vivace \u00e8 indice del suo alto contenuto di antiossidanti. <\/li>\n<li><strong>Sapore dolce e ricco:<\/strong> questa variet\u00e0 ha un sapore dolce, intenso e leggermente terroso, che la rende una scelta deliziosa per un&#8217;ampia gamma di piatti, da quelli crudi in insalata a quelli cotti in zuppe e stufati.<\/li>\n<li><strong>Consistenza soda:<\/strong> la polpa \u00e8 soda e croccante, il che la rende ideale sia per il consumo fresco che per la cottura. La sua consistenza \u00e8 perfetta per chi cerca carote con corpo e sapore nelle proprie ricette. <\/li>\n<li><strong>Facile da coltivare: la<\/strong> carota Longue Rouge Sang \u00e8 una variet\u00e0 robusta che si adatta bene a diversi tipi di terreno e condizioni climatiche. \u00c8 adatta a giardinieri di ogni livello e garantisce un raccolto soddisfacente in ogni stagione. <\/li>\n<li><strong>Coltivazione biologica:<\/strong> i nostri semi sono 100% biologici e garantiscono un raccolto privo di pesticidi e prodotti chimici, rispettoso dell&#8217;ambiente e perfetto per chi cerca un&#8217;alimentazione pi\u00f9 naturale e sostenibile.<\/li>\n<\/ul>\n<p>Coltiva una carota con una storia e una differenza con i semi di carota Longue Rouge Sang biologici. Goditi il loro colore vivace e il loro sapore eccezionale, coltivando in modo sostenibile: ordina oggi stesso e dai un tocco speciale al tuo giardino e alla tua cucina!  <\/p>\n","protected":false},"featured_media":33971,"comment_status":"open","ping_status":"closed","template":"","meta":{"_acf_changed":false},"product_brand":[],"product_cat":[436,441],"product_tag":[1577],"woo-feed-brand":[],"class_list":{"0":"post-38045","1":"product","2":"type-product","3":"status-publish","4":"has-post-thumbnail","6":"product_cat-semi-biologici","7":"product_cat-semi-di-radice-biologici","8":"product_tag-eco","10":"first","11":"outofstock","12":"taxable","13":"shipping-taxable","14":"purchasable","15":"product-type-simple"},"acf":[],"_links":{"self":[{"href":"https:\/\/cultivers.es\/it\/wp-json\/wp\/v2\/product\/38045","targetHints":{"allow":["GET"]}}],"collection":[{"href":"https:\/\/cultivers.es\/it\/wp-json\/wp\/v2\/product"}],"about":[{"href":"https:\/\/cultivers.es\/it\/wp-json\/wp\/v2\/types\/product"}],"replies":[{"embeddable":true,"href":"https:\/\/cultivers.es\/it\/wp-json\/wp\/v2\/comments?post=38045"}],"wp:featuredmedia":[{"embeddable":true,"href":"https:\/\/cultivers.es\/it\/wp-json\/wp\/v2\/media\/33971"}],"wp:attachment":[{"href":"https:\/\/cultivers.es\/it\/wp-json\/wp\/v2\/media?parent=38045"}],"wp:term":[{"taxonomy":"product_brand","embeddable":true,"href":"https:\/\/cultivers.es\/it\/wp-json\/wp\/v2\/product_brand?post=38045"},{"taxonomy":"product_cat","embeddable":true,"href":"https:\/\/cultivers.es\/it\/wp-json\/wp\/v2\/product_cat?post=38045"},{"taxonomy":"product_tag","embeddable":true,"href":"https:\/\/cultivers.es\/it\/wp-json\/wp\/v2\/product_tag?post=38045"},{"taxonomy":"woo-feed-brand","embeddable":true,"href":"https:\/\/cultivers.es\/it\/wp-json\/wp\/v2\/woo-feed-brand?post=38045"}],"curies":[{"name":"wp","href":"https:\/\/api.w.org\/{rel}","templated":true}]}}