{"id":38147,"date":"2024-04-28T14:49:12","date_gmt":"2024-04-28T14:49:12","guid":{"rendered":"https:\/\/cultivers.es\/abonos\/semi-di-trifoglio-incarnato-biologico-di-green-fertiliser\/"},"modified":"2026-04-13T06:34:54","modified_gmt":"2026-04-13T06:34:54","slug":"semi-di-trifoglio-incarnato-biologico-di-green-fertiliser","status":"publish","type":"product","link":"https:\/\/cultivers.es\/it\/fertilizzanti\/semi-di-trifoglio-incarnato-biologico-di-green-fertiliser\/","title":{"rendered":"Semi di trifoglio incarnato con fertilizzante verde"},"content":{"rendered":"","protected":false},"excerpt":{"rendered":"<p>I nostri semi di trifoglio incarnato biologico sono una scelta eccellente per migliorare la salute e la fertilit\u00e0 del tuo terreno in modo naturale e sostenibile. Il trifoglio incarnato \u00e8 noto per le sue propriet\u00e0 di sovescio e offre una serie di benefici specifici che aiuteranno a nutrire le tue colture e a mantenere la salute del tuo giardino nel rispetto dell&#8217;ambiente. <\/p>\n<ul>\n<li><strong>Propriet\u00e0 fertilizzanti verdi: il<\/strong> trifoglio \u00e8 una leguminosa che ha la capacit\u00e0 unica di fissare l&#8217;azoto atmosferico nel terreno, arricchendolo di questo nutriente vitale per la crescita delle piante.<\/li>\n<li><strong>Miglioramento della struttura del suolo:<\/strong> coltivando il trifoglio come sovescio, migliorerai la struttura del suolo, aumenterai la materia organica e incoraggerai l&#8217;attivit\u00e0 microbica benefica nel suolo.<\/li>\n<li><strong>Controllo delle erbe infestanti:<\/strong> la crescita vigorosa del trifoglio incarnato aiuta a sopprimere la crescita delle erbe infestanti competendo per le risorse del suolo, riducendo cos\u00ec la necessit\u00e0 di erbicidi.<\/li>\n<li><strong>Protezione e conservazione del suolo:<\/strong> la copertura vegetale fornita dal trifoglio incarnato aiuta a proteggere il suolo dall&#8217;erosione causata dal vento e dalla pioggia, mantenendo la struttura e la fertilit\u00e0 del suolo a lungo termine.<\/li>\n<li><strong>Coltivazione biologica:<\/strong> questi semi di trifoglio sono prodotti in modo biologico, senza l&#8217;uso di sostanze chimiche dannose, garantendo una fornitura naturale e sicura per il tuo giardino.<\/li>\n<\/ul>\n<p>Sfrutta i benefici naturali e la vitalit\u00e0 che il trifoglio incarnato offre come concime verde nel tuo orto. Coltiva un terreno pi\u00f9 fertile, equilibrato e sano in modo sostenibile e contribuisci alla cura dell&#8217;ambiente migliorando la produttivit\u00e0 delle tue colture. <\/p>\n","protected":false},"featured_media":24986,"comment_status":"open","ping_status":"closed","template":"","meta":{"_acf_changed":false},"product_brand":[],"product_cat":[1291,436],"product_tag":[1577],"woo-feed-brand":[],"class_list":{"0":"post-38147","1":"product","2":"type-product","3":"status-publish","4":"has-post-thumbnail","6":"product_cat-coperture-vegetali-per-fertilizzanti-verdi","7":"product_cat-semi-biologici","8":"product_tag-eco","10":"first","11":"instock","12":"taxable","13":"shipping-taxable","14":"purchasable","15":"product-type-simple"},"acf":[],"_links":{"self":[{"href":"https:\/\/cultivers.es\/it\/wp-json\/wp\/v2\/product\/38147","targetHints":{"allow":["GET"]}}],"collection":[{"href":"https:\/\/cultivers.es\/it\/wp-json\/wp\/v2\/product"}],"about":[{"href":"https:\/\/cultivers.es\/it\/wp-json\/wp\/v2\/types\/product"}],"replies":[{"embeddable":true,"href":"https:\/\/cultivers.es\/it\/wp-json\/wp\/v2\/comments?post=38147"}],"wp:featuredmedia":[{"embeddable":true,"href":"https:\/\/cultivers.es\/it\/wp-json\/wp\/v2\/media\/24986"}],"wp:attachment":[{"href":"https:\/\/cultivers.es\/it\/wp-json\/wp\/v2\/media?parent=38147"}],"wp:term":[{"taxonomy":"product_brand","embeddable":true,"href":"https:\/\/cultivers.es\/it\/wp-json\/wp\/v2\/product_brand?post=38147"},{"taxonomy":"product_cat","embeddable":true,"href":"https:\/\/cultivers.es\/it\/wp-json\/wp\/v2\/product_cat?post=38147"},{"taxonomy":"product_tag","embeddable":true,"href":"https:\/\/cultivers.es\/it\/wp-json\/wp\/v2\/product_tag?post=38147"},{"taxonomy":"woo-feed-brand","embeddable":true,"href":"https:\/\/cultivers.es\/it\/wp-json\/wp\/v2\/woo-feed-brand?post=38147"}],"curies":[{"name":"wp","href":"https:\/\/api.w.org\/{rel}","templated":true}]}}