{"id":38155,"date":"2024-05-02T13:12:14","date_gmt":"2024-05-02T13:12:14","guid":{"rendered":"https:\/\/cultivers.es\/abonos\/concime-verde-semi-di-erba-biologica\/"},"modified":"2025-09-22T05:26:04","modified_gmt":"2025-09-22T05:26:04","slug":"concime-verde-semi-di-erba-biologica","status":"publish","type":"product","link":"https:\/\/cultivers.es\/it\/fertilizzanti\/concime-verde-semi-di-erba-biologica\/","title":{"rendered":"Semi di veccia verde da concimare"},"content":{"rendered":"","protected":false},"excerpt":{"rendered":"<p>I nostri semi di veccia biologica sono una scelta eccellente per migliorare la qualit\u00e0 e la fertilit\u00e0 del suolo in modo naturale e sostenibile nel tuo giardino. Legume versatile e benefico, la veccia offre una serie di benefici specifici che promuovono lo sviluppo di colture sane e la salute del suolo nel rispetto dell&#8217;ambiente. <\/p>\n<ul>\n<li><strong>Propriet\u00e0 di fertilizzante verde:<\/strong> la veccia \u00e8 nota per la sua capacit\u00e0 di fissare l&#8217;azoto atmosferico nel terreno, arricchendolo naturalmente di questo nutriente essenziale per la crescita delle piante.<\/li>\n<li><strong>Miglioramento della struttura del suolo:<\/strong> coltivando la veccia come sovescio, contribuirai a migliorare la struttura del suolo, ad aumentare la materia organica e l&#8217;attivit\u00e0 microbica benefica nel terreno.<\/li>\n<li><strong>Controllo delle erbe infestanti:<\/strong> la crescita vigorosa della veccia aiuta a sopprimere la crescita delle erbe infestanti competendo per le risorse del suolo, riducendo cos\u00ec la necessit\u00e0 di utilizzare erbicidi chimici.<\/li>\n<li><strong>Protezione del suolo:<\/strong> la copertura vegetale fornita dalla veccia aiuta a proteggere il suolo dall&#8217;erosione causata dal vento e dalla pioggia, mantenendo la struttura del suolo e la sua salute a lungo termine.<\/li>\n<li><strong>Coltivazione biologica:<\/strong> questi semi di veccia sono prodotti in modo biologico, senza l&#8217;uso di sostanze chimiche nocive, garantendo una fornitura naturale e sicura per il tuo giardino.<\/li>\n<\/ul>\n<p>Approfitta dei benefici naturali e della versatilit\u00e0 che Veza offre come sovescio nel tuo orto. Coltiva un terreno pi\u00f9 fertile, equilibrato e sano in modo sostenibile e contribuisci alla cura dell&#8217;ambiente migliorando la produttivit\u00e0 delle tue colture. <\/p>\n","protected":false},"featured_media":25028,"comment_status":"open","ping_status":"closed","template":"","meta":{"_acf_changed":false},"product_brand":[],"product_cat":[1291,436],"product_tag":[1577],"class_list":{"0":"post-38155","1":"product","2":"type-product","3":"status-publish","4":"has-post-thumbnail","6":"product_cat-coperture-vegetali-per-fertilizzanti-verdi","7":"product_cat-semi-biologici","8":"product_tag-eco","10":"first","11":"instock","12":"taxable","13":"shipping-taxable","14":"purchasable","15":"product-type-simple"},"acf":[],"_links":{"self":[{"href":"https:\/\/cultivers.es\/it\/wp-json\/wp\/v2\/product\/38155","targetHints":{"allow":["GET"]}}],"collection":[{"href":"https:\/\/cultivers.es\/it\/wp-json\/wp\/v2\/product"}],"about":[{"href":"https:\/\/cultivers.es\/it\/wp-json\/wp\/v2\/types\/product"}],"replies":[{"embeddable":true,"href":"https:\/\/cultivers.es\/it\/wp-json\/wp\/v2\/comments?post=38155"}],"wp:featuredmedia":[{"embeddable":true,"href":"https:\/\/cultivers.es\/it\/wp-json\/wp\/v2\/media\/25028"}],"wp:attachment":[{"href":"https:\/\/cultivers.es\/it\/wp-json\/wp\/v2\/media?parent=38155"}],"wp:term":[{"taxonomy":"product_brand","embeddable":true,"href":"https:\/\/cultivers.es\/it\/wp-json\/wp\/v2\/product_brand?post=38155"},{"taxonomy":"product_cat","embeddable":true,"href":"https:\/\/cultivers.es\/it\/wp-json\/wp\/v2\/product_cat?post=38155"},{"taxonomy":"product_tag","embeddable":true,"href":"https:\/\/cultivers.es\/it\/wp-json\/wp\/v2\/product_tag?post=38155"}],"curies":[{"name":"wp","href":"https:\/\/api.w.org\/{rel}","templated":true}]}}