{"id":38156,"date":"2024-05-20T12:36:21","date_gmt":"2024-05-20T12:36:21","guid":{"rendered":"https:\/\/cultivers.es\/abonos\/pianta-di-mango-osteen\/"},"modified":"2026-02-15T16:24:03","modified_gmt":"2026-02-15T16:24:03","slug":"pianta-di-mango-osteen","status":"publish","type":"product","link":"https:\/\/cultivers.es\/it\/fertilizzanti\/pianta-di-mango-osteen\/","title":{"rendered":"Pianta di mango Osteen"},"content":{"rendered":"","protected":false},"excerpt":{"rendered":"<p>Pianta di mango Osteen in vendita, il<strong> prezzo include le spese di spedizione se l&#8217;acquisto supera i 20\u20ac<\/strong>.<\/p>\n<p>Il frutto del mango osteen \u00e8 di forma oblunga e di colore viola. Il suo peso medio, con l&#8217;albero carico, \u00e8 di circa 525 grammi. <\/p>\n<p>La presenza di fibre nella polpa \u00e8 bassa-moderata e si adatta bene al consumo al cucchiaio. La dimensione del seme \u00e8 piccola. La qualit\u00e0 di questo frutto \u00e8 buona.  <\/p>\n<p>L&#8217;albero di mango Osteen ha un portamento eretto e di medie dimensioni.<\/p>\n<p>Nei luoghi con inverni leggermente freddi, \u00e8 consigliabile<strong> coprire le piante con una coperta termica<\/strong> fino all&#8217;inizio della primavera. Un albero ben sviluppato pu\u00f2 sopportare temperature di due gradi sotto lo zero, a patto che non durino troppo a lungo. Un albero giovane, dai due ai cinque anni, pu\u00f2 morire a temperature comprese tra zero e un grado Celsius.  <\/p>\n","protected":false},"featured_media":25556,"comment_status":"open","ping_status":"closed","template":"","meta":{"_acf_changed":false},"product_brand":[],"product_cat":[1403,1324],"product_tag":[],"woo-feed-brand":[],"class_list":{"0":"post-38156","1":"product","2":"type-product","3":"status-publish","4":"has-post-thumbnail","6":"product_cat-piante-di-mango","7":"product_cat-vivaio","9":"first","10":"outofstock","11":"taxable","12":"shipping-taxable","13":"purchasable","14":"product-type-simple"},"acf":[],"_links":{"self":[{"href":"https:\/\/cultivers.es\/it\/wp-json\/wp\/v2\/product\/38156","targetHints":{"allow":["GET"]}}],"collection":[{"href":"https:\/\/cultivers.es\/it\/wp-json\/wp\/v2\/product"}],"about":[{"href":"https:\/\/cultivers.es\/it\/wp-json\/wp\/v2\/types\/product"}],"replies":[{"embeddable":true,"href":"https:\/\/cultivers.es\/it\/wp-json\/wp\/v2\/comments?post=38156"}],"wp:featuredmedia":[{"embeddable":true,"href":"https:\/\/cultivers.es\/it\/wp-json\/wp\/v2\/media\/25556"}],"wp:attachment":[{"href":"https:\/\/cultivers.es\/it\/wp-json\/wp\/v2\/media?parent=38156"}],"wp:term":[{"taxonomy":"product_brand","embeddable":true,"href":"https:\/\/cultivers.es\/it\/wp-json\/wp\/v2\/product_brand?post=38156"},{"taxonomy":"product_cat","embeddable":true,"href":"https:\/\/cultivers.es\/it\/wp-json\/wp\/v2\/product_cat?post=38156"},{"taxonomy":"product_tag","embeddable":true,"href":"https:\/\/cultivers.es\/it\/wp-json\/wp\/v2\/product_tag?post=38156"},{"taxonomy":"woo-feed-brand","embeddable":true,"href":"https:\/\/cultivers.es\/it\/wp-json\/wp\/v2\/woo-feed-brand?post=38156"}],"curies":[{"name":"wp","href":"https:\/\/api.w.org\/{rel}","templated":true}]}}