{"id":38161,"date":"2024-06-20T11:23:14","date_gmt":"2024-06-20T11:23:14","guid":{"rendered":"https:\/\/cultivers.es\/abonos\/fertilizzante-ecologico-al-fosforo-liquido\/"},"modified":"2025-09-22T05:43:51","modified_gmt":"2025-09-22T05:43:51","slug":"fertilizzante-ecologico-al-fosforo-liquido","status":"publish","type":"product","link":"https:\/\/cultivers.es\/it\/fertilizzanti\/fertilizzante-ecologico-al-fosforo-liquido\/","title":{"rendered":"Fertilizzante ecologico al fosforo liquido"},"content":{"rendered":"","protected":false},"excerpt":{"rendered":"<ul class=\"a-unordered-list a-vertical a-spacing-mini\">\n<li class=\"a-spacing-mini\"><span class=\"a-list-item\">\ud83c\udf31 Fertilizzante al fosforo per piante 100% organico: il nostro fertilizzante liquido super concentrato, derivato dalla roccia fosfatica, garantisce un assorbimento rapido ed efficiente dei nutrienti. Ideale per un&#8217;agricoltura sostenibile ed ecologica, migliora lo sviluppo delle radici nelle piante e nelle colture. <\/span><\/li>\n<li class=\"a-spacing-mini\"><span class=\"a-list-item\">Favorisce una fioritura e una fruttificazione abbondanti: con CULTIVERS Organic Liquid Phosphorus, le piante ricevono il fosforo di cui hanno bisogno per una fioritura pi\u00f9 abbondante e frutti di migliore qualit\u00e0. \u00c8 perfetto per i frutteti, gli orti e le colture estensive che vogliono massimizzare i loro raccolti nel rispetto dell&#8217;ambiente. <\/span><\/li>\n<li class=\"a-spacing-mini\"><span class=\"a-list-item\">\u2b06\ufe0f Accelera la maturazione dei raccolti: questo fertilizzante organico aiuta le piante a completare pi\u00f9 velocemente il loro ciclo di crescita, ottenendo raccolti pi\u00f9 precoci e uniformi. Ideale per gli agricoltori che vogliono aumentare la produttivit\u00e0 senza compromettere la sostenibilit\u00e0. <\/span><\/li>\n<li class=\"a-spacing-mini\"><span class=\"a-list-item\">\ud83c\udf3e Raccolti precoci e uniformi: accelera la maturazione delle tue colture con il nostro concime liquido. La giusta quantit\u00e0 di fosforo permette alle piante di completare pi\u00f9 velocemente i loro cicli di crescita, ottenendo raccolti pi\u00f9 precoci e uniformi, perfetti per massimizzare la produttivit\u00e0 agricola. <\/span><\/li>\n<li class=\"a-spacing-mini\"><span class=\"a-list-item\">\ud83c\udf3b Resistenza alle malattie e agli stress: rafforza la resistenza delle tue piante alle malattie e alle condizioni estreme con il nostro fosforo organico. Questo nutriente migliora l&#8217;integrit\u00e0 strutturale e funzionale delle piante, aiutandole ad affrontare meglio le sfide ambientali e promuovendo un&#8217;agricoltura responsabile e sostenibile. <\/span><\/li>\n<\/ul>\n","protected":false},"featured_media":26181,"comment_status":"open","ping_status":"closed","template":"","meta":{"_acf_changed":false},"product_brand":[],"product_cat":[601,1274],"product_tag":[],"woo-feed-brand":[],"class_list":{"0":"post-38161","1":"product","2":"type-product","3":"status-publish","4":"has-post-thumbnail","6":"product_cat-correttori-di-carenza","7":"product_cat-fertilizzanti-consigliati","9":"first","10":"instock","11":"taxable","12":"shipping-taxable","13":"purchasable","14":"product-type-variable"},"acf":[],"_links":{"self":[{"href":"https:\/\/cultivers.es\/it\/wp-json\/wp\/v2\/product\/38161","targetHints":{"allow":["GET"]}}],"collection":[{"href":"https:\/\/cultivers.es\/it\/wp-json\/wp\/v2\/product"}],"about":[{"href":"https:\/\/cultivers.es\/it\/wp-json\/wp\/v2\/types\/product"}],"replies":[{"embeddable":true,"href":"https:\/\/cultivers.es\/it\/wp-json\/wp\/v2\/comments?post=38161"}],"wp:featuredmedia":[{"embeddable":true,"href":"https:\/\/cultivers.es\/it\/wp-json\/wp\/v2\/media\/26181"}],"wp:attachment":[{"href":"https:\/\/cultivers.es\/it\/wp-json\/wp\/v2\/media?parent=38161"}],"wp:term":[{"taxonomy":"product_brand","embeddable":true,"href":"https:\/\/cultivers.es\/it\/wp-json\/wp\/v2\/product_brand?post=38161"},{"taxonomy":"product_cat","embeddable":true,"href":"https:\/\/cultivers.es\/it\/wp-json\/wp\/v2\/product_cat?post=38161"},{"taxonomy":"product_tag","embeddable":true,"href":"https:\/\/cultivers.es\/it\/wp-json\/wp\/v2\/product_tag?post=38161"},{"taxonomy":"woo-feed-brand","embeddable":true,"href":"https:\/\/cultivers.es\/it\/wp-json\/wp\/v2\/woo-feed-brand?post=38161"}],"curies":[{"name":"wp","href":"https:\/\/api.w.org\/{rel}","templated":true}]}}