{"id":38311,"date":"2024-01-10T14:06:32","date_gmt":"2024-01-10T14:06:32","guid":{"rendered":"https:\/\/cultivers.es\/abonos\/semi-di-lattuga-biologica-maycrop\/"},"modified":"2026-03-04T15:21:35","modified_gmt":"2026-03-04T15:21:35","slug":"semi-di-lattuga-biologica-maycrop","status":"publish","type":"product","link":"https:\/\/cultivers.es\/it\/fertilizzanti\/semi-di-lattuga-biologica-maycrop\/","title":{"rendered":"Semi di lattuga Maycrop"},"content":{"rendered":"","protected":false},"excerpt":{"rendered":"<p>La <strong>lattuga di maggio<\/strong><em>(Lactuca sativa<\/em>) \u00e8 una variet\u00e0 <strong>a foglia croccante e gustosa<\/strong>, perfetta per raccolti precoci e continui durante la stagione. \u00c8 nota per la sua <strong>crescita rapida<\/strong> e per la sua resistenza all&#8217;infoltimento, il che la rende una scelta ideale per l&#8217;<strong>orto<\/strong>. Il suo sapore delicato e la sua consistenza tenera la rendono ideale per insalate fresche, panini e contorni salutari.  <\/p>\n<p><strong>Foglie croccanti e morbide:<\/strong> produce foglie verde brillante, dal sapore delicato e dalla consistenza fresca, perfette per piatti leggeri e salutari.<\/p>\n<p><strong>Crescita rapida e resistenza:<\/strong> Questa variet\u00e0 \u00e8 nota per il suo sviluppo rapido e per la sua capacit\u00e0 di resistere al calore senza avvitarsi facilmente.<\/p>\n<p><strong>Elevata produttivit\u00e0:<\/strong> consente raccolti continui per tutta la stagione, garantendo una fornitura costante di prodotti freschi.<\/p>\n<p><strong>Ricco di nutrienti:<\/strong> Ottima fonte di fibre, vitamine A e C e antiossidanti, essenziali per una dieta equilibrata.<\/p>\n<p><strong>Facile da coltivare:<\/strong> adattabile a diversi climi e tipi di terreno, richiede poche cure ed \u00e8 ideale sia per i principianti che per i giardinieri esperti.<\/p>\n<p><strong>Coltivazione biologica:<\/strong> i nostri semi sono <strong>100% biologici<\/strong>, privi di pesticidi e fertilizzanti chimici, e promuovono una coltivazione sostenibile ed ecologica.<\/p>\n<p>Coltiva la <strong>lattuga biologica Maycrop<\/strong> nel tuo <strong>orto<\/strong> e goditi foglie fresche, nutrienti e croccanti per tutta la stagione: ordina oggi stesso e inizia a raccogliere qualit\u00e0 e sapore direttamente a casa tua! <\/p>\n","protected":false},"featured_media":23179,"comment_status":"open","ping_status":"closed","template":"","meta":{"_acf_changed":false},"product_brand":[],"product_cat":[436,488],"product_tag":[1577],"class_list":{"0":"post-38311","1":"product","2":"type-product","3":"status-publish","4":"has-post-thumbnail","6":"product_cat-semi-biologici","7":"product_cat-semi-di-ortaggi-a-foglia-biologici","8":"product_tag-eco","10":"first","11":"instock","12":"taxable","13":"shipping-taxable","14":"purchasable","15":"product-type-simple"},"acf":[],"_links":{"self":[{"href":"https:\/\/cultivers.es\/it\/wp-json\/wp\/v2\/product\/38311","targetHints":{"allow":["GET"]}}],"collection":[{"href":"https:\/\/cultivers.es\/it\/wp-json\/wp\/v2\/product"}],"about":[{"href":"https:\/\/cultivers.es\/it\/wp-json\/wp\/v2\/types\/product"}],"replies":[{"embeddable":true,"href":"https:\/\/cultivers.es\/it\/wp-json\/wp\/v2\/comments?post=38311"}],"wp:featuredmedia":[{"embeddable":true,"href":"https:\/\/cultivers.es\/it\/wp-json\/wp\/v2\/media\/23179"}],"wp:attachment":[{"href":"https:\/\/cultivers.es\/it\/wp-json\/wp\/v2\/media?parent=38311"}],"wp:term":[{"taxonomy":"product_brand","embeddable":true,"href":"https:\/\/cultivers.es\/it\/wp-json\/wp\/v2\/product_brand?post=38311"},{"taxonomy":"product_cat","embeddable":true,"href":"https:\/\/cultivers.es\/it\/wp-json\/wp\/v2\/product_cat?post=38311"},{"taxonomy":"product_tag","embeddable":true,"href":"https:\/\/cultivers.es\/it\/wp-json\/wp\/v2\/product_tag?post=38311"}],"curies":[{"name":"wp","href":"https:\/\/api.w.org\/{rel}","templated":true}]}}