{"id":38348,"date":"2024-01-12T09:20:46","date_gmt":"2024-01-12T09:20:46","guid":{"rendered":"https:\/\/cultivers.es\/abonos\/semi-di-amaranto-tondo-biologici\/"},"modified":"2025-09-22T05:41:36","modified_gmt":"2025-09-22T05:41:36","slug":"semi-di-amaranto-tondo-biologici","status":"publish","type":"product","link":"https:\/\/cultivers.es\/it\/fertilizzanti\/semi-di-amaranto-tondo-biologici\/","title":{"rendered":"Semi di amaranto tondi"},"content":{"rendered":"","protected":false},"excerpt":{"rendered":"<p>Abbellisci il tuo giardino con i nostri semi di amaranto tondo biologico. Questa variet\u00e0 annuale, apprezzata per i suoi splendidi fiori viola e la sua forma globosa, \u00e8 ideale per aggiungere un tocco ornamentale di lunga durata a qualsiasi spazio verde. Grazie alla sua resistenza alla siccit\u00e0 e al calore, l&#8217;amaranto rotondo \u00e8 perfetto per giardini sostenibili e a bassa manutenzione. Inoltre, questa pianta ornamentale viene utilizzata in erboristeria, il che aggiunge valore alla sua coltivazione.   <\/p>\n<ul>\n<li><strong>Fiori viola di lunga durata:<\/strong> L&#8217;amaranto rotondo si distingue per i suoi fiori globosi di colore viola intenso, che rimangono in giardino per lunghi periodi, aggiungendo un impatto visivo duraturo.<\/li>\n<li><strong>Resistente alla siccit\u00e0:<\/strong> questa variet\u00e0 \u00e8 ideale per i climi caldi e secchi, in quanto tollera la siccit\u00e0 e il calore senza perdere il suo vigore, rendendola una pianta robusta e che richiede poca manutenzione.<\/li>\n<li><strong>Uso ornamentale e fitoterapico:<\/strong> sebbene non sia commestibile, l&#8217;amaranto rotondo \u00e8 molto apprezzato come pianta ornamentale per il suo aspetto suggestivo. Viene anche utilizzato in fitoterapia, il che aggiunge una dimensione in pi\u00f9 alla sua coltivazione. <\/li>\n<li><strong>Ideale per i giardini sostenibili:<\/strong> la sua capacit\u00e0 di crescere in condizioni avverse e il suo basso fabbisogno idrico la rendono una scelta perfetta per i giardini ecologici e sostenibili.<\/li>\n<li><strong>Coltivazione biologica:<\/strong> i nostri semi di amaranto tondo sono 100% biologici, privi di pesticidi e sostanze chimiche, e garantiscono una crescita naturale ed ecologica.<\/li>\n<\/ul>\n<p>Trasforma il tuo giardino in un paradiso ornamentale con l&#8217;amaranto rotondo. Goditi la bellezza dei suoi fiori viola e coltiva in modo sostenibile e senza problemi. Ordina oggi stesso e aggiungi questa pianta resistente ed elegante al tuo giardino biologico!  <\/p>\n","protected":false},"featured_media":23248,"comment_status":"open","ping_status":"closed","template":"","meta":{"_acf_changed":false},"product_brand":[],"product_cat":[436,482],"product_tag":[1577],"class_list":{"0":"post-38348","1":"product","2":"type-product","3":"status-publish","4":"has-post-thumbnail","6":"product_cat-semi-biologici","7":"product_cat-semi-di-fiori-commestibili-biologici","8":"product_tag-eco","10":"first","11":"instock","12":"taxable","13":"shipping-taxable","14":"purchasable","15":"product-type-simple"},"acf":[],"_links":{"self":[{"href":"https:\/\/cultivers.es\/it\/wp-json\/wp\/v2\/product\/38348","targetHints":{"allow":["GET"]}}],"collection":[{"href":"https:\/\/cultivers.es\/it\/wp-json\/wp\/v2\/product"}],"about":[{"href":"https:\/\/cultivers.es\/it\/wp-json\/wp\/v2\/types\/product"}],"replies":[{"embeddable":true,"href":"https:\/\/cultivers.es\/it\/wp-json\/wp\/v2\/comments?post=38348"}],"wp:featuredmedia":[{"embeddable":true,"href":"https:\/\/cultivers.es\/it\/wp-json\/wp\/v2\/media\/23248"}],"wp:attachment":[{"href":"https:\/\/cultivers.es\/it\/wp-json\/wp\/v2\/media?parent=38348"}],"wp:term":[{"taxonomy":"product_brand","embeddable":true,"href":"https:\/\/cultivers.es\/it\/wp-json\/wp\/v2\/product_brand?post=38348"},{"taxonomy":"product_cat","embeddable":true,"href":"https:\/\/cultivers.es\/it\/wp-json\/wp\/v2\/product_cat?post=38348"},{"taxonomy":"product_tag","embeddable":true,"href":"https:\/\/cultivers.es\/it\/wp-json\/wp\/v2\/product_tag?post=38348"}],"curies":[{"name":"wp","href":"https:\/\/api.w.org\/{rel}","templated":true}]}}