{"id":38368,"date":"2024-01-12T10:56:22","date_gmt":"2024-01-12T10:56:22","guid":{"rendered":"https:\/\/cultivers.es\/abonos\/semi-di-pomodoro-biologici-la-carotina\/"},"modified":"2025-09-22T05:40:17","modified_gmt":"2025-09-22T05:40:17","slug":"semi-di-pomodoro-biologici-la-carotina","status":"publish","type":"product","link":"https:\/\/cultivers.es\/it\/fertilizzanti\/semi-di-pomodoro-biologici-la-carotina\/","title":{"rendered":"Semi di pomodoro biologici La Carotina"},"content":{"rendered":"","protected":false},"excerpt":{"rendered":"<p>I nostri Semi di Pomodoro La Carotina biologici ti offrono l&#8217;opportunit\u00e0 di coltivare un tesoro nutriente direttamente nel tuo giardino. Provenienti da coltivazioni biologiche certificate, questi semi garantiscono un raccolto puro e delizioso di pomodori La Carotina (Solanum lycopersicum), che non solo si distinguono per il loro sapore eccezionale ma anche per il loro contenuto nutrizionale. Inoltre, questa variet\u00e0 di pomodoro \u00e8 molto produttiva e resistente alle malattie. Il suo gusto fruttato ti sorprender\u00e0.   <\/p>\n<ul>\n<li><strong>Origine certificata.<\/strong><\/li>\n<li><strong>Alto contenuto di carotenoidi.<\/strong><\/li>\n<li><strong>Coltivazione senza pesticidi.<\/strong><\/li>\n<li><strong>Adattabilit\u00e0 alla coltivazione.<\/strong><\/li>\n<li><strong>Sapore ricco e complesso.<\/strong><\/li>\n<\/ul>\n<p>Coltiva un tesoro nutrizionale con i nostri semi di pomodoro biologico La Carotina. Goditi la freschezza e l&#8217;eccezionale nutrimento di questi pomodori, coltivati consapevolmente nel tuo orto. <\/p>\n","protected":false},"featured_media":23321,"comment_status":"open","ping_status":"closed","template":"","meta":{"_acf_changed":false},"product_brand":[],"product_cat":[436,440],"product_tag":[1577],"class_list":{"0":"post-38368","1":"product","2":"type-product","3":"status-publish","4":"has-post-thumbnail","6":"product_cat-semi-biologici","7":"product_cat-semi-di-frutta-e-verdura-biologici","8":"product_tag-eco","10":"first","11":"instock","12":"sale","13":"taxable","14":"shipping-taxable","15":"purchasable","16":"product-type-simple"},"acf":[],"_links":{"self":[{"href":"https:\/\/cultivers.es\/it\/wp-json\/wp\/v2\/product\/38368","targetHints":{"allow":["GET"]}}],"collection":[{"href":"https:\/\/cultivers.es\/it\/wp-json\/wp\/v2\/product"}],"about":[{"href":"https:\/\/cultivers.es\/it\/wp-json\/wp\/v2\/types\/product"}],"replies":[{"embeddable":true,"href":"https:\/\/cultivers.es\/it\/wp-json\/wp\/v2\/comments?post=38368"}],"wp:featuredmedia":[{"embeddable":true,"href":"https:\/\/cultivers.es\/it\/wp-json\/wp\/v2\/media\/23321"}],"wp:attachment":[{"href":"https:\/\/cultivers.es\/it\/wp-json\/wp\/v2\/media?parent=38368"}],"wp:term":[{"taxonomy":"product_brand","embeddable":true,"href":"https:\/\/cultivers.es\/it\/wp-json\/wp\/v2\/product_brand?post=38368"},{"taxonomy":"product_cat","embeddable":true,"href":"https:\/\/cultivers.es\/it\/wp-json\/wp\/v2\/product_cat?post=38368"},{"taxonomy":"product_tag","embeddable":true,"href":"https:\/\/cultivers.es\/it\/wp-json\/wp\/v2\/product_tag?post=38368"}],"curies":[{"name":"wp","href":"https:\/\/api.w.org\/{rel}","templated":true}]}}