{"id":38395,"date":"2024-01-18T09:56:49","date_gmt":"2024-01-18T09:56:49","guid":{"rendered":"https:\/\/cultivers.es\/abonos\/acido-citrico-anidro-liquido\/"},"modified":"2025-09-22T04:46:47","modified_gmt":"2025-09-22T04:46:47","slug":"acido-citrico-anidro-liquido","status":"publish","type":"product","link":"https:\/\/cultivers.es\/it\/fertilizzanti\/acido-citrico-anidro-liquido\/","title":{"rendered":"Acido citrico anidro liquido"},"content":{"rendered":"","protected":false},"excerpt":{"rendered":"<p>L&#8217;acido citrico \u00e8 <span class=\"a-list-item\">una <\/span>sostanza versatile che si trova comunemente negli agrumi come limoni, arance e lime. Le sue propriet\u00e0 acide e la sua capacit\u00e0 di scomporre i minerali lo rendono utile in una serie di applicazioni, tra cui la cura del giardino e degli esterni. Ecco alcuni modi in cui l&#8217;acido citrico pu\u00f2 essere utile in giardino:  <\/p>\n<p>&nbsp;<\/p>\n<p><span class=\"a-list-item\"><strong>1. Correttore di pH e agricoltura: l&#8217;<\/strong> acido citrico liquido di CULTIVERS \u00e8 eccellente per regolare il pH nell&#8217;agricoltura biologica, per promuovere la microbiologia del suolo e per sturare i gocciolatori attraverso la fertirrigazione. Un alleato per le vostre coltivazioni! <\/span><\/p>\n<p><span class=\"a-list-item\"><strong>2. Migliora l&#8217;acqua di irrigazione e la disinfezione:<\/strong> utilizza il nostro acido citrico come correttore del pH nell&#8217;acqua di irrigazione, favorendo l&#8217;attivit\u00e0 microbica del suolo. \u00c8 perfetto anche per la pulizia e la disinfezione di gocciolatori, attrezzature e scarichi. <\/span><\/p>\n<p><strong>3. Pulizia di semenzai e vasi: l&#8217;<\/strong> acido citrico pu\u00f2 aiutare a rimuovere i depositi minerali e le macchie di acqua dura nei semenzai e nei vasi. Pulendo queste aree, si crea un ambiente pi\u00f9 sano per la crescita delle piante. <\/p>\n<p><strong>4. Pulizia degli attrezzi da giardinaggio:<\/strong> mescolare l&#8217;acido citrico con l&#8217;acqua pu\u00f2 essere efficace per pulire gli attrezzi da giardinaggio, rimuovendo gli accumuli di sporco, la ruggine e altre impurit\u00e0. Questo aiuta a mantenere gli attrezzi in buone condizioni e ne prolunga la vita. <\/p>\n<p><strong>5. Manutenzione del barbecue: l&#8217;<\/strong> acido citrico pu\u00f2 essere utilizzato per pulire le griglie e le superfici del barbecue. La sua capacit\u00e0 di sciogliere il grasso e rimuovere le macchie pu\u00f2 lasciare il barbecue in condizioni igieniche e pronto all&#8217;uso. <\/p>\n<p><strong>6. Cura dei mobili da esterno:<\/strong> diluire l&#8217;acido citrico in acqua e applicarlo sui mobili da esterno pu\u00f2 aiutare a rimuovere le macchie e lo sporco. \u00c8 particolarmente utile per i mobili in plastica, metallo o legno. <\/p>\n<p><strong>7. Cura degli elementi decorativi:<\/strong> se hai degli elementi decorativi in giardino, come statue o ornamenti, puoi usare l&#8217;acido citrico per pulirli e mantenere il loro aspetto originale senza danneggiare il materiale.<\/p>\n<p><strong>8. Rimozione delle macchie sulle superfici dure:<\/strong> le superfici dure come terrazze o sentieri possono beneficiare dell&#8217;azione pulente dell&#8217;acido citrico, rimuovendo con facilit\u00e0 le macchie e lo sporco accumulato.<\/p>\n<p>\u00c8 importante notare che quando si utilizza l&#8217;acido citrico in ambienti esterni, \u00e8 necessario diluirlo adeguatamente per evitare possibili danni alle piante o alle superfici trattate. Inoltre, \u00e8 consigliabile testare una piccola area prima di applicare l&#8217;acido citrico in modo pi\u00f9 esteso. <\/p>\n","protected":false},"featured_media":23437,"comment_status":"open","ping_status":"closed","template":"","meta":{"_acf_changed":false},"product_brand":[],"product_cat":[601],"product_tag":[],"class_list":{"0":"post-38395","1":"product","2":"type-product","3":"status-publish","4":"has-post-thumbnail","6":"product_cat-correttori-di-carenza","8":"first","9":"instock","10":"taxable","11":"shipping-taxable","12":"purchasable","13":"product-type-variable"},"acf":[],"_links":{"self":[{"href":"https:\/\/cultivers.es\/it\/wp-json\/wp\/v2\/product\/38395","targetHints":{"allow":["GET"]}}],"collection":[{"href":"https:\/\/cultivers.es\/it\/wp-json\/wp\/v2\/product"}],"about":[{"href":"https:\/\/cultivers.es\/it\/wp-json\/wp\/v2\/types\/product"}],"replies":[{"embeddable":true,"href":"https:\/\/cultivers.es\/it\/wp-json\/wp\/v2\/comments?post=38395"}],"wp:featuredmedia":[{"embeddable":true,"href":"https:\/\/cultivers.es\/it\/wp-json\/wp\/v2\/media\/23437"}],"wp:attachment":[{"href":"https:\/\/cultivers.es\/it\/wp-json\/wp\/v2\/media?parent=38395"}],"wp:term":[{"taxonomy":"product_brand","embeddable":true,"href":"https:\/\/cultivers.es\/it\/wp-json\/wp\/v2\/product_brand?post=38395"},{"taxonomy":"product_cat","embeddable":true,"href":"https:\/\/cultivers.es\/it\/wp-json\/wp\/v2\/product_cat?post=38395"},{"taxonomy":"product_tag","embeddable":true,"href":"https:\/\/cultivers.es\/it\/wp-json\/wp\/v2\/product_tag?post=38395"}],"curies":[{"name":"wp","href":"https:\/\/api.w.org\/{rel}","templated":true}]}}