{"id":38526,"date":"2024-04-28T14:48:24","date_gmt":"2024-04-28T14:48:24","guid":{"rendered":"https:\/\/cultivers.es\/abonos\/fertilizzante-verde-semi-di-serradela-biologici\/"},"modified":"2025-09-22T04:48:06","modified_gmt":"2025-09-22T04:48:06","slug":"fertilizzante-verde-semi-di-serradela-biologici","status":"publish","type":"product","link":"https:\/\/cultivers.es\/it\/fertilizzanti\/fertilizzante-verde-semi-di-serradela-biologici\/","title":{"rendered":"Concime verde Serradela Seeds"},"content":{"rendered":"","protected":false},"excerpt":{"rendered":"<p>I nostri semi di serradella biologica sono una valida opzione per migliorare la fertilit\u00e0 e la struttura del terreno in modo naturale e sostenibile nel tuo orto. La serradella, conosciuta anche come serradella, \u00e8 una leguminosa con propriet\u00e0 specifiche che la rendono un ottimo sovescio, fornendo una serie di benefici che contribuiranno al successo delle tue colture in modo ecologico. <\/p>\n<ul>\n<li><strong>Propriet\u00e0 da sovescio: la<\/strong> serradella \u00e8 una leguminosa in grado di fissare l&#8217;azoto atmosferico nel terreno, arricchendolo naturalmente di questo nutriente essenziale per la crescita delle piante.<\/li>\n<li><strong>Miglioramento della fertilit\u00e0 del suolo:<\/strong> incorporando la palma da sega come sovescio, migliorerai la fertilit\u00e0 e la disponibilit\u00e0 di sostanze nutritive nel suolo, a vantaggio di uno sviluppo sano delle tue colture.<\/li>\n<li><strong>Controllo delle erbe infestanti:<\/strong> la crescita vigorosa della serradella aiuta a sopprimere la concorrenza delle erbe infestanti occupando spazio e risorse nel terreno, riducendo cos\u00ec la necessit\u00e0 di erbicidi.<\/li>\n<li><strong>Struttura del suolo:<\/strong> le radici profonde della Serradella contribuiscono a migliorare la struttura del suolo, aumentando l&#8217;aerazione e la ritenzione idrica, a vantaggio della crescita delle piante.<\/li>\n<li><strong>Coltivazione biologica:<\/strong> questi semi di serradella sono prodotti in modo biologico, senza l&#8217;utilizzo di sostanze chimiche dannose, garantendo una fornitura naturale e sicura per il tuo giardino.<\/li>\n<\/ul>\n<p>Sfrutta i benefici naturali e la diversit\u00e0 benefica che Serradela offre come concime verde nel tuo orto. Coltiva un terreno pi\u00f9 fertile, equilibrato e sano in modo sostenibile e contribuisci alla cura dell&#8217;ambiente migliorando la produttivit\u00e0 e la qualit\u00e0 dei tuoi raccolti. <\/p>\n","protected":false},"featured_media":50207,"comment_status":"open","ping_status":"closed","template":"","meta":{"_acf_changed":false},"product_brand":[],"product_cat":[1291,436],"product_tag":[1577],"woo-feed-brand":[],"class_list":{"0":"post-38526","1":"product","2":"type-product","3":"status-publish","4":"has-post-thumbnail","6":"product_cat-coperture-vegetali-per-fertilizzanti-verdi","7":"product_cat-semi-biologici","8":"product_tag-eco","10":"first","11":"instock","12":"sale","13":"taxable","14":"shipping-taxable","15":"purchasable","16":"product-type-simple"},"acf":[],"_links":{"self":[{"href":"https:\/\/cultivers.es\/it\/wp-json\/wp\/v2\/product\/38526","targetHints":{"allow":["GET"]}}],"collection":[{"href":"https:\/\/cultivers.es\/it\/wp-json\/wp\/v2\/product"}],"about":[{"href":"https:\/\/cultivers.es\/it\/wp-json\/wp\/v2\/types\/product"}],"replies":[{"embeddable":true,"href":"https:\/\/cultivers.es\/it\/wp-json\/wp\/v2\/comments?post=38526"}],"wp:featuredmedia":[{"embeddable":true,"href":"https:\/\/cultivers.es\/it\/wp-json\/wp\/v2\/media\/50207"}],"wp:attachment":[{"href":"https:\/\/cultivers.es\/it\/wp-json\/wp\/v2\/media?parent=38526"}],"wp:term":[{"taxonomy":"product_brand","embeddable":true,"href":"https:\/\/cultivers.es\/it\/wp-json\/wp\/v2\/product_brand?post=38526"},{"taxonomy":"product_cat","embeddable":true,"href":"https:\/\/cultivers.es\/it\/wp-json\/wp\/v2\/product_cat?post=38526"},{"taxonomy":"product_tag","embeddable":true,"href":"https:\/\/cultivers.es\/it\/wp-json\/wp\/v2\/product_tag?post=38526"},{"taxonomy":"woo-feed-brand","embeddable":true,"href":"https:\/\/cultivers.es\/it\/wp-json\/wp\/v2\/woo-feed-brand?post=38526"}],"curies":[{"name":"wp","href":"https:\/\/api.w.org\/{rel}","templated":true}]}}