{"id":38544,"date":"2024-06-24T10:25:02","date_gmt":"2024-06-24T10:25:02","guid":{"rendered":"https:\/\/cultivers.es\/abonos\/ferro-liquido-per-piante\/"},"modified":"2025-09-22T05:44:04","modified_gmt":"2025-09-22T05:44:04","slug":"ferro-liquido-per-piante","status":"publish","type":"product","link":"https:\/\/cultivers.es\/it\/fertilizzanti\/ferro-liquido-per-piante\/","title":{"rendered":"Ferro liquido per piante"},"content":{"rendered":"","protected":false},"excerpt":{"rendered":"<ul class=\"a-unordered-list a-vertical a-spacing-mini\">\n<li class=\"a-spacing-mini\"><span class=\"a-list-item\">\ud83c\udf31 Rivitalizza le tue piante con CULTIVERS Liquid Iron: questo fertilizzante di alta qualit\u00e0 previene e corregge l&#8217;ingiallimento delle foglie, garantendo un visibile rinverdimento e una crescita sana di piante ornamentali, ortaggi e alberi da frutto.<\/span><\/li>\n<li class=\"a-spacing-mini\"><span class=\"a-list-item\">\ud83d\udca7 Formula a rapido assorbimento: il Ferro Liquido CULTIVERS viene assimilato istantaneamente, fornendo il ferro necessario alla sintesi della clorofilla e alle funzioni vitali. Ideale per applicazioni al suolo o fogliari, garantisce piante verdi e vigorose. <\/span><\/li>\n<li class=\"a-spacing-mini\"><span class=\"a-list-item\">Il ferro liquido CULTIVERS \u00e8 un&#8217;opzione ecologica, perfetta per gli agricoltori e i giardinieri che cercano metodi sostenibili. Mantieni le tue piante in salute senza danneggiare l&#8217;ecosistema. <\/span><\/li>\n<li class=\"a-spacing-mini\"><span class=\"a-list-item\">Aumento della produttivit\u00e0 e della salute generale: correggendo le carenze di ferro, CULTIVERS Liquid Iron favorisce lo sviluppo di frutti pi\u00f9 grandi e di migliore qualit\u00e0, aumentando la resa delle tue colture e migliorando la resistenza delle piante.<\/span><\/li>\n<li class=\"a-spacing-mini\"><span class=\"a-list-item\">\ud83c\udf3b Versatilit\u00e0 nelle applicazioni: CULTIVERS Liquid Iron \u00e8 adatto a tutti i tipi di piante, dalle ornamentali agli alberi da frutto e agli ortaggi. Applicalo direttamente sul terreno o per via fogliare per un&#8217;efficace distribuzione dei nutrienti. <\/span><\/li>\n<\/ul>\n","protected":false},"featured_media":26223,"comment_status":"open","ping_status":"closed","template":"","meta":{"_acf_changed":false},"product_brand":[],"product_cat":[601],"product_tag":[],"woo-feed-brand":[],"class_list":{"0":"post-38544","1":"product","2":"type-product","3":"status-publish","4":"has-post-thumbnail","6":"product_cat-correttori-di-carenza","8":"first","9":"instock","10":"taxable","11":"shipping-taxable","12":"purchasable","13":"product-type-variable"},"acf":[],"_links":{"self":[{"href":"https:\/\/cultivers.es\/it\/wp-json\/wp\/v2\/product\/38544","targetHints":{"allow":["GET"]}}],"collection":[{"href":"https:\/\/cultivers.es\/it\/wp-json\/wp\/v2\/product"}],"about":[{"href":"https:\/\/cultivers.es\/it\/wp-json\/wp\/v2\/types\/product"}],"replies":[{"embeddable":true,"href":"https:\/\/cultivers.es\/it\/wp-json\/wp\/v2\/comments?post=38544"}],"wp:featuredmedia":[{"embeddable":true,"href":"https:\/\/cultivers.es\/it\/wp-json\/wp\/v2\/media\/26223"}],"wp:attachment":[{"href":"https:\/\/cultivers.es\/it\/wp-json\/wp\/v2\/media?parent=38544"}],"wp:term":[{"taxonomy":"product_brand","embeddable":true,"href":"https:\/\/cultivers.es\/it\/wp-json\/wp\/v2\/product_brand?post=38544"},{"taxonomy":"product_cat","embeddable":true,"href":"https:\/\/cultivers.es\/it\/wp-json\/wp\/v2\/product_cat?post=38544"},{"taxonomy":"product_tag","embeddable":true,"href":"https:\/\/cultivers.es\/it\/wp-json\/wp\/v2\/product_tag?post=38544"},{"taxonomy":"woo-feed-brand","embeddable":true,"href":"https:\/\/cultivers.es\/it\/wp-json\/wp\/v2\/woo-feed-brand?post=38544"}],"curies":[{"name":"wp","href":"https:\/\/api.w.org\/{rel}","templated":true}]}}