{"id":38577,"date":"2024-07-16T14:03:40","date_gmt":"2024-07-16T14:03:40","guid":{"rendered":"https:\/\/cultivers.es\/abonos\/fertilizzante-per-giardini-urbani\/"},"modified":"2025-09-22T05:44:41","modified_gmt":"2025-09-22T05:44:41","slug":"fertilizzante-per-giardini-urbani","status":"publish","type":"product","link":"https:\/\/cultivers.es\/it\/fertilizzanti\/fertilizzante-per-giardini-urbani\/","title":{"rendered":"Fertilizzante per giardini urbani"},"content":{"rendered":"","protected":false},"excerpt":{"rendered":"<ul>\n<li><strong>Facile da applicare:<\/strong> il nostro fertilizzante organico per giardini urbani \u00e8 semplice da usare. Basta applicarlo come indicato e vedere le tue piante prosperare. <\/li>\n<li><strong>Terreno pi\u00f9 sano:<\/strong> migliora la qualit\u00e0 del suolo del tuo orto urbano. Aumenta l&#8217;attivit\u00e0 microbica e facilita la disponibilit\u00e0 di sostanze nutritive, a vantaggio della crescita delle tue colture. <\/li>\n<li><strong>Ricco di materia organica:<\/strong> con il 50% di materia organica di origine vegetale, questo concime arricchisce il terreno. Le condizioni fisiche e chimiche miglioreranno, favorendo lo sviluppo delle tue piante. <\/li>\n<li><strong>Aminoacidi per l&#8217;intero ciclo:<\/strong> gli aminoacidi liberi di origine vegetale contenuti nel nostro concime sono ideali per arricchire il terreno durante tutte le fasi della coltivazione. Dalla semina al raccolto, le tue piante ne trarranno beneficio. <\/li>\n<li><strong>Sicuro e rispettoso dell&#8217;ambiente:<\/strong> il nostro prodotto \u00e8 naturale al 100% e non comporta alcun rischio per animali o piante. Mantieni il tuo giardino urbano sano e sostenibile con fiducia. \ud83c\udf31\ud83c\udf3f  <\/li>\n<\/ul>\n","protected":false},"featured_media":27692,"comment_status":"open","ping_status":"closed","template":"","meta":{"_acf_changed":false},"product_brand":[],"product_cat":[1283],"product_tag":[],"woo-feed-brand":[],"class_list":{"0":"post-38577","1":"product","2":"type-product","3":"status-publish","4":"has-post-thumbnail","6":"product_cat-piante-da-interno-e-balcone","8":"first","9":"instock","10":"taxable","11":"shipping-taxable","12":"purchasable","13":"product-type-variable"},"acf":[],"_links":{"self":[{"href":"https:\/\/cultivers.es\/it\/wp-json\/wp\/v2\/product\/38577","targetHints":{"allow":["GET"]}}],"collection":[{"href":"https:\/\/cultivers.es\/it\/wp-json\/wp\/v2\/product"}],"about":[{"href":"https:\/\/cultivers.es\/it\/wp-json\/wp\/v2\/types\/product"}],"replies":[{"embeddable":true,"href":"https:\/\/cultivers.es\/it\/wp-json\/wp\/v2\/comments?post=38577"}],"wp:featuredmedia":[{"embeddable":true,"href":"https:\/\/cultivers.es\/it\/wp-json\/wp\/v2\/media\/27692"}],"wp:attachment":[{"href":"https:\/\/cultivers.es\/it\/wp-json\/wp\/v2\/media?parent=38577"}],"wp:term":[{"taxonomy":"product_brand","embeddable":true,"href":"https:\/\/cultivers.es\/it\/wp-json\/wp\/v2\/product_brand?post=38577"},{"taxonomy":"product_cat","embeddable":true,"href":"https:\/\/cultivers.es\/it\/wp-json\/wp\/v2\/product_cat?post=38577"},{"taxonomy":"product_tag","embeddable":true,"href":"https:\/\/cultivers.es\/it\/wp-json\/wp\/v2\/product_tag?post=38577"},{"taxonomy":"woo-feed-brand","embeddable":true,"href":"https:\/\/cultivers.es\/it\/wp-json\/wp\/v2\/woo-feed-brand?post=38577"}],"curies":[{"name":"wp","href":"https:\/\/api.w.org\/{rel}","templated":true}]}}