{"id":38784,"date":"2024-08-16T13:05:53","date_gmt":"2024-08-16T13:05:53","guid":{"rendered":"https:\/\/cultivers.es\/abonos\/striscia-di-semi-di-ravanello-di-sora\/"},"modified":"2025-09-22T04:49:12","modified_gmt":"2025-09-22T04:49:12","slug":"striscia-di-semi-di-ravanello-di-sora","status":"publish","type":"product","link":"https:\/\/cultivers.es\/it\/fertilizzanti\/striscia-di-semi-di-ravanello-di-sora\/","title":{"rendered":"Striscia di semi di ravanello di Sora"},"content":{"rendered":"","protected":false},"excerpt":{"rendered":"<p>Ottieni ravanelli freschi e croccanti in modo semplice con le nostre strisce di semi di ravanello Sora. Questa variet\u00e0, nota per la sua crescita rapida e per il suo gusto delicato e rinfrescante, \u00e8 perfetta per chi vuole ottenere un raccolto sano e veloce. Le strisce da 5 metri, realizzate in carta biodegradabile, rendono il processo di semina pi\u00f9 semplice ed efficiente, ideale per qualsiasi giardino o orto.  <\/p>\n<ul>\n<li><strong>Semina facile:<\/strong> semplifica il processo di semina con le nostre strisce di semi. Tutto ci\u00f2 che devi fare \u00e8 stendere la striscia sul terreno, coprirla leggermente e annaffiare: ecco quanto \u00e8 semplice coltivare i ravanelli nel tuo giardino!  <\/li>\n<li><strong>Germinazione rapida e ottimale:<\/strong> i semi sono distribuiti in modo uniforme sulla striscia, garantendo una germinazione uniforme e una crescita rapida, cos\u00ec potrai gustare i tuoi ravanelli in poche settimane! <\/li>\n<li><strong>Carta biodegradabile:<\/strong> le strisce sono realizzate in carta biodegradabile che si decompone naturalmente nel terreno, consentendo una coltivazione sostenibile senza sprechi e rispettando cos\u00ec l&#8217;ambiente.<\/li>\n<li><strong>Variet\u00e0 Sora:<\/strong> il ravanello Sora \u00e8 noto per la sua rapida maturazione e il suo sapore delicato, ideale per insalate fresche e contorni. Il suo colore vivace e la sua consistenza croccante lo rendono un&#8217;aggiunta interessante a qualsiasi piatto. <\/li>\n<li><strong>Coltivazione biologica:<\/strong> queste strisce di semi sono prodotte in modo biologico, senza l&#8217;uso di pesticidi o sostanze chimiche, garantendo una crescita naturale e sana dei tuoi ravanelli.<\/li>\n<\/ul>\n<p>Coltiva i ravanelli in modo facile, veloce e sostenibile con le nostre strisce di semi di ravanello Sora. Goditi un raccolto fresco e croccante in poco tempo e contribuisci alla salvaguardia dell&#8217;ambiente. <\/p>\n","protected":false},"featured_media":31473,"comment_status":"open","ping_status":"closed","template":"","meta":{"_acf_changed":false},"product_brand":[],"product_cat":[436,1314],"product_tag":[1577],"class_list":{"0":"post-38784","1":"product","2":"type-product","3":"status-publish","4":"has-post-thumbnail","6":"product_cat-semi-biologici","7":"product_cat-strisce-di-semi","8":"product_tag-eco","10":"first","11":"instock","12":"sale","13":"taxable","14":"shipping-taxable","15":"purchasable","16":"product-type-simple"},"acf":[],"_links":{"self":[{"href":"https:\/\/cultivers.es\/it\/wp-json\/wp\/v2\/product\/38784","targetHints":{"allow":["GET"]}}],"collection":[{"href":"https:\/\/cultivers.es\/it\/wp-json\/wp\/v2\/product"}],"about":[{"href":"https:\/\/cultivers.es\/it\/wp-json\/wp\/v2\/types\/product"}],"replies":[{"embeddable":true,"href":"https:\/\/cultivers.es\/it\/wp-json\/wp\/v2\/comments?post=38784"}],"wp:featuredmedia":[{"embeddable":true,"href":"https:\/\/cultivers.es\/it\/wp-json\/wp\/v2\/media\/31473"}],"wp:attachment":[{"href":"https:\/\/cultivers.es\/it\/wp-json\/wp\/v2\/media?parent=38784"}],"wp:term":[{"taxonomy":"product_brand","embeddable":true,"href":"https:\/\/cultivers.es\/it\/wp-json\/wp\/v2\/product_brand?post=38784"},{"taxonomy":"product_cat","embeddable":true,"href":"https:\/\/cultivers.es\/it\/wp-json\/wp\/v2\/product_cat?post=38784"},{"taxonomy":"product_tag","embeddable":true,"href":"https:\/\/cultivers.es\/it\/wp-json\/wp\/v2\/product_tag?post=38784"}],"curies":[{"name":"wp","href":"https:\/\/api.w.org\/{rel}","templated":true}]}}