{"id":38808,"date":"2024-08-19T13:13:25","date_gmt":"2024-08-19T13:13:25","guid":{"rendered":"https:\/\/cultivers.es\/abonos\/semi-di-zucca-biologici-birdhouse\/"},"modified":"2025-09-22T05:12:49","modified_gmt":"2025-09-22T05:12:49","slug":"semi-di-zucca-biologici-birdhouse","status":"publish","type":"product","link":"https:\/\/cultivers.es\/it\/fertilizzanti\/semi-di-zucca-biologici-birdhouse\/","title":{"rendered":"Semi di zucca a forma di casetta per uccelli"},"content":{"rendered":"","protected":false},"excerpt":{"rendered":"<p>Scopri il fascino della zucca Birdhouse con i nostri semi di zucca biologici. Questa variet\u00e0 di zucca, apprezzata per la sua forma unica e la capacit\u00e0 di attirare gli uccelli, \u00e8 perfetta per chi cerca un tocco decorativo nel proprio giardino. Ricorda che queste zucche non sono commestibili, ma rappresentano un&#8217;opzione meravigliosa per abbellire il tuo spazio e creare rifugi per la fauna selvatica.  <\/p>\n<ul>\n<li><strong>Forma unica:<\/strong> la zucca Birdhouse si distingue per la sua forma e le sue dimensioni, che la rendono una scelta eccellente per le decorazioni autunnali e i progetti di giardinaggio creativo.<\/li>\n<li><strong>Attirare gli uccelli:<\/strong> queste zucche sono ideali per realizzare mangiatoie o casette per uccelli. Con un po&#8217; di creativit\u00e0, puoi trasformarle in accoglienti case per gli uccelli, contribuendo alla biodiversit\u00e0 del tuo giardino. <\/li>\n<li><strong>Non commestibili:<\/strong> \u00e8 importante notare che le zucche Birdhouse non sono adatte al consumo umano. Il loro uso principale \u00e8 quello decorativo o funzionale nei progetti di attrazione per uccelli. <\/li>\n<li><strong>Facili da coltivare:<\/strong> questi semi sono facili da coltivare e si adattano bene a diversi tipi di terreno e climi, offrendo un&#8217;opzione semplice per aggiungere un tocco speciale al tuo giardino.<\/li>\n<li><strong>Coltivazione biologica:<\/strong> i nostri semi di zucca Birdhouse sono 100% biologici e garantiscono una crescita naturale senza l&#8217;uso di sostanze chimiche, a tutto vantaggio del tuo giardino e dell&#8217;ambiente.<\/li>\n<\/ul>\n<p>Abbellisci il tuo giardino e aiuta la fauna selvatica con i nostri semi di zucca biologici per casette per uccelli! Anche se non sono commestibili, offrono un&#8217;ottima opportunit\u00e0 per decorare e attirare gli uccelli nel tuo spazio: ordina oggi stesso e inizia a godere della bellezza e della funzionalit\u00e0 di queste zucche uniche!  <\/p>\n","protected":false},"featured_media":31597,"comment_status":"open","ping_status":"closed","template":"","meta":{"_acf_changed":false},"product_brand":[],"product_cat":[436,440],"product_tag":[1577],"woo-feed-brand":[],"class_list":{"0":"post-38808","1":"product","2":"type-product","3":"status-publish","4":"has-post-thumbnail","6":"product_cat-semi-biologici","7":"product_cat-semi-di-frutta-e-verdura-biologici","8":"product_tag-eco","10":"first","11":"instock","12":"taxable","13":"shipping-taxable","14":"purchasable","15":"product-type-simple"},"acf":[],"_links":{"self":[{"href":"https:\/\/cultivers.es\/it\/wp-json\/wp\/v2\/product\/38808","targetHints":{"allow":["GET"]}}],"collection":[{"href":"https:\/\/cultivers.es\/it\/wp-json\/wp\/v2\/product"}],"about":[{"href":"https:\/\/cultivers.es\/it\/wp-json\/wp\/v2\/types\/product"}],"replies":[{"embeddable":true,"href":"https:\/\/cultivers.es\/it\/wp-json\/wp\/v2\/comments?post=38808"}],"wp:featuredmedia":[{"embeddable":true,"href":"https:\/\/cultivers.es\/it\/wp-json\/wp\/v2\/media\/31597"}],"wp:attachment":[{"href":"https:\/\/cultivers.es\/it\/wp-json\/wp\/v2\/media?parent=38808"}],"wp:term":[{"taxonomy":"product_brand","embeddable":true,"href":"https:\/\/cultivers.es\/it\/wp-json\/wp\/v2\/product_brand?post=38808"},{"taxonomy":"product_cat","embeddable":true,"href":"https:\/\/cultivers.es\/it\/wp-json\/wp\/v2\/product_cat?post=38808"},{"taxonomy":"product_tag","embeddable":true,"href":"https:\/\/cultivers.es\/it\/wp-json\/wp\/v2\/product_tag?post=38808"},{"taxonomy":"woo-feed-brand","embeddable":true,"href":"https:\/\/cultivers.es\/it\/wp-json\/wp\/v2\/woo-feed-brand?post=38808"}],"curies":[{"name":"wp","href":"https:\/\/api.w.org\/{rel}","templated":true}]}}