{"id":38818,"date":"2024-08-19T13:13:26","date_gmt":"2024-08-19T13:13:26","guid":{"rendered":"https:\/\/cultivers.es\/abonos\/semi-di-barbabietola-biologica-cylindra\/"},"modified":"2025-09-22T05:12:15","modified_gmt":"2025-09-22T05:12:15","slug":"semi-di-barbabietola-biologica-cylindra","status":"publish","type":"product","link":"https:\/\/cultivers.es\/it\/fertilizzanti\/semi-di-barbabietola-biologica-cylindra\/","title":{"rendered":"Semi di barbabietola Cylindra"},"content":{"rendered":"","protected":false},"excerpt":{"rendered":"<p>Scopri il fascino di coltivare la tua barbabietola con i nostri semi di barbabietola biologica Cylindra. Questa variet\u00e0 si distingue per la sua forma cilindrica, che la rende facile da tagliare a fette uniformi e ideale per il decapaggio. Inoltre, il suo sapore dolce e delicato la rende una delle preferite sia nelle insalate che nei piatti cucinati.  <\/p>\n<ul>\n<li><strong>Forma cilindrica:<\/strong> a differenza delle barbabietole tradizionali, la barbabietola Cylindra ha una forma allungata che la rende perfetta per essere tagliata a fette sottili e uniformi, facilitando cos\u00ec la preparazione e la presentazione in cucina.<\/li>\n<li><strong>Gusto dolce e morbido:<\/strong> questa variet\u00e0 \u00e8 nota per il suo gusto naturalmente dolce e la sua consistenza morbida, che si mantiene sia cruda che cotta. \u00c8 ideale per insalate, zuppe e arrosti. <\/li>\n<li><strong>Facile da coltivare: la<\/strong> barbabietola Cylindra \u00e8 una pianta resistente che si adatta bene a diversi tipi di terreno e di clima. Richiede poca manutenzione ed \u00e8 ideale sia per i grandi giardini che per i piccoli orti urbani. <\/li>\n<li><strong>Coltivazione biologica:<\/strong> i nostri semi di barbabietola Cylindra sono coltivati in modo biologico, senza l&#8217;uso di pesticidi o fertilizzanti chimici, garantendo un prodotto sano e sostenibile per il tuo giardino.<\/li>\n<li><strong>Ricca di nutrienti:<\/strong> La barbabietola \u00e8 un&#8217;ottima fonte di vitamine, minerali e antiossidanti che la rendono un alimento sano e nutriente da includere nella tua dieta.<\/li>\n<\/ul>\n<p>Dai un tocco speciale al tuo giardino e alla tua cucina! Acquista i nostri Semi di Barbabietola Cylindra Biologici e goditi un raccolto delizioso, sano e facile da preparare: perfetto per un orto sostenibile e ricco di sapore!  <\/p>\n","protected":false},"featured_media":31572,"comment_status":"open","ping_status":"closed","template":"","meta":{"_acf_changed":false},"product_brand":[],"product_cat":[436,441],"product_tag":[1577],"woo-feed-brand":[],"class_list":{"0":"post-38818","1":"product","2":"type-product","3":"status-publish","4":"has-post-thumbnail","6":"product_cat-semi-biologici","7":"product_cat-semi-di-radice-biologici","8":"product_tag-eco","10":"first","11":"outofstock","12":"taxable","13":"shipping-taxable","14":"purchasable","15":"product-type-simple"},"acf":[],"_links":{"self":[{"href":"https:\/\/cultivers.es\/it\/wp-json\/wp\/v2\/product\/38818","targetHints":{"allow":["GET"]}}],"collection":[{"href":"https:\/\/cultivers.es\/it\/wp-json\/wp\/v2\/product"}],"about":[{"href":"https:\/\/cultivers.es\/it\/wp-json\/wp\/v2\/types\/product"}],"replies":[{"embeddable":true,"href":"https:\/\/cultivers.es\/it\/wp-json\/wp\/v2\/comments?post=38818"}],"wp:featuredmedia":[{"embeddable":true,"href":"https:\/\/cultivers.es\/it\/wp-json\/wp\/v2\/media\/31572"}],"wp:attachment":[{"href":"https:\/\/cultivers.es\/it\/wp-json\/wp\/v2\/media?parent=38818"}],"wp:term":[{"taxonomy":"product_brand","embeddable":true,"href":"https:\/\/cultivers.es\/it\/wp-json\/wp\/v2\/product_brand?post=38818"},{"taxonomy":"product_cat","embeddable":true,"href":"https:\/\/cultivers.es\/it\/wp-json\/wp\/v2\/product_cat?post=38818"},{"taxonomy":"product_tag","embeddable":true,"href":"https:\/\/cultivers.es\/it\/wp-json\/wp\/v2\/product_tag?post=38818"},{"taxonomy":"woo-feed-brand","embeddable":true,"href":"https:\/\/cultivers.es\/it\/wp-json\/wp\/v2\/woo-feed-brand?post=38818"}],"curies":[{"name":"wp","href":"https:\/\/api.w.org\/{rel}","templated":true}]}}