{"id":38834,"date":"2024-08-19T13:13:26","date_gmt":"2024-08-19T13:13:26","guid":{"rendered":"https:\/\/cultivers.es\/abonos\/semi-di-papavero-dindia-biologici\/"},"modified":"2025-09-22T04:49:05","modified_gmt":"2025-09-22T04:49:05","slug":"semi-di-papavero-dindia-biologici","status":"publish","type":"product","link":"https:\/\/cultivers.es\/it\/fertilizzanti\/semi-di-papavero-dindia-biologici\/","title":{"rendered":"Semi di papavero spinoso"},"content":{"rendered":"","protected":false},"excerpt":{"rendered":"<p>Aggiungi un tocco di bellezza naturale al tuo giardino con i nostri semi di papavero spinoso biologici. Conosciuto per i suoi fiori delicati e dai colori vivaci e per la sua resistenza, il papavero spinoso \u00e8 una pianta ornamentale nota per la sua eleganza e per la capacit\u00e0 di crescere in terreni secchi e poveri. <\/p>\n<ul>\n<li><strong>Resistenza e adattabilit\u00e0:<\/strong> Il papavero spinoso \u00e8 noto per la sua capacit\u00e0 di crescere in condizioni difficili, compresi i terreni poveri e secchi. \u00c8 ideale per i giardinieri che cercano piante resistenti e che richiedono poca manutenzione. <\/li>\n<li><strong>Fioritura attraente:<\/strong> questa variet\u00e0 produce fiori gialli brillanti con il centro scuro, che aggiungono un tocco di colore vibrante ed esotico a qualsiasi spazio verde.<\/li>\n<li><strong>Ornamentale e naturale:<\/strong> perfetto per i giardini selvaggi e i paesaggi naturali, il papavero spinoso non solo abbellisce, ma aiuta anche ad attirare gli impollinatori come api e farfalle, promuovendo la biodiversit\u00e0 nel tuo giardino.<\/li>\n<li><strong>Coltivazione biologica:<\/strong> i nostri semi di papavero spinoso sono 100% biologici, coltivati senza l&#8217;uso di sostanze chimiche, il che garantisce una crescita naturale e sana delle tue piante.<\/li>\n<\/ul>\n<p>Crea un giardino pieno di vita e colore con i nostri semi di papavero d&#8217;India biologici. Goditi la bellezza e la resistenza di questa pianta, ideale per gli spazi che cercano un tocco di natura selvaggia ed ecologica. <\/p>\n","protected":false},"featured_media":50153,"comment_status":"open","ping_status":"closed","template":"","meta":{"_acf_changed":false},"product_brand":[],"product_cat":[436,484],"product_tag":[1577],"class_list":{"0":"post-38834","1":"product","2":"type-product","3":"status-publish","4":"has-post-thumbnail","6":"product_cat-semi-biologici","7":"product_cat-semi-di-fiori-biologici","8":"product_tag-eco","10":"first","11":"instock","12":"sale","13":"taxable","14":"shipping-taxable","15":"purchasable","16":"product-type-simple"},"acf":[],"_links":{"self":[{"href":"https:\/\/cultivers.es\/it\/wp-json\/wp\/v2\/product\/38834","targetHints":{"allow":["GET"]}}],"collection":[{"href":"https:\/\/cultivers.es\/it\/wp-json\/wp\/v2\/product"}],"about":[{"href":"https:\/\/cultivers.es\/it\/wp-json\/wp\/v2\/types\/product"}],"replies":[{"embeddable":true,"href":"https:\/\/cultivers.es\/it\/wp-json\/wp\/v2\/comments?post=38834"}],"wp:featuredmedia":[{"embeddable":true,"href":"https:\/\/cultivers.es\/it\/wp-json\/wp\/v2\/media\/50153"}],"wp:attachment":[{"href":"https:\/\/cultivers.es\/it\/wp-json\/wp\/v2\/media?parent=38834"}],"wp:term":[{"taxonomy":"product_brand","embeddable":true,"href":"https:\/\/cultivers.es\/it\/wp-json\/wp\/v2\/product_brand?post=38834"},{"taxonomy":"product_cat","embeddable":true,"href":"https:\/\/cultivers.es\/it\/wp-json\/wp\/v2\/product_cat?post=38834"},{"taxonomy":"product_tag","embeddable":true,"href":"https:\/\/cultivers.es\/it\/wp-json\/wp\/v2\/product_tag?post=38834"}],"curies":[{"name":"wp","href":"https:\/\/api.w.org\/{rel}","templated":true}]}}