{"id":38844,"date":"2024-08-21T10:11:51","date_gmt":"2024-08-21T10:11:51","guid":{"rendered":"https:\/\/cultivers.es\/abonos\/semi-di-bietola-giallo-brillante-biologici\/"},"modified":"2025-09-22T05:45:34","modified_gmt":"2025-09-22T05:45:34","slug":"semi-di-bietola-giallo-brillante-biologici","status":"publish","type":"product","link":"https:\/\/cultivers.es\/it\/fertilizzanti\/semi-di-bietola-giallo-brillante-biologici\/","title":{"rendered":"Semi di bietola giallo brillante"},"content":{"rendered":"","protected":false},"excerpt":{"rendered":"<p>Riempi il tuo giardino di colore e vitalit\u00e0 con i nostri semi di bietola biologica giallo brillante. Questa variet\u00e0 si distingue per i suoi gambi di colore giallo brillante, che non solo aggiungono bellezza al tuo giardino, ma anche un sapore delicato e delizioso ai tuoi piatti. Ideale per chi cerca un&#8217;opzione nutriente e attraente nel proprio orto.  <\/p>\n<ul>\n<li><strong>Steli giallo brillante:<\/strong> La bietola gialla brillante \u00e8 caratterizzata da steli di un giallo vivace che contrastano in modo straordinario con le sue foglie verdi. Sono perfetti per aggiungere un tocco decorativo alle aiuole o ai vasi. <\/li>\n<li><strong>Sapore delicato e versatile:<\/strong> questa variet\u00e0 di bietola ha un sapore delicato e leggermente dolce, che la rende un ingrediente versatile per insalate, soffritti, zuppe e come guarnizione. Le foglie tenere sono ideali da consumare crude, mentre i gambi possono essere cotti al vapore o saltati in padella. <\/li>\n<li><strong>Raccolto prolungato:<\/strong> la bietola gialla brillante \u00e8 nota per la sua lunga stagione di raccolta. Puoi iniziare a raccogliere le foglie esterne quando raggiungono una dimensione adeguata, il che permette alla pianta di continuare a produrre per mesi. <\/li>\n<li><strong>Facile da coltivare:<\/strong> questa variet\u00e0 di bietola \u00e8 resistente e richiede poca manutenzione, adattandosi bene a diversi tipi di terreno e climi. \u00c8 una scelta eccellente sia per i principianti che per i giardinieri esperti. <\/li>\n<li><strong>Coltivazione biologica:<\/strong> i nostri semi di bietola giallo brillante sono 100% biologici e garantiscono una crescita priva di sostanze chimiche e rispettosa dell&#8217;ambiente. Ideali per un orto sostenibile e sano. <\/li>\n<\/ul>\n<p>Dai vita e colore al tuo giardino con la bietola giallo brillante. Con i nostri semi biologici potrai godere di un raccolto abbondante e nutriente, aggiungendo al contempo un tocco decorativo alle tue coltivazioni. Ordina ora e inizia a coltivare questa variet\u00e0 bella e gustosa!  <\/p>\n","protected":false},"featured_media":31913,"comment_status":"open","ping_status":"closed","template":"","meta":{"_acf_changed":false},"product_brand":[],"product_cat":[436,488],"product_tag":[1577],"woo-feed-brand":[],"class_list":{"0":"post-38844","1":"product","2":"type-product","3":"status-publish","4":"has-post-thumbnail","6":"product_cat-semi-biologici","7":"product_cat-semi-di-ortaggi-a-foglia-biologici","8":"product_tag-eco","10":"first","11":"outofstock","12":"taxable","13":"shipping-taxable","14":"purchasable","15":"product-type-simple"},"acf":[],"_links":{"self":[{"href":"https:\/\/cultivers.es\/it\/wp-json\/wp\/v2\/product\/38844","targetHints":{"allow":["GET"]}}],"collection":[{"href":"https:\/\/cultivers.es\/it\/wp-json\/wp\/v2\/product"}],"about":[{"href":"https:\/\/cultivers.es\/it\/wp-json\/wp\/v2\/types\/product"}],"replies":[{"embeddable":true,"href":"https:\/\/cultivers.es\/it\/wp-json\/wp\/v2\/comments?post=38844"}],"wp:featuredmedia":[{"embeddable":true,"href":"https:\/\/cultivers.es\/it\/wp-json\/wp\/v2\/media\/31913"}],"wp:attachment":[{"href":"https:\/\/cultivers.es\/it\/wp-json\/wp\/v2\/media?parent=38844"}],"wp:term":[{"taxonomy":"product_brand","embeddable":true,"href":"https:\/\/cultivers.es\/it\/wp-json\/wp\/v2\/product_brand?post=38844"},{"taxonomy":"product_cat","embeddable":true,"href":"https:\/\/cultivers.es\/it\/wp-json\/wp\/v2\/product_cat?post=38844"},{"taxonomy":"product_tag","embeddable":true,"href":"https:\/\/cultivers.es\/it\/wp-json\/wp\/v2\/product_tag?post=38844"},{"taxonomy":"woo-feed-brand","embeddable":true,"href":"https:\/\/cultivers.es\/it\/wp-json\/wp\/v2\/woo-feed-brand?post=38844"}],"curies":[{"name":"wp","href":"https:\/\/api.w.org\/{rel}","templated":true}]}}