{"id":38854,"date":"2024-08-21T11:37:16","date_gmt":"2024-08-21T11:37:16","guid":{"rendered":"https:\/\/cultivers.es\/abonos\/semi-di-pepe-biologico-petit-marseillais\/"},"modified":"2025-09-22T05:45:44","modified_gmt":"2025-09-22T05:45:44","slug":"semi-di-pepe-biologico-petit-marseillais","status":"publish","type":"product","link":"https:\/\/cultivers.es\/it\/fertilizzanti\/semi-di-pepe-biologico-petit-marseillais\/","title":{"rendered":"Semi di pepe Petit Marseillais"},"content":{"rendered":"","protected":false},"excerpt":{"rendered":"<p>I semi di peperone biologico Petit Marseillais ti permettono di coltivare una variet\u00e0 classica di peperone, apprezzata per il suo sapore dolce, la consistenza croccante e il calore leggero. Originario della regione di Marsiglia, questo peperone \u00e8 perfetto per chi cerca un tocco autentico di cucina mediterranea nel proprio giardino. <\/p>\n<ul>\n<li><strong>Sapore dolce e aromatico:<\/strong> il pepe Petit Marseillais \u00e8 noto per il suo sapore dolce e delicato, con un leggero tocco piccante che non prevarica. Ideale per il consumo fresco in insalata, arrostito o in piatti cotti, dove il suo sapore viene intensificato. <\/li>\n<li><strong>Dimensioni compatte:<\/strong> questa variet\u00e0 produce peperoni di dimensioni medio-piccole, con una forma conica e una pelle sottile, che li rende perfetti per essere farciti, arrostiti o guarniti. Il loro colore brillante, che varia dal verde al rosso intenso, aggiunge fascino ai tuoi piatti. <\/li>\n<li><strong>Livello di piccantezza lieve:<\/strong> a differenza di altre variet\u00e0 di pepe, il Petit Marseillais ha una piccantezza molto lieve, che lo rende perfetto per chi preferisce un sapore pi\u00f9 delicato senza rinunciare alla complessit\u00e0 di un pepe di carattere.<\/li>\n<li><strong>Alta produttivit\u00e0:<\/strong> il peperone Petit Marseillais \u00e8 una pianta generosa, che produce una grande quantit\u00e0 di frutti durante tutta la stagione. \u00c8 ideale per chi desidera un raccolto abbondante e continuo di peperoni freschi. <\/li>\n<li><strong>Facile da coltivare:<\/strong> questa variet\u00e0 si adatta bene a diversi tipi di terreno e climi, essendo resistente alle comuni malattie del peperone. \u00c8 una scelta eccellente sia per i principianti che per i giardinieri pi\u00f9 esperti. <\/li>\n<li><strong>Coltivazione biologica:<\/strong> i nostri semi di pepe Petit Marseillais sono 100% biologici e garantiscono una crescita priva di sostanze chimiche e rispettosa dell&#8217;ambiente. Goditi un raccolto sostenibile e sano nel tuo giardino. <\/li>\n<\/ul>\n<p>Aggiungi un tocco mediterraneo al tuo giardino con i peperoni Petit Marseillais. Con i nostri semi biologici, potrai godere di un raccolto abbondante di peperoni dolci, con una leggera piccantezza, perfetti per una variet\u00e0 di piatti: ordina ora e inizia a coltivare questa gemma culinaria a casa tua!  <\/p>\n","protected":false},"featured_media":32007,"comment_status":"open","ping_status":"closed","template":"","meta":{"_acf_changed":false},"product_brand":[],"product_cat":[436,440],"product_tag":[1577],"class_list":{"0":"post-38854","1":"product","2":"type-product","3":"status-publish","4":"has-post-thumbnail","6":"product_cat-semi-biologici","7":"product_cat-semi-di-frutta-e-verdura-biologici","8":"product_tag-eco","10":"first","11":"instock","12":"taxable","13":"shipping-taxable","14":"purchasable","15":"product-type-simple"},"acf":[],"_links":{"self":[{"href":"https:\/\/cultivers.es\/it\/wp-json\/wp\/v2\/product\/38854","targetHints":{"allow":["GET"]}}],"collection":[{"href":"https:\/\/cultivers.es\/it\/wp-json\/wp\/v2\/product"}],"about":[{"href":"https:\/\/cultivers.es\/it\/wp-json\/wp\/v2\/types\/product"}],"replies":[{"embeddable":true,"href":"https:\/\/cultivers.es\/it\/wp-json\/wp\/v2\/comments?post=38854"}],"wp:featuredmedia":[{"embeddable":true,"href":"https:\/\/cultivers.es\/it\/wp-json\/wp\/v2\/media\/32007"}],"wp:attachment":[{"href":"https:\/\/cultivers.es\/it\/wp-json\/wp\/v2\/media?parent=38854"}],"wp:term":[{"taxonomy":"product_brand","embeddable":true,"href":"https:\/\/cultivers.es\/it\/wp-json\/wp\/v2\/product_brand?post=38854"},{"taxonomy":"product_cat","embeddable":true,"href":"https:\/\/cultivers.es\/it\/wp-json\/wp\/v2\/product_cat?post=38854"},{"taxonomy":"product_tag","embeddable":true,"href":"https:\/\/cultivers.es\/it\/wp-json\/wp\/v2\/product_tag?post=38854"}],"curies":[{"name":"wp","href":"https:\/\/api.w.org\/{rel}","templated":true}]}}