{"id":38855,"date":"2024-08-21T10:28:27","date_gmt":"2024-08-21T10:28:27","guid":{"rendered":"https:\/\/cultivers.es\/abonos\/semi-di-pomodoro-biologici-gardeners-delight\/"},"modified":"2025-09-22T05:45:27","modified_gmt":"2025-09-22T05:45:27","slug":"semi-di-pomodoro-biologici-gardeners-delight","status":"publish","type":"product","link":"https:\/\/cultivers.es\/it\/fertilizzanti\/semi-di-pomodoro-biologici-gardeners-delight\/","title":{"rendered":"Semi di pomodoro Gardener&#8217;s Delight"},"content":{"rendered":"","protected":false},"excerpt":{"rendered":"<p>I semi di pomodoro biologico Gardener&#8217;s Delight ti permettono di coltivare uno dei pomodori ciliegini pi\u00f9 apprezzati per il suo sapore eccezionale e la facilit\u00e0 di coltivazione. Questa variet\u00e0 produce abbondanti grappoli di piccoli frutti rossi, dal sapore dolce ed equilibrato, ideali da consumare freschi o in insalata. <\/p>\n<ul>\n<li><strong>Gusto impareggiabile:<\/strong> il Pomodoro Gardener&#8217;s Delight \u00e8 noto per il suo sapore dolce e succoso, con una punta di acido che lo distingue dalle altre variet\u00e0 di pomodori ciliegini. \u00c8 ideale da gustare direttamente dalla pianta o per arricchire i tuoi piatti con il suo sapore delizioso. <\/li>\n<li><strong>Alta produttivit\u00e0:<\/strong> questa variet\u00e0 \u00e8 molto prolifica e produce piccoli grappoli uniformi di pomodori per tutta la stagione. \u00c8 perfetta per chi cerca un raccolto costante e abbondante nel proprio orto. <\/li>\n<li><strong>Facile da coltivare:<\/strong> il pomodoro Gardener&#8217;s Delight \u00e8 una scelta eccellente sia per i principianti che per i giardinieri esperti. Si tratta di una pianta resistente, che si adatta bene a climi e terreni diversi e risponde molto bene alla coltivazione in vaso o direttamente in terra. <\/li>\n<li><strong>Dimensioni perfette:<\/strong> i frutti di questa variet\u00e0 sono di piccole dimensioni, il che li rende ideali per insalate, snack salutari o come guarnizione di piatti pi\u00f9 elaborati. La loro buccia sottile e la polpa succosa li rendono un vero piacere da mangiare. <\/li>\n<li><strong>Coltivazione biologica:<\/strong> i nostri semi sono 100% biologici, il che garantisce una crescita naturale, senza l&#8217;uso di pesticidi o fertilizzanti chimici. Ideali per un giardino sostenibile ed ecologico. <\/li>\n<\/ul>\n<p>Coltiva il Pomodoro Gardener&#8217;s Delight e goditi la soddisfazione di raccogliere pomodorini freschi e gustosi direttamente dal tuo giardino. Con i nostri semi biologici, avrai una pianta produttiva e facile da curare, perfetta per aggiungere un tocco dolce e salutare ai tuoi pasti: ordina ora e inizia a coltivare il tuo tesoro di sapore!  <\/p>\n","protected":false},"featured_media":31949,"comment_status":"open","ping_status":"closed","template":"","meta":{"_acf_changed":false},"product_brand":[],"product_cat":[436,440],"product_tag":[1577],"woo-feed-brand":[],"class_list":{"0":"post-38855","1":"product","2":"type-product","3":"status-publish","4":"has-post-thumbnail","6":"product_cat-semi-biologici","7":"product_cat-semi-di-frutta-e-verdura-biologici","8":"product_tag-eco","10":"first","11":"instock","12":"taxable","13":"shipping-taxable","14":"purchasable","15":"product-type-simple"},"acf":[],"_links":{"self":[{"href":"https:\/\/cultivers.es\/it\/wp-json\/wp\/v2\/product\/38855","targetHints":{"allow":["GET"]}}],"collection":[{"href":"https:\/\/cultivers.es\/it\/wp-json\/wp\/v2\/product"}],"about":[{"href":"https:\/\/cultivers.es\/it\/wp-json\/wp\/v2\/types\/product"}],"replies":[{"embeddable":true,"href":"https:\/\/cultivers.es\/it\/wp-json\/wp\/v2\/comments?post=38855"}],"wp:featuredmedia":[{"embeddable":true,"href":"https:\/\/cultivers.es\/it\/wp-json\/wp\/v2\/media\/31949"}],"wp:attachment":[{"href":"https:\/\/cultivers.es\/it\/wp-json\/wp\/v2\/media?parent=38855"}],"wp:term":[{"taxonomy":"product_brand","embeddable":true,"href":"https:\/\/cultivers.es\/it\/wp-json\/wp\/v2\/product_brand?post=38855"},{"taxonomy":"product_cat","embeddable":true,"href":"https:\/\/cultivers.es\/it\/wp-json\/wp\/v2\/product_cat?post=38855"},{"taxonomy":"product_tag","embeddable":true,"href":"https:\/\/cultivers.es\/it\/wp-json\/wp\/v2\/product_tag?post=38855"},{"taxonomy":"woo-feed-brand","embeddable":true,"href":"https:\/\/cultivers.es\/it\/wp-json\/wp\/v2\/woo-feed-brand?post=38855"}],"curies":[{"name":"wp","href":"https:\/\/api.w.org\/{rel}","templated":true}]}}