{"id":38865,"date":"2024-08-23T12:21:32","date_gmt":"2024-08-23T12:21:32","guid":{"rendered":"https:\/\/cultivers.es\/abonos\/semi-di-girasole-sunset-semi-di-girasole-biologici-demeter\/"},"modified":"2025-09-22T04:50:05","modified_gmt":"2025-09-22T04:50:05","slug":"semi-di-girasole-sunset-semi-di-girasole-biologici-demeter","status":"publish","type":"product","link":"https:\/\/cultivers.es\/it\/fertilizzanti\/semi-di-girasole-sunset-semi-di-girasole-biologici-demeter\/","title":{"rendered":"Semi di girasole al tramonto Biodinamico Demeter"},"content":{"rendered":"","protected":false},"excerpt":{"rendered":"<p>I semi di girasole Sunset Organic di Demeter ti permettono di coltivare una spettacolare variet\u00e0 di girasole, nota per i suoi grandi e vibranti fiori arancioni e rossi che evocano il calore di un tramonto. Questa variet\u00e0 non solo abbellisce il tuo giardino, ma \u00e8 anche eccellente per attirare gli impollinatori, come api e farfalle, a vantaggio della biodiversit\u00e0 del tuo spazio verde. <\/p>\n<ul>\n<li><strong>Fioritura spettacolare:<\/strong> I girasoli del tramonto sono noti per i loro fiori di dimensioni medio-grandi, con petali di tonalit\u00e0 che vanno dall&#8217;arancione al rosso, creando un effetto visivo straordinario. Sono perfetti per le bordure dei giardini, come fiori recisi o semplicemente per godere della loro bellezza naturale. <\/li>\n<li><strong>Attraente per gli impollinatori:<\/strong> questa variet\u00e0 \u00e8 ideale per attirare api, farfalle e altri impollinatori essenziali per un giardino sano e produttivo. Il suo abbondante nettare contribuisce al benessere dell&#8217;ecosistema del tuo giardino. <\/li>\n<li><strong>Facile da coltivare:<\/strong> i girasoli del tramonto sono piante resistenti e a crescita rapida che si adattano bene a diversi tipi di terreno e condizioni climatiche, a patto che ricevano sufficiente luce solare. Sono ideali sia per i principianti che per i giardinieri esperti. <\/li>\n<li><strong>Altezza moderata<\/strong>: a differenza di altre variet\u00e0 di girasole, il Sunset raggiunge un&#8217;altezza moderata, che lo rende adatto a giardini di tutte le dimensioni, compresi quelli con spazio limitato.<\/li>\n<li><strong>Certificati Demeter:<\/strong> questi semi sono certificati Demeter come biologici, il che garantisce i pi\u00f9 alti standard di agricoltura biodinamica. Piantando questi semi, contribuisci a una coltivazione sostenibile ed ecologica. <\/li>\n<\/ul>\n<p>Trasforma il tuo giardino in uno spettacolo di colori con i semi di girasole Sunset Bio di Demeter. Goditi fiori radiosi che non solo abbelliscono il tuo spazio, ma favoriscono anche la biodiversit\u00e0 e l&#8217;equilibrio naturale del tuo giardino. Ordina oggi stesso e aggiungi un tocco di sole e vitalit\u00e0 al tuo giardino!  <\/p>\n","protected":false},"featured_media":32340,"comment_status":"open","ping_status":"closed","template":"","meta":{"_acf_changed":false},"product_brand":[],"product_cat":[436,1305,482],"product_tag":[1383],"class_list":{"0":"post-38865","1":"product","2":"type-product","3":"status-publish","4":"has-post-thumbnail","6":"product_cat-semi-biologici","7":"product_cat-semi-di-demeter","8":"product_cat-semi-di-fiori-commestibili-biologici","9":"product_tag-demeter-it","11":"first","12":"instock","13":"sale","14":"taxable","15":"shipping-taxable","16":"purchasable","17":"product-type-variable"},"acf":[],"_links":{"self":[{"href":"https:\/\/cultivers.es\/it\/wp-json\/wp\/v2\/product\/38865","targetHints":{"allow":["GET"]}}],"collection":[{"href":"https:\/\/cultivers.es\/it\/wp-json\/wp\/v2\/product"}],"about":[{"href":"https:\/\/cultivers.es\/it\/wp-json\/wp\/v2\/types\/product"}],"replies":[{"embeddable":true,"href":"https:\/\/cultivers.es\/it\/wp-json\/wp\/v2\/comments?post=38865"}],"wp:featuredmedia":[{"embeddable":true,"href":"https:\/\/cultivers.es\/it\/wp-json\/wp\/v2\/media\/32340"}],"wp:attachment":[{"href":"https:\/\/cultivers.es\/it\/wp-json\/wp\/v2\/media?parent=38865"}],"wp:term":[{"taxonomy":"product_brand","embeddable":true,"href":"https:\/\/cultivers.es\/it\/wp-json\/wp\/v2\/product_brand?post=38865"},{"taxonomy":"product_cat","embeddable":true,"href":"https:\/\/cultivers.es\/it\/wp-json\/wp\/v2\/product_cat?post=38865"},{"taxonomy":"product_tag","embeddable":true,"href":"https:\/\/cultivers.es\/it\/wp-json\/wp\/v2\/product_tag?post=38865"}],"curies":[{"name":"wp","href":"https:\/\/api.w.org\/{rel}","templated":true}]}}