{"id":38901,"date":"2024-09-11T13:36:20","date_gmt":"2024-09-11T13:36:20","guid":{"rendered":"https:\/\/cultivers.es\/abonos\/semi-di-prezzemolo-arricciati\/"},"modified":"2025-09-22T04:51:27","modified_gmt":"2025-09-22T04:51:27","slug":"semi-di-prezzemolo-arricciati","status":"publish","type":"product","link":"https:\/\/cultivers.es\/it\/fertilizzanti\/semi-di-prezzemolo-arricciati\/","title":{"rendered":"Semi di prezzemolo arricciati"},"content":{"rendered":"","protected":false},"excerpt":{"rendered":"<p>Aggiungi un tocco di freschezza e raffinatezza al tuo giardino con i nostri semi di prezzemolo riccio biologico. Questa variet\u00e0 di prezzemolo \u00e8 nota per le sue foglie densamente arricciate e di colore verde intenso che non solo aggiungono un sapore fresco e leggermente piccante ai tuoi piatti, ma sono anche decorative in qualsiasi giardino o cucina. \u00c8 perfetto per insalate, guarnizioni o come ingrediente di salse e zuppe.  <\/p>\n<ul>\n<li><strong>Foglie finemente arricciate: il<\/strong> prezzemolo riccio \u00e8 famoso per il suo fogliame densamente arricciato di colore verde brillante, ideale per guarnire i tuoi piatti o per essere utilizzato fresco in insalate, zuppe, stufati e salse.<\/li>\n<li><strong>Sapore fresco e versatile:<\/strong> il suo sapore fresco e leggermente piccante lo rende il complemento perfetto per una variet\u00e0 di piatti. \u00c8 anche una ricca fonte di vitamina C, A e K, che apporta importanti benefici nutrizionali. <\/li>\n<li><strong>Crescita facile e veloce:<\/strong> questa variet\u00e0 \u00e8 facile da coltivare e cresce rapidamente in un&#8217;ampia gamma di climi e terreni. \u00c8 ideale sia per i principianti che per i giardinieri pi\u00f9 esperti. <\/li>\n<li><strong>Pianta decorativa:<\/strong> oltre a essere un ingrediente essenziale in cucina, il prezzemolo riccio \u00e8 una pianta attraente per giardini di erbe aromatiche, aiuole o anche per vasi da balcone o da terrazzo.<\/li>\n<li><strong>Coltivazione biologica:<\/strong> i nostri semi sono 100% biologici, coltivati senza l&#8217;uso di pesticidi o fertilizzanti chimici, il che garantisce un prodotto sano ed ecologico.<\/li>\n<\/ul>\n<p>Aggiungi sapore, freschezza ed eleganza al tuo giardino e alla tua cucina con i nostri semi di prezzemolo riccio biologico: ordina oggi stesso e goditi un raccolto sano e facile da coltivare, perfetto per qualsiasi piatto! <\/p>\n","protected":false},"featured_media":33985,"comment_status":"open","ping_status":"closed","template":"","meta":{"_acf_changed":false},"product_brand":[],"product_cat":[732,436],"product_tag":[1577],"class_list":{"0":"post-38901","1":"product","2":"type-product","3":"status-publish","4":"has-post-thumbnail","6":"product_cat-semi-aromatici-biologici","7":"product_cat-semi-biologici","8":"product_tag-eco","10":"first","11":"instock","12":"taxable","13":"shipping-taxable","14":"purchasable","15":"product-type-simple"},"acf":[],"_links":{"self":[{"href":"https:\/\/cultivers.es\/it\/wp-json\/wp\/v2\/product\/38901","targetHints":{"allow":["GET"]}}],"collection":[{"href":"https:\/\/cultivers.es\/it\/wp-json\/wp\/v2\/product"}],"about":[{"href":"https:\/\/cultivers.es\/it\/wp-json\/wp\/v2\/types\/product"}],"replies":[{"embeddable":true,"href":"https:\/\/cultivers.es\/it\/wp-json\/wp\/v2\/comments?post=38901"}],"wp:featuredmedia":[{"embeddable":true,"href":"https:\/\/cultivers.es\/it\/wp-json\/wp\/v2\/media\/33985"}],"wp:attachment":[{"href":"https:\/\/cultivers.es\/it\/wp-json\/wp\/v2\/media?parent=38901"}],"wp:term":[{"taxonomy":"product_brand","embeddable":true,"href":"https:\/\/cultivers.es\/it\/wp-json\/wp\/v2\/product_brand?post=38901"},{"taxonomy":"product_cat","embeddable":true,"href":"https:\/\/cultivers.es\/it\/wp-json\/wp\/v2\/product_cat?post=38901"},{"taxonomy":"product_tag","embeddable":true,"href":"https:\/\/cultivers.es\/it\/wp-json\/wp\/v2\/product_tag?post=38901"}],"curies":[{"name":"wp","href":"https:\/\/api.w.org\/{rel}","templated":true}]}}