{"id":38902,"date":"2024-09-11T13:42:12","date_gmt":"2024-09-11T13:42:12","guid":{"rendered":"https:\/\/cultivers.es\/abonos\/cavolfiore-di-sicilia-violetto-semi-biologici\/"},"modified":"2025-11-10T14:01:46","modified_gmt":"2025-11-10T14:01:46","slug":"cavolfiore-di-sicilia-violetto-semi-biologici","status":"publish","type":"product","link":"https:\/\/cultivers.es\/it\/fertilizzanti\/cavolfiore-di-sicilia-violetto-semi-biologici\/","title":{"rendered":"Semi di cavolfiore Di Sicilia Violetto"},"content":{"rendered":"","protected":false},"excerpt":{"rendered":"<p>Aggiungi un tocco di colore vivace e di sapore delizioso al tuo orto con i nostri semi di cavolfiore biologico Di Sicilia Violetto. Questa variet\u00e0 tradizionale italiana si distingue per le sue teste di colore viola e per il suo sapore delicato, perfetto per una grande variet\u00e0 di piatti. Oltre alla sua bellezza visiva, il cavolfiore Di Sicilia Violetto \u00e8 ricco di sostanze nutritive, il che lo rende una scelta sana e nutriente per il tuo orto.  <\/p>\n<ul>\n<li><strong>Colore viola shocking:<\/strong> questa variet\u00e0 di cavolfiore \u00e8 caratterizzata da teste di colore viola intenso, che non solo sono attraenti nell&#8217;orto, ma danno anche un tocco speciale ai tuoi piatti.<\/li>\n<li><strong>Sapore dolce e delicato: il<\/strong> cavolfiore Di Sicilia Violetto ha un sapore pi\u00f9 dolce e delicato rispetto ad altre variet\u00e0 di cavolfiore, il che lo rende ideale per insalate, piatti al vapore, stufati e soffritti.<\/li>\n<li><strong>Ricco di antiossidanti:<\/strong> Grazie al suo colore viola, questo cavolfiore \u00e8 ricco di antociani, antiossidanti che aiutano a combattere lo stress ossidativo e a promuovere la salute.<\/li>\n<li><strong>Facile da coltivare:<\/strong> questa variet\u00e0 \u00e8 resistente e si adatta bene a una variet\u00e0 di climi e terreni, rendendola ideale per i giardinieri di qualsiasi livello di esperienza.<\/li>\n<li><strong>Coltivazione biologica:<\/strong> i nostri semi di cavolfiore Di Sicilia Violetto sono 100% biologici, garantendo una coltivazione priva di pesticidi e prodotti chimici, rispettosa dell&#8217;ambiente e benefica per la tua salute.<\/li>\n<\/ul>\n<p>Aggiungi colore, sapore e salute al tuo orto con i nostri semi di cavolfiore biologici Di Sicilia Violetto. Goditi un raccolto bello e nutriente e coltiva in modo sostenibile: ordina oggi stesso e porta la tradizione italiana nel tuo orto e sulla tua tavola!  <\/p>\n","protected":false},"featured_media":33992,"comment_status":"open","ping_status":"closed","template":"","meta":{"_acf_changed":false},"product_brand":[],"product_cat":[436,437],"product_tag":[1577],"woo-feed-brand":[],"class_list":{"0":"post-38902","1":"product","2":"type-product","3":"status-publish","4":"has-post-thumbnail","6":"product_cat-semi-biologici","7":"product_cat-semi-di-brassica-biologici","8":"product_tag-eco","10":"first","11":"instock","12":"taxable","13":"shipping-taxable","14":"purchasable","15":"product-type-simple"},"acf":[],"_links":{"self":[{"href":"https:\/\/cultivers.es\/it\/wp-json\/wp\/v2\/product\/38902","targetHints":{"allow":["GET"]}}],"collection":[{"href":"https:\/\/cultivers.es\/it\/wp-json\/wp\/v2\/product"}],"about":[{"href":"https:\/\/cultivers.es\/it\/wp-json\/wp\/v2\/types\/product"}],"replies":[{"embeddable":true,"href":"https:\/\/cultivers.es\/it\/wp-json\/wp\/v2\/comments?post=38902"}],"wp:featuredmedia":[{"embeddable":true,"href":"https:\/\/cultivers.es\/it\/wp-json\/wp\/v2\/media\/33992"}],"wp:attachment":[{"href":"https:\/\/cultivers.es\/it\/wp-json\/wp\/v2\/media?parent=38902"}],"wp:term":[{"taxonomy":"product_brand","embeddable":true,"href":"https:\/\/cultivers.es\/it\/wp-json\/wp\/v2\/product_brand?post=38902"},{"taxonomy":"product_cat","embeddable":true,"href":"https:\/\/cultivers.es\/it\/wp-json\/wp\/v2\/product_cat?post=38902"},{"taxonomy":"product_tag","embeddable":true,"href":"https:\/\/cultivers.es\/it\/wp-json\/wp\/v2\/product_tag?post=38902"},{"taxonomy":"woo-feed-brand","embeddable":true,"href":"https:\/\/cultivers.es\/it\/wp-json\/wp\/v2\/woo-feed-brand?post=38902"}],"curies":[{"name":"wp","href":"https:\/\/api.w.org\/{rel}","templated":true}]}}