{"id":38911,"date":"2024-09-11T13:51:24","date_gmt":"2024-09-11T13:51:24","guid":{"rendered":"https:\/\/cultivers.es\/abonos\/semi-di-coriandolo-bianco-biologico\/"},"modified":"2025-09-22T04:51:27","modified_gmt":"2025-09-22T04:51:27","slug":"semi-di-coriandolo-bianco-biologico","status":"publish","type":"product","link":"https:\/\/cultivers.es\/it\/fertilizzanti\/semi-di-coriandolo-bianco-biologico\/","title":{"rendered":"Semi di coriandolo bianco biologico"},"content":{"rendered":"","protected":false},"excerpt":{"rendered":"<p>Trasforma il tuo giardino o il tuo orto con i nostri semi organici di coriandolo bianco. Questa pianta perenne \u00e8 nota per i suoi delicati fiori bianchi e per la sua capacit\u00e0 di attirare impollinatori come api e farfalle, migliorando la biodiversit\u00e0 del tuo spazio verde. Ideale per i giardini naturali e i prati fioriti, l&#8217;erba mucca bianca \u00e8 apprezzata sia per il suo valore ornamentale che per il suo contributo ecologico.  <\/p>\n<ul>\n<li><strong>Fiori bianchi delicati: la<\/strong> pianta di mucca bianca produce piccoli fiori bianchi che aggiungono un tocco morbido e naturale a qualsiasi giardino, creando un&#8217;atmosfera calma e attraente.<\/li>\n<li><strong>Attraente per gli impollinatori:<\/strong> questa pianta \u00e8 eccellente per attirare api, farfalle e altri impollinatori, contribuendo a mantenere la biodiversit\u00e0 e la salute ecologica del tuo giardino o frutteto.<\/li>\n<li><strong>Facile da coltivare: l&#8217;<\/strong> erba bianca \u00e8 una perenne resistente che si adatta bene a diversi tipi di terreno e condizioni climatiche. \u00c8 ideale per giardini a bassa manutenzione, prati naturali o bordure di fiori. <\/li>\n<li><strong>Ideale per i giardini selvatici:<\/strong> la sua crescita naturale e poco esigente la rende una scelta eccellente per i giardini selvatici o per le aree di copertura vegetale, dove la sua presenza migliora l&#8217;ecosistema.<\/li>\n<li><strong>Coltivazione biologica:<\/strong> i nostri semi sono al 100% biologici e garantiscono che il tuo giardino sia privo di pesticidi e sostanze chimiche, promuovendo una coltivazione rispettosa dell&#8217;ambiente.<\/li>\n<\/ul>\n<p>Dai vita e biodiversit\u00e0 al tuo giardino o al tuo orto con i semi di erba di mucca bianca biologica. Attraente, facile da coltivare e benefica per l&#8217;ambiente, questa pianta sar\u00e0 un&#8217;ottima aggiunta al tuo spazio naturale: ordina oggi stesso e inizia a goderti un giardino ecologico pieno di vita!  <\/p>\n","protected":false},"featured_media":34006,"comment_status":"open","ping_status":"closed","template":"","meta":{"_acf_changed":false},"product_brand":[],"product_cat":[436,484],"product_tag":[1577],"woo-feed-brand":[],"class_list":{"0":"post-38911","1":"product","2":"type-product","3":"status-publish","4":"has-post-thumbnail","6":"product_cat-semi-biologici","7":"product_cat-semi-di-fiori-biologici","8":"product_tag-eco","10":"first","11":"instock","12":"taxable","13":"shipping-taxable","14":"purchasable","15":"product-type-simple"},"acf":[],"_links":{"self":[{"href":"https:\/\/cultivers.es\/it\/wp-json\/wp\/v2\/product\/38911","targetHints":{"allow":["GET"]}}],"collection":[{"href":"https:\/\/cultivers.es\/it\/wp-json\/wp\/v2\/product"}],"about":[{"href":"https:\/\/cultivers.es\/it\/wp-json\/wp\/v2\/types\/product"}],"replies":[{"embeddable":true,"href":"https:\/\/cultivers.es\/it\/wp-json\/wp\/v2\/comments?post=38911"}],"wp:featuredmedia":[{"embeddable":true,"href":"https:\/\/cultivers.es\/it\/wp-json\/wp\/v2\/media\/34006"}],"wp:attachment":[{"href":"https:\/\/cultivers.es\/it\/wp-json\/wp\/v2\/media?parent=38911"}],"wp:term":[{"taxonomy":"product_brand","embeddable":true,"href":"https:\/\/cultivers.es\/it\/wp-json\/wp\/v2\/product_brand?post=38911"},{"taxonomy":"product_cat","embeddable":true,"href":"https:\/\/cultivers.es\/it\/wp-json\/wp\/v2\/product_cat?post=38911"},{"taxonomy":"product_tag","embeddable":true,"href":"https:\/\/cultivers.es\/it\/wp-json\/wp\/v2\/product_tag?post=38911"},{"taxonomy":"woo-feed-brand","embeddable":true,"href":"https:\/\/cultivers.es\/it\/wp-json\/wp\/v2\/woo-feed-brand?post=38911"}],"curies":[{"name":"wp","href":"https:\/\/api.w.org\/{rel}","templated":true}]}}