{"id":38920,"date":"2024-09-12T13:30:06","date_gmt":"2024-09-12T13:30:06","guid":{"rendered":"https:\/\/cultivers.es\/abonos\/semi-di-finocchio-geant-mammouth-perfection-semi-di-finocchio-biologici\/"},"modified":"2025-09-22T04:53:05","modified_gmt":"2025-09-22T04:53:05","slug":"semi-di-finocchio-geant-mammouth-perfection-semi-di-finocchio-biologici","status":"publish","type":"product","link":"https:\/\/cultivers.es\/it\/fertilizzanti\/semi-di-finocchio-geant-mammouth-perfection-semi-di-finocchio-biologici\/","title":{"rendered":"Semi di finocchio G\u00e9ant Mammouth Perfection"},"content":{"rendered":"","protected":false},"excerpt":{"rendered":"<p>Aggiungi un tocco di freschezza e distinzione al tuo giardino con i nostri semi di finocchio G\u00e9ant Mammouth Perfection biologici. Questa variet\u00e0 di finocchio \u00e8 caratterizzata da bulbi di grandi dimensioni, con una consistenza croccante e un sapore di anice, ideale per un&#8217;ampia gamma di preparazioni culinarie. Coltiva finocchi di dimensioni straordinarie e gustali in insalate, stufati o arrosti per deliziare il tuo palato con il loro aroma delicato e il loro sapore squisito.  <\/p>\n<ul>\n<li><strong>Dimensioni straordinarie:<\/strong> il finocchio G\u00e9ant Mammouth Perfection si distingue per i suoi grandi bulbi, perfetti per chi cerca un finocchio robusto e produttivo, che eccelle sia in giardino che in cucina.<\/li>\n<li><strong>Sapore morbido e di anice:<\/strong> il suo delicato sapore di anice lo rende un ingrediente versatile per insalate fresche, piatti alla griglia o gratin. La sua consistenza croccante e il suo aroma fresco lo rendono indispensabile nella cucina mediterranea. <\/li>\n<li><strong>Facile da coltivare:<\/strong> questa variet\u00e0 di finocchio \u00e8 resistente e facile da coltivare in una variet\u00e0 di climi e terreni, il che la rende ideale per i principianti e i giardinieri esperti. Richiede un&#8217;irrigazione moderata e un buon drenaggio. <\/li>\n<li><strong>Ricco di nutrienti:<\/strong> Il finocchio \u00e8 un&#8217;ottima fonte di fibre, vitamina C, potassio e antiossidanti, che lo rendono un alimento sano e nutriente da includere nella tua dieta quotidiana.<\/li>\n<li><strong>Coltivazione biologica:<\/strong> i nostri semi sono 100% biologici, il che garantisce che il tuo finocchio cresca senza pesticidi o fertilizzanti chimici, promuovendo un&#8217;alimentazione sana e un giardino sostenibile.<\/li>\n<\/ul>\n<p>Coltiva finocchi grandi ed eccezionalmente saporiti con i nostri semi di finocchio biologico G\u00e9ant Mammouth Perfection. Aggiungi freschezza e nutrimento alla tua tavola con questo ortaggio versatile: ordina oggi stesso e goditi un raccolto sano e abbondante dal tuo orto biologico!  <\/p>\n","protected":false},"featured_media":34032,"comment_status":"open","ping_status":"closed","template":"","meta":{"_acf_changed":false},"product_brand":[],"product_cat":[436,441],"product_tag":[1577],"woo-feed-brand":[],"class_list":{"0":"post-38920","1":"product","2":"type-product","3":"status-publish","4":"has-post-thumbnail","6":"product_cat-semi-biologici","7":"product_cat-semi-di-radice-biologici","8":"product_tag-eco","10":"first","11":"instock","12":"sale","13":"taxable","14":"shipping-taxable","15":"purchasable","16":"product-type-simple"},"acf":[],"_links":{"self":[{"href":"https:\/\/cultivers.es\/it\/wp-json\/wp\/v2\/product\/38920","targetHints":{"allow":["GET"]}}],"collection":[{"href":"https:\/\/cultivers.es\/it\/wp-json\/wp\/v2\/product"}],"about":[{"href":"https:\/\/cultivers.es\/it\/wp-json\/wp\/v2\/types\/product"}],"replies":[{"embeddable":true,"href":"https:\/\/cultivers.es\/it\/wp-json\/wp\/v2\/comments?post=38920"}],"wp:featuredmedia":[{"embeddable":true,"href":"https:\/\/cultivers.es\/it\/wp-json\/wp\/v2\/media\/34032"}],"wp:attachment":[{"href":"https:\/\/cultivers.es\/it\/wp-json\/wp\/v2\/media?parent=38920"}],"wp:term":[{"taxonomy":"product_brand","embeddable":true,"href":"https:\/\/cultivers.es\/it\/wp-json\/wp\/v2\/product_brand?post=38920"},{"taxonomy":"product_cat","embeddable":true,"href":"https:\/\/cultivers.es\/it\/wp-json\/wp\/v2\/product_cat?post=38920"},{"taxonomy":"product_tag","embeddable":true,"href":"https:\/\/cultivers.es\/it\/wp-json\/wp\/v2\/product_tag?post=38920"},{"taxonomy":"woo-feed-brand","embeddable":true,"href":"https:\/\/cultivers.es\/it\/wp-json\/wp\/v2\/woo-feed-brand?post=38920"}],"curies":[{"name":"wp","href":"https:\/\/api.w.org\/{rel}","templated":true}]}}