{"id":38928,"date":"2024-09-26T13:36:23","date_gmt":"2024-09-26T13:36:23","guid":{"rendered":"https:\/\/cultivers.es\/abonos\/semi-di-spinaci-biologici-della-nuova-zelanda\/"},"modified":"2025-09-22T04:51:34","modified_gmt":"2025-09-22T04:51:34","slug":"semi-di-spinaci-biologici-della-nuova-zelanda","status":"publish","type":"product","link":"https:\/\/cultivers.es\/it\/fertilizzanti\/semi-di-spinaci-biologici-della-nuova-zelanda\/","title":{"rendered":"Semi di spinaci biodinamici neozelandesi Demeter"},"content":{"rendered":"","protected":false},"excerpt":{"rendered":"<p>Coltiva una variet\u00e0 nutriente e resistente con i nostri semi di spinaci biologici della Nuova Zelanda. Questa pianta \u00e8 perfetta per i mesi pi\u00f9 caldi, poich\u00e9 tollera bene il calore e non germoglia rapidamente come altre variet\u00e0 di spinaci. Con le sue foglie spesse e il suo sapore delicato, lo spinacio neozelandese \u00e8 ideale per insalate, stufati e soffritti, aggiungendo un tocco fresco e salutare ai tuoi piatti.  <\/p>\n<ul>\n<li><strong>Resistente al calore:<\/strong> a differenza degli spinaci tradizionali, lo spinacio neozelandese \u00e8 ideale per i climi caldi, in quanto pu\u00f2 sopportare temperature pi\u00f9 elevate senza perdere qualit\u00e0. \u00c8 perfetto per essere coltivato durante l&#8217;estate. <\/li>\n<li><strong>Foglie spesse e saporite:<\/strong> questa variet\u00e0 produce foglie carnose e croccanti, dal sapore delicato e leggermente dolce, ideali da consumare crude in insalata o cotte in umido o saltate in padella.<\/li>\n<li><strong>Facile da coltivare:<\/strong> lo spinacio neozelandese richiede poca manutenzione ed \u00e8 molto facile da coltivare in un&#8217;ampia gamma di terreni e climi. \u00c8 una pianta strisciante che pu\u00f2 crescere bene anche in vaso, il che la rende ideale per gli orti urbani. <\/li>\n<li><strong>Produzione continua:<\/strong> una volta stabilita, questa pianta offre una produzione fogliare continua, che garantisce un raccolto abbondante durante tutta la stagione calda.<\/li>\n<li><strong>Coltivazione biologica:<\/strong> i nostri semi sono 100% biologici, privi di pesticidi e sostanze chimiche, il che garantisce un raccolto sano ed ecologico.<\/li>\n<\/ul>\n<p>Goditi la freschezza e la versatilit\u00e0 degli Spinaci della Nuova Zelanda nel tuo orto biologico. Resistente, facile da coltivare e perfetta per i climi caldi, questa variet\u00e0 ti fornir\u00e0 foglie fresche e sane per tutta la stagione. <\/p>\n","protected":false},"featured_media":34622,"comment_status":"open","ping_status":"closed","template":"","meta":{"_acf_changed":false},"product_brand":[],"product_cat":[436,1305,488],"product_tag":[1383],"class_list":{"0":"post-38928","1":"product","2":"type-product","3":"status-publish","4":"has-post-thumbnail","6":"product_cat-semi-biologici","7":"product_cat-semi-di-demeter","8":"product_cat-semi-di-ortaggi-a-foglia-biologici","9":"product_tag-demeter-it","11":"first","12":"instock","13":"taxable","14":"shipping-taxable","15":"purchasable","16":"product-type-simple"},"acf":[],"_links":{"self":[{"href":"https:\/\/cultivers.es\/it\/wp-json\/wp\/v2\/product\/38928","targetHints":{"allow":["GET"]}}],"collection":[{"href":"https:\/\/cultivers.es\/it\/wp-json\/wp\/v2\/product"}],"about":[{"href":"https:\/\/cultivers.es\/it\/wp-json\/wp\/v2\/types\/product"}],"replies":[{"embeddable":true,"href":"https:\/\/cultivers.es\/it\/wp-json\/wp\/v2\/comments?post=38928"}],"wp:featuredmedia":[{"embeddable":true,"href":"https:\/\/cultivers.es\/it\/wp-json\/wp\/v2\/media\/34622"}],"wp:attachment":[{"href":"https:\/\/cultivers.es\/it\/wp-json\/wp\/v2\/media?parent=38928"}],"wp:term":[{"taxonomy":"product_brand","embeddable":true,"href":"https:\/\/cultivers.es\/it\/wp-json\/wp\/v2\/product_brand?post=38928"},{"taxonomy":"product_cat","embeddable":true,"href":"https:\/\/cultivers.es\/it\/wp-json\/wp\/v2\/product_cat?post=38928"},{"taxonomy":"product_tag","embeddable":true,"href":"https:\/\/cultivers.es\/it\/wp-json\/wp\/v2\/product_tag?post=38928"}],"curies":[{"name":"wp","href":"https:\/\/api.w.org\/{rel}","templated":true}]}}